
{"id":12483,"date":"2025-02-06T16:24:15","date_gmt":"2025-02-06T16:24:15","guid":{"rendered":"https:\/\/www.electoralcommission.ie\/straiteis-oideachais-agus-rannphairtiocht-an-phobail\/"},"modified":"2025-02-07T16:37:11","modified_gmt":"2025-02-07T16:37:11","slug":"straiteis-oideachais-agus-rannphairtiocht-an-phobail","status":"publish","type":"page","link":"https:\/\/www.electoralcommission.ie\/ga\/straiteis-oideachais-agus-rannphairtiocht-an-phobail\/","title":{"rendered":"Strait\u00e9is Oideachais agus Rannph\u00e1irt\u00edocht an Phobail"},"content":{"rendered":"\n<div class=\"wp-block-uagb-advanced-heading uagb-block-1b3b39b2\"><h2 class=\"uagb-heading-text\"><strong>Forl\u00e9argas<\/strong><\/h2><div class=\"uagb-separator\"><\/div><\/div>\n\n\n\n<p>T\u00e1 \u00c9ire ar cheann de na daonlathais lean\u00fanacha is sine ar domhan. Mar n\u00e1isi\u00fan, t\u00e1imid i mbun daonlathas rannph\u00e1irt\u00edoch le breis agus c\u00e9ad bliain. Leis an stair fhada sin de dhaoine in \u00c9irinn ag v\u00f3t\u00e1il i dtoghch\u00e1in agus i reifrinn, tugtar deis do gach duine at\u00e1 ina theideal a rogha a chur in i\u00fal in olltoghch\u00e1in, toghch\u00e1in \u00e1iti\u00fala agus toghch\u00e1in Eorpacha, pobalbhreitheanna agus reifrinn. Agus sna himeachta\u00ed sin, b\u00edonn guth gach duine ar comhch\u00e9im. Sin \u00e9 bua m\u00f3r an daonlathais. B\u00edonn gach v\u00f3ta a chaitear ar comhch\u00e9im.<\/p>\n\n\n\n<p>Ach n\u00ed f\u00e9idir linn talamh sl\u00e1n a dh\u00e9anamh de sin, n\u00e1 a cheapadh go mbeidh \u00e1r rannph\u00e1irt\u00edocht dhaonlathach amach anseo mar a bh\u00ed roimhe seo i gc\u00f3na\u00ed. Ar cheann de na feidhmeanna is t\u00e1bhachta\u00ed agus is d\u00fashl\u00e1na\u00ed at\u00e1 ag an gCoimisi\u00fan Toghch\u00e1in t\u00e1 rannph\u00e1irteachas daonlathach a spreagadh sa l\u00e9iri\u00fa is bun\u00fasa\u00ed de, v\u00f3ta a chaitheamh sa bhoth\u00e1n v\u00f3t\u00e1la. \r\n<\/p>\n\n\n\n<p>T\u00e1 \u00e1r gcuid spriocanna simpl\u00ed:<\/p>\n\n\n\n<ul class=\"wp-block-list\">\n<li>ba cheart go mbeadh gach duine at\u00e1 inch\u00e1ilithe le v\u00f3ta a chaitheamh ar chl\u00e1r na dtoghth\u00f3ir\u00ed;<\/li>\n\n\n\n<li>ba cheart go dtuigfeadh daoine an chaoi le v\u00f3ta a chaitheamh agus an chaoi a n-oibr\u00edonn a v\u00f3ta; agus<\/li>\n\n\n\n<li>ba cheart do gach duine ar an gcl\u00e1r v\u00f3ta a chaitheamh i ngach imeacht toghch\u00e1in. <\/li>\n<\/ul>\n\n\n\n<p>Bh\u00ed n\u00edos m\u00f3 imeachta\u00ed toghch\u00e1in in 2024 n\u00e1 bliain ar bith eile \u00f3 buna\u00edodh an st\u00e1t. Caitheadh gar do 9 milli\u00fan v\u00f3ta sa t\u00edr seo. Ach ba l\u00e9ir nach raibh an leibh\u00e9al rannph\u00e1irt\u00edochta chomh hard agus ba mhaith linn. T\u00e1 go leor c\u00faiseanna f\u00e9ideartha leis sin, agus n\u00ed f\u00e9idir an rogha a dh\u00e9anann gach duine ar leith cl\u00e1r\u00fa n\u00f3 gan cl\u00e1r\u00fa, v\u00f3t\u00e1il n\u00f3 gan v\u00f3t\u00e1il, a thuiscint n\u00e1 a mh\u00edni\u00fa. T\u00e1 fianaise ar f\u00e1il go hidirn\u00e1isi\u00fanta go bhfuil laghd\u00fa ginear\u00e1lta ar rannph\u00e1irt\u00edocht na v\u00f3t\u00e1laithe in go leor t\u00edortha agus t\u00e1 roinnt fianaise ar threochta\u00ed d\u00e1 leith\u00e9id in \u00c9irinn freisin. <\/p>\n\n\n\n<p>T\u00e1 an Coimisi\u00fan Toghch\u00e1in, coimisi\u00fan neamhsple\u00e1ch toghch\u00e1in na h\u00c9ireann, ag ullmh\u00fa Strait\u00e9ise chun iarracht a dh\u00e9anamh daoine a spreagadh le bheith n\u00edos rannph\u00e1irt\u00ed in\u00e1r bpr\u00f3iseas daonlathais.   Ba mhaith linn cur leis an obair at\u00e1 ar bun cheana f\u00e9in. Ba mhaith linn oideachas agus eolas a chur ar f\u00e1il faoi phr\u00f3isis toghch\u00e1in agus dhaonlathacha na h\u00c9ireann. Ba mhaith linn go nd\u00e9arfadh daoine linn c\u00e9ard a cheapann siadsan ba cheart a tharl\u00fa. Agus ba mhaith linn go n-inseodh daoine nach gcaitheann v\u00f3ta linn c\u00e9n f\u00e1th nach gcaitheann siad v\u00f3ta. <\/p>\n\n\n\n<p>Ba mhaith linn go n-\u00fas\u00e1idfeadh daoine \u00f3 gach cuid den tsocha\u00ed, \u00f3 gach aicme agus c\u00falra in \u00c9irinn a nguth agus v\u00f3ta a chaitheamh i dtoghch\u00e1in agus reifrinn.<\/p>\n\n\n\n<p>N\u00edl aon amhras orainn ach go mbeidh s\u00e9 seo ar cheann de na ceisteanna is d\u00fashl\u00e1na\u00ed agus is casta a bheidh le s\u00e1r\u00fa ag an gCoimisi\u00fan. C\u00e9 go n-admha\u00edmid go bhf\u00e9adfadh an dul chun cinn a bheith mall, is d\u00fashl\u00e1n \u00e9 seo a chuireamar romhainn f\u00e9in agus a dteasta\u00edonn c\u00fanamh uainn uait ina leith. <\/p>\n\n\n\n<div style=\"height:29px\" aria-hidden=\"true\" class=\"wp-block-spacer\"><\/div>\n\n\n\n<div class=\"wp-block-uagb-advanced-heading uagb-block-d8ff0937\"><h2 class=\"uagb-heading-text\"><strong>C\u00fanamh uaitse<\/strong><\/h2><div class=\"uagb-separator\"><\/div><\/div>\n\n\n\n<p>Is cuma m\u00e1 chaith t\u00fa v\u00f3ta i ngach toghch\u00e1n n\u00f3 n\u00e1r chaith t\u00fa v\u00f3ta riamh cheana, ba mhaith linn cloiste\u00e1il uaitse.<\/p>\n\n\n\n<p>An bhfuil smaoineamh iontach n\u00f3 simpl\u00ed agat faoin gcaoi a bhf\u00e9adfaimis cabhr\u00fa le daoine a bheith n\u00edos rannph\u00e1irt\u00ed in\u00e1r gc\u00f3ras daonlathach? <\/p>\n\n\n\n<p>Ba mhaith linn cloiste\u00e1il uait. Daoine aonair, gr\u00fapa\u00ed, eagra\u00edochta\u00ed, daoine i seomra\u00ed ranga, idir \u00f3g agus aosta agus gach duine idir eatarthu. <\/p>\n\n\n\n<div style=\"height:25px\" aria-hidden=\"true\" class=\"wp-block-spacer\"><\/div>\n\n\n\n<div class=\"wp-block-uagb-advanced-heading uagb-block-9a793b61\"><h2 class=\"uagb-heading-text\"><strong>Gn\u00edomh seo againne:<\/strong><\/h2><div class=\"uagb-separator\"><\/div><\/div>\n\n\n\n<p>Is f\u00fainne at\u00e1 s\u00e9, le c\u00fanamh uaitse, t\u00fas a chur le strait\u00e9is fhadt\u00e9armach chun iarracht a dh\u00e9anamh aghaidh a thabhairt ar na ceisteanna a shainaithn\u00edomar i gceithre r\u00e9imse tosaigh chun \u00e1r n-iarrachta\u00ed a threor\u00fa:<\/p>\n\n\n\n<div class=\"wp-block-uagb-advanced-heading uagb-block-060ece6f\"><h3 class=\"uagb-heading-text\"><strong>Oideachas foirmi\u00fail <\/strong><\/h3><\/div>\n\n\n\n<p>T\u00e1 s\u00e9 d\u2019aidhm againn cabhr\u00fa le scol\u00e1ir\u00ed a dh\u00e9anamh rannph\u00e1irteach sna pr\u00f3isis dhaonlathacha agus \u00e9 d\u2019aidhm leis sin iad a spreagadh le cl\u00e1r\u00fa agus tos\u00fa ag v\u00f3t\u00e1il a luaithe a bh\u00edonn 18 mbliana sl\u00e1naithe acu. <\/p>\n\n\n\n<div class=\"wp-block-uagb-advanced-heading uagb-block-68135751\"><h3 class=\"uagb-heading-text\"><strong>Oideachas aosach agus pobail<\/strong><\/h3><\/div>\n\n\n\n<p>T\u00e1 na m\u00edlte daoine ar fud na h\u00c9ireann p\u00e1irteach i ngr\u00fapa\u00ed spleodracha oideachais aosach agus pobail.  Creideann an Coimisi\u00fan go bhf\u00e9adfa\u00ed iad si\u00fad a \u00fas\u00e1id mar bheala\u00ed t\u00e1bhachtacha chun dul i gcion ar go leor de na daoine nach bhfuil s\u00e9 de n\u00f3s acu a bheith p\u00e1irteach i ngn\u00edomha\u00edocht dhaonlathach. <\/p>\n\n\n\n<div class=\"wp-block-uagb-advanced-heading uagb-block-1f06b16a\"><h3 class=\"uagb-heading-text\"><strong>Gr\u00fapa\u00ed a mb\u00edonn constaic\u00ed sa bhealach orthu<\/strong><\/h3><\/div>\n\n\n\n<p>T\u00e1 go leor daoine agus gr\u00fapa\u00ed sa tsocha\u00ed a mhotha\u00edonn go bhfuil siad scoite amach \u00f3n gc\u00f3ras toghch\u00e1in. Bhuaileamar le gr\u00fapa\u00ed \u00e9ags\u00fala, ina measc daoine at\u00e1 faoi mh\u00edchumas, imircigh, an Lucht Si\u00fail, iad si\u00fad a ch\u00f3na\u00edonn i nd\u00edothacht sh\u00f3isialta, iad si\u00fad at\u00e1 i gceantair iarg\u00falta faoin tuath, iad si\u00fad at\u00e1 gan d\u00eddean, agus daoine \u00f3ga. Teasta\u00edonn \u00f3n gCoimisi\u00fan cabhr\u00fa le rannph\u00e1irteachas daonlathach na ngr\u00fapa\u00ed sin tr\u00ed chabhr\u00fa le pl\u00e9 a spreagadh, constaic\u00ed a bhaint agus rochtain ar eolas a shol\u00e1thar. <\/p>\n\n\n\n<div class=\"wp-block-uagb-advanced-heading uagb-block-30c1fe46\"><h3 class=\"uagb-heading-text\"><strong>Rannph\u00e1irt\u00edocht an phobail n\u00e1isi\u00fanta <\/strong><\/h3><\/div>\n\n\n\n<p>Is cuid d\u00e1r ndaonlathas gach duine in \u00c9irinn. Teasta\u00edonn uainn a chinnti\u00fa go nascaimid le raon chomh leathan den tsocha\u00ed agus is f\u00e9idir, ach ag f\u00e9achaint ar thionscadail agus ar thionscnaimh n\u00e1isi\u00fanta chun rannph\u00e1irt\u00edocht toghch\u00e1in ar fud na socha\u00ed a spreagadh agus a mh\u00e9ad\u00fa. <\/p>\n\n\n\n<div style=\"height:28px\" aria-hidden=\"true\" class=\"wp-block-spacer\"><\/div>\n\n\n\n<div class=\"wp-block-uagb-advanced-heading uagb-block-1a11f834\"><h2 class=\"uagb-heading-text\"><strong>Meithleacha<\/strong><\/h2><div class=\"uagb-separator\"><\/div><\/div>\n\n\n\n<p>Chun tac\u00fa leis an obair sin, beidh meithleacha ag an gCoimisi\u00fan de dhaoine ar saineolaithe iad ina r\u00e9imse f\u00e9in. Ina measc si\u00fad, t\u00e1 daoine\/eagra\u00edochta\u00ed a oibr\u00edonn n\u00f3 a dh\u00e9anann taighde sa r\u00e9imse sin a mbeimid in ann tairbhe a bhaint as a saineolas agus a dtaith\u00ed chun strait\u00e9is ag a mbeidh tionchar buan a chur i dtoll a ch\u00e9ile.<\/p>\n\n\n\n<div style=\"height:45px\" aria-hidden=\"true\" class=\"wp-block-spacer\"><\/div>\n\n\n\n<div class=\"wp-block-uagb-advanced-heading uagb-block-5d245cf0\"><h2 class=\"uagb-heading-text\"><strong>C\u00e9ard a tharla\u00edonn?<\/strong><\/h2><div class=\"uagb-separator\"><\/div><\/div>\n\n\n\n<p>D\u00e9anfaidh an Coimisi\u00fan agus an mheitheal\/na meithleacha \u00e1bhartha d\u2019aighneacht a mheas ina hioml\u00e1ine.<\/p>\n\n\n\n<p>Cabhr\u00f3idh na meithleacha sin linn dr\u00e9achtphlean gn\u00edomha\u00edochta a fhorbairt ansin. Beidh ar \u00e1r bplean a bheith uaillmhianach mar go bhfuil an d\u00fashl\u00e1n m\u00f3r millteach, ach beidh \u00e1r gcusp\u00f3ir\u00ed r\u00e9ala\u00edoch agus ind\u00e9anta, agus cuirfear i bhfeidhm iad le taca\u00edocht \u00f3 go leor eagra\u00edochta\u00ed agus gr\u00fapa\u00ed. <\/p>\n\n\n\n<p>D\u00e9anfar comhairli\u00fach\u00e1n ar an dr\u00e9achtphlean gn\u00edomha\u00edochta sin freisin ionas go mbeimid in ann do thuairim\u00ed a chloiste\u00e1il faoina bhfuil beartaithe againn.  I ndiaidh an dara babhta comhairli\u00fach\u00e1in sin, foilseofar strait\u00e9is fhadt\u00e9armach ina mbeidh gn\u00edomhartha agus spriocanna inghn\u00f3thaithe soil\u00e9ire. Is ansin a thos\u00f3idh an obair i gceart.  \r\n<\/p>\n\n\n\n<div class=\"wp-block-uagb-marketing-button uagb-marketing-btn__align-left uagb-marketing-btn__align-text-left uagb-marketing-btn__icon-after uagb-block-e12a243c wp-block-button\"><a href=\"https:\/\/www.electoralcommission.ie\/ga\/comhairliuchan\/\" class=\"uagb-marketing-btn__link wp-block-button__link\" target=\"\" rel=\"noopener noreferrer\"><span class=\"uagb-marketing-btn__title\">D\u2019aighneacht a dh\u00e9anamh<\/span><svg xmlns=\"https:\/\/www.w3.org\/2000\/svg\" viewBox=\"0 0 512 512\"><path d=\"M502.6 278.6l-128 128c-12.51 12.51-32.76 12.49-45.25 0c-12.5-12.5-12.5-32.75 0-45.25L402.8 288H32C14.31 288 0 273.7 0 255.1S14.31 224 32 224h370.8l-73.38-73.38c-12.5-12.5-12.5-32.75 0-45.25s32.75-12.5 45.25 0l128 128C515.1 245.9 515.1 266.1 502.6 278.6z\"><\/path><\/svg><p class=\"uagb-marketing-btn__prefix\"><\/p><\/a><\/div>\n","protected":false},"excerpt":{"rendered":"<p>Forl\u00e9argas T\u00e1 \u00c9ire ar cheann de na daonlathais lean\u00fanacha is sine ar domhan. Mar n\u00e1isi\u00fan, t\u00e1imid i mbun daonlathas rannph\u00e1irt\u00edoch le breis agus c\u00e9ad bliain. Leis an stair fhada sin de dhaoine in \u00c9irinn ag v\u00f3t\u00e1il i dtoghch\u00e1in agus i reifrinn, tugtar deis do gach duine at\u00e1 ina theideal a rogha a chur in i\u00fal &hellip; <a href=\"https:\/\/www.electoralcommission.ie\/ga\/straiteis-oideachais-agus-rannphairtiocht-an-phobail\/\">Continued<\/a><\/p>\n","protected":false},"author":20,"featured_media":12336,"parent":0,"menu_order":0,"comment_status":"closed","ping_status":"closed","template":"","meta":{"_acf_changed":false,"_relevanssi_hide_post":"","_relevanssi_hide_content":"","_relevanssi_pin_for_all":"","_relevanssi_pin_keywords":"","_relevanssi_unpin_keywords":"","_relevanssi_related_keywords":"","_relevanssi_related_include_ids":"","_relevanssi_related_exclude_ids":"","_relevanssi_related_no_append":"","_relevanssi_related_not_related":"","_relevanssi_related_posts":"9475,10109,5671,10298,10848,11320","_relevanssi_noindex_reason":"","_uag_custom_page_level_css":"","footnotes":""},"class_list":["post-12483","page","type-page","status-publish","has-post-thumbnail","hentry"],"acf":[],"yoast_head":"<!-- This site is optimized with the Yoast SEO plugin v27.4 - https:\/\/yoast.com\/product\/yoast-seo-wordpress\/ -->\n<title>Strait\u00e9is Oideachais agus Rannph\u00e1irt\u00edocht an Phobail - Coimisi\u00fan Toghch\u00e1in<\/title>\n<meta name=\"robots\" content=\"index, follow, max-snippet:-1, max-image-preview:large, max-video-preview:-1\" \/>\n<link rel=\"canonical\" href=\"https:\/\/www.electoralcommission.ie\/ga\/straiteis-oideachais-agus-rannphairtiocht-an-phobail\/\" \/>\n<meta property=\"og:locale\" content=\"ga_IE\" \/>\n<meta property=\"og:type\" content=\"article\" \/>\n<meta property=\"og:title\" content=\"Strait\u00e9is Oideachais agus Rannph\u00e1irt\u00edocht an Phobail - Coimisi\u00fan Toghch\u00e1in\" \/>\n<meta property=\"og:description\" content=\"Forl\u00e9argas T\u00e1 \u00c9ire ar cheann de na daonlathais lean\u00fanacha is sine ar domhan. Mar n\u00e1isi\u00fan, t\u00e1imid i mbun daonlathas rannph\u00e1irt\u00edoch le breis agus c\u00e9ad bliain. Leis an stair fhada sin de dhaoine in \u00c9irinn ag v\u00f3t\u00e1il i dtoghch\u00e1in agus i reifrinn, tugtar deis do gach duine at\u00e1 ina theideal a rogha a chur in i\u00fal &hellip; Continued\" \/>\n<meta property=\"og:url\" content=\"https:\/\/www.electoralcommission.ie\/ga\/straiteis-oideachais-agus-rannphairtiocht-an-phobail\/\" \/>\n<meta property=\"og:site_name\" content=\"Coimisi\u00fan Toghch\u00e1in\" \/>\n<meta property=\"article:modified_time\" content=\"2025-02-07T16:37:11+00:00\" \/>\n<meta property=\"og:image\" content=\"https:\/\/cdn.electoralcommission.ie\/app\/uploads\/2025\/01\/23130121\/EducationConstultation-2-1024x379.png\" \/>\n\t<meta property=\"og:image:width\" content=\"1024\" \/>\n\t<meta property=\"og:image:height\" content=\"379\" \/>\n\t<meta property=\"og:image:type\" content=\"image\/png\" \/>\n<meta name=\"twitter:card\" content=\"summary_large_image\" \/>\n<meta name=\"twitter:label1\" content=\"Est. reading time\" \/>\n\t<meta name=\"twitter:data1\" content=\"5 minutes\" \/>\n<script type=\"application\/ld+json\" class=\"yoast-schema-graph\">{\"@context\":\"https:\\\/\\\/schema.org\",\"@graph\":[{\"@type\":\"WebPage\",\"@id\":\"https:\\\/\\\/www.electoralcommission.ie\\\/ga\\\/straiteis-oideachais-agus-rannphairtiocht-an-phobail\\\/\",\"url\":\"https:\\\/\\\/www.electoralcommission.ie\\\/ga\\\/straiteis-oideachais-agus-rannphairtiocht-an-phobail\\\/\",\"name\":\"Strait\u00e9is Oideachais agus Rannph\u00e1irt\u00edocht an Phobail - Coimisi\u00fan Toghch\u00e1in\",\"isPartOf\":{\"@id\":\"https:\\\/\\\/www.electoralcommission.ie\\\/ga\\\/#website\"},\"primaryImageOfPage\":{\"@id\":\"https:\\\/\\\/www.electoralcommission.ie\\\/ga\\\/straiteis-oideachais-agus-rannphairtiocht-an-phobail\\\/#primaryimage\"},\"image\":{\"@id\":\"https:\\\/\\\/www.electoralcommission.ie\\\/ga\\\/straiteis-oideachais-agus-rannphairtiocht-an-phobail\\\/#primaryimage\"},\"thumbnailUrl\":\"https:\\\/\\\/www.electoralcommission.ie\\\/app\\\/uploads\\\/2025\\\/01\\\/EducationConstultation-2.png\",\"datePublished\":\"2025-02-06T16:24:15+00:00\",\"dateModified\":\"2025-02-07T16:37:11+00:00\",\"breadcrumb\":{\"@id\":\"https:\\\/\\\/www.electoralcommission.ie\\\/ga\\\/straiteis-oideachais-agus-rannphairtiocht-an-phobail\\\/#breadcrumb\"},\"inLanguage\":\"ga-IE\",\"potentialAction\":[{\"@type\":\"ReadAction\",\"target\":[\"https:\\\/\\\/www.electoralcommission.ie\\\/ga\\\/straiteis-oideachais-agus-rannphairtiocht-an-phobail\\\/\"]}]},{\"@type\":\"ImageObject\",\"inLanguage\":\"ga-IE\",\"@id\":\"https:\\\/\\\/www.electoralcommission.ie\\\/ga\\\/straiteis-oideachais-agus-rannphairtiocht-an-phobail\\\/#primaryimage\",\"url\":\"https:\\\/\\\/www.electoralcommission.ie\\\/app\\\/uploads\\\/2025\\\/01\\\/EducationConstultation-2.png\",\"contentUrl\":\"https:\\\/\\\/www.electoralcommission.ie\\\/app\\\/uploads\\\/2025\\\/01\\\/EducationConstultation-2.png\",\"width\":2128,\"height\":788,\"caption\":\"Collage of images of public engagement events.\"},{\"@type\":\"BreadcrumbList\",\"@id\":\"https:\\\/\\\/www.electoralcommission.ie\\\/ga\\\/straiteis-oideachais-agus-rannphairtiocht-an-phobail\\\/#breadcrumb\",\"itemListElement\":[{\"@type\":\"ListItem\",\"position\":1,\"name\":\"Baile\",\"item\":\"https:\\\/\\\/www.electoralcommission.ie\\\/ga\\\/baile\\\/\"},{\"@type\":\"ListItem\",\"position\":2,\"name\":\"Strait\u00e9is Oideachais agus Rannph\u00e1irt\u00edocht an Phobail\"}]},{\"@type\":\"WebSite\",\"@id\":\"https:\\\/\\\/www.electoralcommission.ie\\\/ga\\\/#website\",\"url\":\"https:\\\/\\\/www.electoralcommission.ie\\\/ga\\\/\",\"name\":\"Coimisi\u00fan Toghch\u00e1in\",\"description\":\"Ireland&#039;s Statutory, Independent Electoral Commission\",\"potentialAction\":[{\"@type\":\"SearchAction\",\"target\":{\"@type\":\"EntryPoint\",\"urlTemplate\":\"https:\\\/\\\/www.electoralcommission.ie\\\/ga\\\/?s={search_term_string}\"},\"query-input\":{\"@type\":\"PropertyValueSpecification\",\"valueRequired\":true,\"valueName\":\"search_term_string\"}}],\"inLanguage\":\"ga-IE\"}]}<\/script>\n<!-- \/ Yoast SEO plugin. -->","yoast_head_json":{"title":"Strait\u00e9is Oideachais agus Rannph\u00e1irt\u00edocht an Phobail - Coimisi\u00fan Toghch\u00e1in","robots":{"index":"index","follow":"follow","max-snippet":"max-snippet:-1","max-image-preview":"max-image-preview:large","max-video-preview":"max-video-preview:-1"},"canonical":"https:\/\/www.electoralcommission.ie\/ga\/straiteis-oideachais-agus-rannphairtiocht-an-phobail\/","og_locale":"ga_IE","og_type":"article","og_title":"Strait\u00e9is Oideachais agus Rannph\u00e1irt\u00edocht an Phobail - Coimisi\u00fan Toghch\u00e1in","og_description":"Forl\u00e9argas T\u00e1 \u00c9ire ar cheann de na daonlathais lean\u00fanacha is sine ar domhan. Mar n\u00e1isi\u00fan, t\u00e1imid i mbun daonlathas rannph\u00e1irt\u00edoch le breis agus c\u00e9ad bliain. Leis an stair fhada sin de dhaoine in \u00c9irinn ag v\u00f3t\u00e1il i dtoghch\u00e1in agus i reifrinn, tugtar deis do gach duine at\u00e1 ina theideal a rogha a chur in i\u00fal &hellip; Continued","og_url":"https:\/\/www.electoralcommission.ie\/ga\/straiteis-oideachais-agus-rannphairtiocht-an-phobail\/","og_site_name":"Coimisi\u00fan Toghch\u00e1in","article_modified_time":"2025-02-07T16:37:11+00:00","og_image":[{"width":1024,"height":379,"url":"https:\/\/cdn.electoralcommission.ie\/app\/uploads\/2025\/01\/23130121\/EducationConstultation-2-1024x379.png","type":"image\/png"}],"twitter_card":"summary_large_image","twitter_misc":{"Est. reading time":"5 minutes"},"schema":{"@context":"https:\/\/schema.org","@graph":[{"@type":"WebPage","@id":"https:\/\/www.electoralcommission.ie\/ga\/straiteis-oideachais-agus-rannphairtiocht-an-phobail\/","url":"https:\/\/www.electoralcommission.ie\/ga\/straiteis-oideachais-agus-rannphairtiocht-an-phobail\/","name":"Strait\u00e9is Oideachais agus Rannph\u00e1irt\u00edocht an Phobail - Coimisi\u00fan Toghch\u00e1in","isPartOf":{"@id":"https:\/\/www.electoralcommission.ie\/ga\/#website"},"primaryImageOfPage":{"@id":"https:\/\/www.electoralcommission.ie\/ga\/straiteis-oideachais-agus-rannphairtiocht-an-phobail\/#primaryimage"},"image":{"@id":"https:\/\/www.electoralcommission.ie\/ga\/straiteis-oideachais-agus-rannphairtiocht-an-phobail\/#primaryimage"},"thumbnailUrl":"https:\/\/www.electoralcommission.ie\/app\/uploads\/2025\/01\/EducationConstultation-2.png","datePublished":"2025-02-06T16:24:15+00:00","dateModified":"2025-02-07T16:37:11+00:00","breadcrumb":{"@id":"https:\/\/www.electoralcommission.ie\/ga\/straiteis-oideachais-agus-rannphairtiocht-an-phobail\/#breadcrumb"},"inLanguage":"ga-IE","potentialAction":[{"@type":"ReadAction","target":["https:\/\/www.electoralcommission.ie\/ga\/straiteis-oideachais-agus-rannphairtiocht-an-phobail\/"]}]},{"@type":"ImageObject","inLanguage":"ga-IE","@id":"https:\/\/www.electoralcommission.ie\/ga\/straiteis-oideachais-agus-rannphairtiocht-an-phobail\/#primaryimage","url":"https:\/\/www.electoralcommission.ie\/app\/uploads\/2025\/01\/EducationConstultation-2.png","contentUrl":"https:\/\/www.electoralcommission.ie\/app\/uploads\/2025\/01\/EducationConstultation-2.png","width":2128,"height":788,"caption":"Collage of images of public engagement events."},{"@type":"BreadcrumbList","@id":"https:\/\/www.electoralcommission.ie\/ga\/straiteis-oideachais-agus-rannphairtiocht-an-phobail\/#breadcrumb","itemListElement":[{"@type":"ListItem","position":1,"name":"Baile","item":"https:\/\/www.electoralcommission.ie\/ga\/baile\/"},{"@type":"ListItem","position":2,"name":"Strait\u00e9is Oideachais agus Rannph\u00e1irt\u00edocht an Phobail"}]},{"@type":"WebSite","@id":"https:\/\/www.electoralcommission.ie\/ga\/#website","url":"https:\/\/www.electoralcommission.ie\/ga\/","name":"Coimisi\u00fan Toghch\u00e1in","description":"Ireland&#039;s Statutory, Independent Electoral Commission","potentialAction":[{"@type":"SearchAction","target":{"@type":"EntryPoint","urlTemplate":"https:\/\/www.electoralcommission.ie\/ga\/?s={search_term_string}"},"query-input":{"@type":"PropertyValueSpecification","valueRequired":true,"valueName":"search_term_string"}}],"inLanguage":"ga-IE"}]}},"uagb_featured_image_src":{"full":["https:\/\/www.electoralcommission.ie\/app\/uploads\/2025\/01\/EducationConstultation-2.png",2128,788,false],"thumbnail":["https:\/\/www.electoralcommission.ie\/app\/uploads\/2025\/01\/EducationConstultation-2-355x210.png",355,210,true],"medium":["https:\/\/www.electoralcommission.ie\/app\/uploads\/2025\/01\/EducationConstultation-2-300x111.png",300,111,true],"medium_large":["https:\/\/www.electoralcommission.ie\/app\/uploads\/2025\/01\/EducationConstultation-2-768x284.png",768,284,true],"large":["https:\/\/www.electoralcommission.ie\/app\/uploads\/2025\/01\/EducationConstultation-2-1024x379.png",1024,379,true],"1536x1536":["https:\/\/www.electoralcommission.ie\/app\/uploads\/2025\/01\/EducationConstultation-2-1536x569.png",1536,569,true],"2048x2048":["https:\/\/www.electoralcommission.ie\/app\/uploads\/2025\/01\/EducationConstultation-2-2048x758.png",2048,758,true],"gform-image-choice-sm":["https:\/\/www.electoralcommission.ie\/app\/uploads\/2025\/01\/EducationConstultation-2-300x300.png",300,300,true],"gform-image-choice-md":["https:\/\/www.electoralcommission.ie\/app\/uploads\/2025\/01\/EducationConstultation-2-400x400.png",400,400,true],"gform-image-choice-lg":["https:\/\/www.electoralcommission.ie\/app\/uploads\/2025\/01\/EducationConstultation-2-600x600.png",600,600,true]},"uagb_author_info":{"display_name":"Annmarie Power","author_link":"https:\/\/www.electoralcommission.ie\/ga\/author\/annmarie-power\/"},"uagb_comment_info":0,"uagb_excerpt":"Forl\u00e9argas T\u00e1 \u00c9ire ar cheann de na daonlathais lean\u00fanacha is sine ar domhan. Mar n\u00e1isi\u00fan, t\u00e1imid i mbun daonlathas rannph\u00e1irt\u00edoch le breis agus c\u00e9ad bliain. Leis an stair fhada sin de dhaoine in \u00c9irinn ag v\u00f3t\u00e1il i dtoghch\u00e1in agus i reifrinn, tugtar deis do gach duine at\u00e1 ina theideal a rogha a chur in i\u00fal&hellip;","_links":{"self":[{"href":"https:\/\/www.electoralcommission.ie\/ga\/wp-json\/wp\/v2\/pages\/12483","targetHints":{"allow":["GET"]}}],"collection":[{"href":"https:\/\/www.electoralcommission.ie\/ga\/wp-json\/wp\/v2\/pages"}],"about":[{"href":"https:\/\/www.electoralcommission.ie\/ga\/wp-json\/wp\/v2\/types\/page"}],"author":[{"embeddable":true,"href":"https:\/\/www.electoralcommission.ie\/ga\/wp-json\/wp\/v2\/users\/20"}],"replies":[{"embeddable":true,"href":"https:\/\/www.electoralcommission.ie\/ga\/wp-json\/wp\/v2\/comments?post=12483"}],"version-history":[{"count":2,"href":"https:\/\/www.electoralcommission.ie\/ga\/wp-json\/wp\/v2\/pages\/12483\/revisions"}],"predecessor-version":[{"id":12485,"href":"https:\/\/www.electoralcommission.ie\/ga\/wp-json\/wp\/v2\/pages\/12483\/revisions\/12485"}],"wp:featuredmedia":[{"embeddable":true,"href":"https:\/\/www.electoralcommission.ie\/ga\/wp-json\/wp\/v2\/media\/12336"}],"wp:attachment":[{"href":"https:\/\/www.electoralcommission.ie\/ga\/wp-json\/wp\/v2\/media?parent=12483"}],"curies":[{"name":"wp","href":"https:\/\/api.w.org\/{rel}","templated":true}]}}