
{"id":222,"date":"2022-04-20T12:49:57","date_gmt":"2022-04-20T11:49:57","guid":{"rendered":"https:\/\/www.electoralcommission.ie\/cad-a-dheanaimid\/taighde-agus-comhairle\/"},"modified":"2024-03-14T15:55:27","modified_gmt":"2024-03-14T15:55:27","slug":"taighde-agus-comhairle","status":"publish","type":"page","link":"https:\/\/www.electoralcommission.ie\/ga\/cad-a-dheanaimid\/taighde-agus-comhairle\/","title":{"rendered":"Dr\u00e9achtchl\u00e1r Taighde"},"content":{"rendered":"\n<p>T\u00e1 a <a href=\"https:\/\/www.electoralcommission.ie\/app\/uploads\/2023\/11\/Draft-Annual-Research-Programme-Irish-Web-1.pdf\">ch\u00e9ad dr\u00e9achtchl\u00e1r taighde<\/a> ullmhaithe ag an gCoimisi\u00fan anois agus, tr\u00edd an doicim\u00e9ad sin, t\u00e1 tuairim\u00ed an Oireachtais, an phobail agus p\u00e1irtithe leasmhara eile maidir lena thosa\u00edochta\u00ed taighde \u00e1 n-iarraidh aige.<\/p>\n\n\n\n<p>Eagra\u00edtear iad sin de r\u00e9ir sn\u00e1itheanna t\u00e9amacha (<a href=\"https:\/\/www.electoralcommission.ie\/app\/uploads\/2023\/11\/Draft-Annual-Research-Programme-Irish-Web-1.pdf#page=7\">f\u00e9ach Cuid 3<\/a>) lena l\u00e9ir\u00edtear feidhmeanna an Choimisi\u00fain faoin Acht um Athch\u00f3iri\u00fa Toghch\u00e1in.<\/p>\n\n\n\n<p>Chuirfimis f\u00e1ilte go h\u00e1irithe roimh ionchuir tr\u00edd an <a href=\"http:\/\/www.electoralcommission.ie\/ga\/researchsubmissions\">bhfoirm \u00e1r l\u00edne<\/a>.<\/p>\n\n\n\n<p>Is f\u00e9idir leat freisin freagra\u00ed ar na ceisteanna sin n\u00f3 tuairim\u00ed n\u00f3 molta\u00ed n\u00edos ginear\u00e1lta a sheoladh tr\u00ed r\u00edomhphost chuig:<\/p>\n\n\n\n<p><a href=\"mailto:research@electoralcommission.ie\" target=\"_blank\" rel=\"noreferrer noopener\">research@electoralcommission.ie<\/a><\/p>\n\n\n\n<p>n\u00f3 sa phost chuig:<\/p>\n\n\n\n<p>An Coimisi\u00fan Toghch\u00e1in,<br>Caisle\u00e1n Bhaile \u00c1tha Cliath,<br>Baile \u00c1tha Cliath 2,<br>D02X8X8.<\/p>\n\n\n\n<p>Molaimid go m\u00f3r duit do thuairim\u00ed a chur chugainn. Beidh siad ina gcuidi\u00fa lena chinnti\u00fa go mbeidh f\u00edorthionchar dearfach ag taighde an Choimisi\u00fain ar v\u00f3t\u00e1laithe na h\u00c9ireann, ar ch\u00f3ras toghch\u00e1in na h\u00c9ireann, agus ar dhaonlathas na h\u00c9ireann.<\/p>\n\n\n\n<div style=\"height:50px\" aria-hidden=\"true\" class=\"wp-block-spacer\"><\/div>\n\n\n\n<div data-wp-interactive=\"core\/file\" class=\"wp-block-file\"><object data-wp-bind--hidden=\"!state.hasPdfPreview\" hidden class=\"wp-block-file__embed\" data=\"https:\/\/www.electoralcommission.ie\/app\/uploads\/2023\/11\/Draft-Annual-Research-Programme-Irish-Web-1.pdf\" type=\"application\/pdf\" style=\"width:100%;height:600px\" aria-label=\"Embed of Dr\u00e9achtchl\u00e1r Taighde 2024 - 2026.\"><\/object><a id=\"wp-block-file--media-0e911e97-42ba-4454-93d5-ea99ea7be294\" href=\"https:\/\/www.electoralcommission.ie\/app\/uploads\/2023\/11\/Draft-Annual-Research-Programme-Irish-Web-1.pdf\">Dr\u00e9achtchl\u00e1r Taighde 2024 &#8211; 2026<\/a><a href=\"https:\/\/www.electoralcommission.ie\/app\/uploads\/2023\/11\/Draft-Annual-Research-Programme-Irish-Web-1.pdf\" class=\"wp-block-file__button wp-element-button\" download aria-describedby=\"wp-block-file--media-0e911e97-42ba-4454-93d5-ea99ea7be294\">\u00cdosl\u00f3d\u00e1il<\/a><\/div>\n\n\n\n<div style=\"height:50px\" aria-hidden=\"true\" class=\"wp-block-spacer\"><\/div>\n\n\n\n<p><strong>Is \u00e9 an d\u00e1ta deiridh le haghaidh aighneachta\u00ed an 12 Ean\u00e1ir, 2024<\/strong>.<\/p>\n\n\n\n<div style=\"height:50px\" aria-hidden=\"true\" class=\"wp-block-spacer\"><\/div>\n","protected":false},"excerpt":{"rendered":"<p>T\u00e1 a ch\u00e9ad dr\u00e9achtchl\u00e1r taighde ullmhaithe ag an gCoimisi\u00fan anois agus, tr\u00edd an doicim\u00e9ad sin, t\u00e1 tuairim\u00ed an Oireachtais, an phobail agus p\u00e1irtithe leasmhara eile maidir lena thosa\u00edochta\u00ed taighde \u00e1 n-iarraidh aige. Eagra\u00edtear iad sin de r\u00e9ir sn\u00e1itheanna t\u00e9amacha (f\u00e9ach Cuid 3) lena l\u00e9ir\u00edtear feidhmeanna an Choimisi\u00fain faoin Acht um Athch\u00f3iri\u00fa Toghch\u00e1in. Chuirfimis f\u00e1ilte go &hellip; <a href=\"https:\/\/www.electoralcommission.ie\/ga\/cad-a-dheanaimid\/taighde-agus-comhairle\/\">Continued<\/a><\/p>\n","protected":false},"author":1,"featured_media":9109,"parent":214,"menu_order":0,"comment_status":"closed","ping_status":"closed","template":"","meta":{"_acf_changed":false,"_relevanssi_hide_post":"","_relevanssi_hide_content":"","_relevanssi_pin_for_all":"","_relevanssi_pin_keywords":"","_relevanssi_unpin_keywords":"","_relevanssi_related_keywords":"","_relevanssi_related_include_ids":"","_relevanssi_related_exclude_ids":"","_relevanssi_related_no_append":"","_relevanssi_related_not_related":"","_relevanssi_related_posts":"","_relevanssi_noindex_reason":"","_uag_custom_page_level_css":"","footnotes":""},"class_list":["post-222","page","type-page","status-publish","has-post-thumbnail","hentry"],"acf":[],"yoast_head":"<!-- This site is optimized with the Yoast SEO plugin v27.4 - https:\/\/yoast.com\/product\/yoast-seo-wordpress\/ -->\n<title>Dr\u00e9achtchl\u00e1r Taighde - Coimisi\u00fan Toghch\u00e1in<\/title>\n<meta name=\"robots\" content=\"index, follow, max-snippet:-1, max-image-preview:large, max-video-preview:-1\" \/>\n<link rel=\"canonical\" href=\"https:\/\/www.electoralcommission.ie\/ga\/cad-a-dheanaimid\/taighde-agus-comhairle\/\" \/>\n<meta property=\"og:locale\" content=\"ga_IE\" \/>\n<meta property=\"og:type\" content=\"article\" \/>\n<meta property=\"og:title\" content=\"Dr\u00e9achtchl\u00e1r Taighde - Coimisi\u00fan Toghch\u00e1in\" \/>\n<meta property=\"og:description\" content=\"T\u00e1 a ch\u00e9ad dr\u00e9achtchl\u00e1r taighde ullmhaithe ag an gCoimisi\u00fan anois agus, tr\u00edd an doicim\u00e9ad sin, t\u00e1 tuairim\u00ed an Oireachtais, an phobail agus p\u00e1irtithe leasmhara eile maidir lena thosa\u00edochta\u00ed taighde \u00e1 n-iarraidh aige. Eagra\u00edtear iad sin de r\u00e9ir sn\u00e1itheanna t\u00e9amacha (f\u00e9ach Cuid 3) lena l\u00e9ir\u00edtear feidhmeanna an Choimisi\u00fain faoin Acht um Athch\u00f3iri\u00fa Toghch\u00e1in. Chuirfimis f\u00e1ilte go &hellip; Continued\" \/>\n<meta property=\"og:url\" content=\"https:\/\/www.electoralcommission.ie\/ga\/cad-a-dheanaimid\/taighde-agus-comhairle\/\" \/>\n<meta property=\"og:site_name\" content=\"Coimisi\u00fan Toghch\u00e1in\" \/>\n<meta property=\"article:modified_time\" content=\"2024-03-14T15:55:27+00:00\" \/>\n<meta property=\"og:image\" content=\"https:\/\/cdn.electoralcommission.ie\/app\/uploads\/2023\/11\/29125147\/WEB-BANNER.160-notext-1.jpg\" \/>\n\t<meta property=\"og:image:width\" content=\"1440\" \/>\n\t<meta property=\"og:image:height\" content=\"500\" \/>\n\t<meta property=\"og:image:type\" content=\"image\/jpeg\" \/>\n<meta name=\"twitter:card\" content=\"summary_large_image\" \/>\n<meta name=\"twitter:label1\" content=\"Est. reading time\" \/>\n\t<meta name=\"twitter:data1\" content=\"1 minute\" \/>\n<script type=\"application\/ld+json\" class=\"yoast-schema-graph\">{\"@context\":\"https:\\\/\\\/schema.org\",\"@graph\":[{\"@type\":\"WebPage\",\"@id\":\"https:\\\/\\\/www.electoralcommission.ie\\\/ga\\\/cad-a-dheanaimid\\\/taighde-agus-comhairle\\\/\",\"url\":\"https:\\\/\\\/www.electoralcommission.ie\\\/ga\\\/cad-a-dheanaimid\\\/taighde-agus-comhairle\\\/\",\"name\":\"Dr\u00e9achtchl\u00e1r Taighde - Coimisi\u00fan Toghch\u00e1in\",\"isPartOf\":{\"@id\":\"https:\\\/\\\/www.electoralcommission.ie\\\/ga\\\/#website\"},\"primaryImageOfPage\":{\"@id\":\"https:\\\/\\\/www.electoralcommission.ie\\\/ga\\\/cad-a-dheanaimid\\\/taighde-agus-comhairle\\\/#primaryimage\"},\"image\":{\"@id\":\"https:\\\/\\\/www.electoralcommission.ie\\\/ga\\\/cad-a-dheanaimid\\\/taighde-agus-comhairle\\\/#primaryimage\"},\"thumbnailUrl\":\"https:\\\/\\\/www.electoralcommission.ie\\\/app\\\/uploads\\\/2024\\\/04\\\/An-Coimisiu\u0301n-Toghcha\u0301in-289-scaled-e1714565064619.jpg\",\"datePublished\":\"2022-04-20T11:49:57+00:00\",\"dateModified\":\"2024-03-14T15:55:27+00:00\",\"breadcrumb\":{\"@id\":\"https:\\\/\\\/www.electoralcommission.ie\\\/ga\\\/cad-a-dheanaimid\\\/taighde-agus-comhairle\\\/#breadcrumb\"},\"inLanguage\":\"ga-IE\",\"potentialAction\":[{\"@type\":\"ReadAction\",\"target\":[\"https:\\\/\\\/www.electoralcommission.ie\\\/ga\\\/cad-a-dheanaimid\\\/taighde-agus-comhairle\\\/\"]}]},{\"@type\":\"ImageObject\",\"inLanguage\":\"ga-IE\",\"@id\":\"https:\\\/\\\/www.electoralcommission.ie\\\/ga\\\/cad-a-dheanaimid\\\/taighde-agus-comhairle\\\/#primaryimage\",\"url\":\"https:\\\/\\\/www.electoralcommission.ie\\\/app\\\/uploads\\\/2024\\\/04\\\/An-Coimisiu\u0301n-Toghcha\u0301in-289-scaled-e1714565064619.jpg\",\"contentUrl\":\"https:\\\/\\\/www.electoralcommission.ie\\\/app\\\/uploads\\\/2024\\\/04\\\/An-Coimisiu\u0301n-Toghcha\u0301in-289-scaled-e1714565064619.jpg\",\"width\":2560,\"height\":1707,\"caption\":\"Image of people marking their ballot papers\"},{\"@type\":\"BreadcrumbList\",\"@id\":\"https:\\\/\\\/www.electoralcommission.ie\\\/ga\\\/cad-a-dheanaimid\\\/taighde-agus-comhairle\\\/#breadcrumb\",\"itemListElement\":[{\"@type\":\"ListItem\",\"position\":1,\"name\":\"Baile\",\"item\":\"https:\\\/\\\/www.electoralcommission.ie\\\/ga\\\/baile\\\/\"},{\"@type\":\"ListItem\",\"position\":2,\"name\":\"Cad a dh\u00e9anaimid\",\"item\":\"https:\\\/\\\/www.electoralcommission.ie\\\/ga\\\/cad-a-dheanaimid\\\/\"},{\"@type\":\"ListItem\",\"position\":3,\"name\":\"Dr\u00e9achtchl\u00e1r Taighde\"}]},{\"@type\":\"WebSite\",\"@id\":\"https:\\\/\\\/www.electoralcommission.ie\\\/ga\\\/#website\",\"url\":\"https:\\\/\\\/www.electoralcommission.ie\\\/ga\\\/\",\"name\":\"Coimisi\u00fan Toghch\u00e1in\",\"description\":\"Ireland&#039;s Statutory, Independent Electoral Commission\",\"potentialAction\":[{\"@type\":\"SearchAction\",\"target\":{\"@type\":\"EntryPoint\",\"urlTemplate\":\"https:\\\/\\\/www.electoralcommission.ie\\\/ga\\\/?s={search_term_string}\"},\"query-input\":{\"@type\":\"PropertyValueSpecification\",\"valueRequired\":true,\"valueName\":\"search_term_string\"}}],\"inLanguage\":\"ga-IE\"}]}<\/script>\n<!-- \/ Yoast SEO plugin. -->","yoast_head_json":{"title":"Dr\u00e9achtchl\u00e1r Taighde - Coimisi\u00fan Toghch\u00e1in","robots":{"index":"index","follow":"follow","max-snippet":"max-snippet:-1","max-image-preview":"max-image-preview:large","max-video-preview":"max-video-preview:-1"},"canonical":"https:\/\/www.electoralcommission.ie\/ga\/cad-a-dheanaimid\/taighde-agus-comhairle\/","og_locale":"ga_IE","og_type":"article","og_title":"Dr\u00e9achtchl\u00e1r Taighde - Coimisi\u00fan Toghch\u00e1in","og_description":"T\u00e1 a ch\u00e9ad dr\u00e9achtchl\u00e1r taighde ullmhaithe ag an gCoimisi\u00fan anois agus, tr\u00edd an doicim\u00e9ad sin, t\u00e1 tuairim\u00ed an Oireachtais, an phobail agus p\u00e1irtithe leasmhara eile maidir lena thosa\u00edochta\u00ed taighde \u00e1 n-iarraidh aige. Eagra\u00edtear iad sin de r\u00e9ir sn\u00e1itheanna t\u00e9amacha (f\u00e9ach Cuid 3) lena l\u00e9ir\u00edtear feidhmeanna an Choimisi\u00fain faoin Acht um Athch\u00f3iri\u00fa Toghch\u00e1in. Chuirfimis f\u00e1ilte go &hellip; Continued","og_url":"https:\/\/www.electoralcommission.ie\/ga\/cad-a-dheanaimid\/taighde-agus-comhairle\/","og_site_name":"Coimisi\u00fan Toghch\u00e1in","article_modified_time":"2024-03-14T15:55:27+00:00","og_image":[{"width":1440,"height":500,"url":"https:\/\/cdn.electoralcommission.ie\/app\/uploads\/2023\/11\/29125147\/WEB-BANNER.160-notext-1.jpg","type":"image\/jpeg"}],"twitter_card":"summary_large_image","twitter_misc":{"Est. reading time":"1 minute"},"schema":{"@context":"https:\/\/schema.org","@graph":[{"@type":"WebPage","@id":"https:\/\/www.electoralcommission.ie\/ga\/cad-a-dheanaimid\/taighde-agus-comhairle\/","url":"https:\/\/www.electoralcommission.ie\/ga\/cad-a-dheanaimid\/taighde-agus-comhairle\/","name":"Dr\u00e9achtchl\u00e1r Taighde - Coimisi\u00fan Toghch\u00e1in","isPartOf":{"@id":"https:\/\/www.electoralcommission.ie\/ga\/#website"},"primaryImageOfPage":{"@id":"https:\/\/www.electoralcommission.ie\/ga\/cad-a-dheanaimid\/taighde-agus-comhairle\/#primaryimage"},"image":{"@id":"https:\/\/www.electoralcommission.ie\/ga\/cad-a-dheanaimid\/taighde-agus-comhairle\/#primaryimage"},"thumbnailUrl":"https:\/\/www.electoralcommission.ie\/app\/uploads\/2024\/04\/An-Coimisiu\u0301n-Toghcha\u0301in-289-scaled-e1714565064619.jpg","datePublished":"2022-04-20T11:49:57+00:00","dateModified":"2024-03-14T15:55:27+00:00","breadcrumb":{"@id":"https:\/\/www.electoralcommission.ie\/ga\/cad-a-dheanaimid\/taighde-agus-comhairle\/#breadcrumb"},"inLanguage":"ga-IE","potentialAction":[{"@type":"ReadAction","target":["https:\/\/www.electoralcommission.ie\/ga\/cad-a-dheanaimid\/taighde-agus-comhairle\/"]}]},{"@type":"ImageObject","inLanguage":"ga-IE","@id":"https:\/\/www.electoralcommission.ie\/ga\/cad-a-dheanaimid\/taighde-agus-comhairle\/#primaryimage","url":"https:\/\/www.electoralcommission.ie\/app\/uploads\/2024\/04\/An-Coimisiu\u0301n-Toghcha\u0301in-289-scaled-e1714565064619.jpg","contentUrl":"https:\/\/www.electoralcommission.ie\/app\/uploads\/2024\/04\/An-Coimisiu\u0301n-Toghcha\u0301in-289-scaled-e1714565064619.jpg","width":2560,"height":1707,"caption":"Image of people marking their ballot papers"},{"@type":"BreadcrumbList","@id":"https:\/\/www.electoralcommission.ie\/ga\/cad-a-dheanaimid\/taighde-agus-comhairle\/#breadcrumb","itemListElement":[{"@type":"ListItem","position":1,"name":"Baile","item":"https:\/\/www.electoralcommission.ie\/ga\/baile\/"},{"@type":"ListItem","position":2,"name":"Cad a dh\u00e9anaimid","item":"https:\/\/www.electoralcommission.ie\/ga\/cad-a-dheanaimid\/"},{"@type":"ListItem","position":3,"name":"Dr\u00e9achtchl\u00e1r Taighde"}]},{"@type":"WebSite","@id":"https:\/\/www.electoralcommission.ie\/ga\/#website","url":"https:\/\/www.electoralcommission.ie\/ga\/","name":"Coimisi\u00fan Toghch\u00e1in","description":"Ireland&#039;s Statutory, Independent Electoral Commission","potentialAction":[{"@type":"SearchAction","target":{"@type":"EntryPoint","urlTemplate":"https:\/\/www.electoralcommission.ie\/ga\/?s={search_term_string}"},"query-input":{"@type":"PropertyValueSpecification","valueRequired":true,"valueName":"search_term_string"}}],"inLanguage":"ga-IE"}]}},"uagb_featured_image_src":{"full":["https:\/\/www.electoralcommission.ie\/app\/uploads\/2024\/04\/An-Coimisiu\u0301n-Toghcha\u0301in-289-scaled-e1714565064619.jpg",2560,1707,false],"thumbnail":["https:\/\/www.electoralcommission.ie\/app\/uploads\/2024\/04\/An-Coimisiu\u0301n-Toghcha\u0301in-289-355x210.jpg",355,210,true],"medium":["https:\/\/www.electoralcommission.ie\/app\/uploads\/2024\/04\/An-Coimisiu\u0301n-Toghcha\u0301in-289-300x200.jpg",300,200,true],"medium_large":["https:\/\/www.electoralcommission.ie\/app\/uploads\/2024\/04\/An-Coimisiu\u0301n-Toghcha\u0301in-289-768x512.jpg",768,512,true],"large":["https:\/\/www.electoralcommission.ie\/app\/uploads\/2024\/04\/An-Coimisiu\u0301n-Toghcha\u0301in-289-1024x683.jpg",1024,683,true],"1536x1536":["https:\/\/www.electoralcommission.ie\/app\/uploads\/2024\/04\/An-Coimisiu\u0301n-Toghcha\u0301in-289-1536x1024.jpg",1536,1024,true],"2048x2048":["https:\/\/www.electoralcommission.ie\/app\/uploads\/2024\/04\/An-Coimisiu\u0301n-Toghcha\u0301in-289-2048x1365.jpg",2048,1365,true],"gform-image-choice-sm":["https:\/\/www.electoralcommission.ie\/app\/uploads\/2024\/04\/An-Coimisiu\u0301n-Toghcha\u0301in-289-scaled-e1714565064619.jpg",300,200,false],"gform-image-choice-md":["https:\/\/www.electoralcommission.ie\/app\/uploads\/2024\/04\/An-Coimisiu\u0301n-Toghcha\u0301in-289-scaled-e1714565064619.jpg",400,267,false],"gform-image-choice-lg":["https:\/\/www.electoralcommission.ie\/app\/uploads\/2024\/04\/An-Coimisiu\u0301n-Toghcha\u0301in-289-scaled-e1714565064619.jpg",600,400,false]},"uagb_author_info":{"display_name":"Jose","author_link":"https:\/\/www.electoralcommission.ie\/ga\/author\/jose\/"},"uagb_comment_info":0,"uagb_excerpt":"T\u00e1 a ch\u00e9ad dr\u00e9achtchl\u00e1r taighde ullmhaithe ag an gCoimisi\u00fan anois agus, tr\u00edd an doicim\u00e9ad sin, t\u00e1 tuairim\u00ed an Oireachtais, an phobail agus p\u00e1irtithe leasmhara eile maidir lena thosa\u00edochta\u00ed taighde \u00e1 n-iarraidh aige. Eagra\u00edtear iad sin de r\u00e9ir sn\u00e1itheanna t\u00e9amacha (f\u00e9ach Cuid 3) lena l\u00e9ir\u00edtear feidhmeanna an Choimisi\u00fain faoin Acht um Athch\u00f3iri\u00fa Toghch\u00e1in. Chuirfimis f\u00e1ilte go&hellip;","_links":{"self":[{"href":"https:\/\/www.electoralcommission.ie\/ga\/wp-json\/wp\/v2\/pages\/222","targetHints":{"allow":["GET"]}}],"collection":[{"href":"https:\/\/www.electoralcommission.ie\/ga\/wp-json\/wp\/v2\/pages"}],"about":[{"href":"https:\/\/www.electoralcommission.ie\/ga\/wp-json\/wp\/v2\/types\/page"}],"author":[{"embeddable":true,"href":"https:\/\/www.electoralcommission.ie\/ga\/wp-json\/wp\/v2\/users\/1"}],"replies":[{"embeddable":true,"href":"https:\/\/www.electoralcommission.ie\/ga\/wp-json\/wp\/v2\/comments?post=222"}],"version-history":[{"count":17,"href":"https:\/\/www.electoralcommission.ie\/ga\/wp-json\/wp\/v2\/pages\/222\/revisions"}],"predecessor-version":[{"id":8586,"href":"https:\/\/www.electoralcommission.ie\/ga\/wp-json\/wp\/v2\/pages\/222\/revisions\/8586"}],"up":[{"embeddable":true,"href":"https:\/\/www.electoralcommission.ie\/ga\/wp-json\/wp\/v2\/pages\/214"}],"wp:featuredmedia":[{"embeddable":true,"href":"https:\/\/www.electoralcommission.ie\/ga\/wp-json\/wp\/v2\/media\/9109"}],"wp:attachment":[{"href":"https:\/\/www.electoralcommission.ie\/ga\/wp-json\/wp\/v2\/media?parent=222"}],"curies":[{"name":"wp","href":"https:\/\/api.w.org\/{rel}","templated":true}]}}