
{"id":262,"date":"2022-04-01T11:34:46","date_gmt":"2022-04-01T10:34:46","guid":{"rendered":"https:\/\/www.electoralcommission.ie\/comhaltai-an-choimisiuin-2\/"},"modified":"2023-01-20T13:37:43","modified_gmt":"2023-01-20T13:37:43","slug":"comhaltai-an-choimisiuin-2","status":"publish","type":"page","link":"https:\/\/www.electoralcommission.ie\/ga\/comhaltai-an-choimisiuin-2\/","title":{"rendered":"Comhalta\u00ed an Choimisi\u00fain"},"content":{"rendered":"\n<p>Ceapfar ceathrar de chomhalta\u00ed ar an gCoimisi\u00fain tar \u00e9is pr\u00f3iseas roghn\u00fach\u00e1in poibl\u00ed arna re\u00e1cht\u00e1il ag an tSeirbh\u00eds um Cheapach\u00e1in Phoibl\u00ed.<\/p>\n","protected":false},"excerpt":{"rendered":"<p>Ceapfar ceathrar de chomhalta\u00ed ar an gCoimisi\u00fain tar \u00e9is pr\u00f3iseas roghn\u00fach\u00e1in poibl\u00ed arna re\u00e1cht\u00e1il ag an tSeirbh\u00eds um Cheapach\u00e1in Phoibl\u00ed.<\/p>\n","protected":false},"author":1,"featured_media":56,"parent":0,"menu_order":0,"comment_status":"closed","ping_status":"closed","template":"","meta":{"_acf_changed":false,"_relevanssi_hide_post":"","_relevanssi_hide_content":"","_relevanssi_pin_for_all":"","_relevanssi_pin_keywords":"","_relevanssi_unpin_keywords":"","_relevanssi_related_keywords":"","_relevanssi_related_include_ids":"","_relevanssi_related_exclude_ids":"","_relevanssi_related_no_append":"","_relevanssi_related_not_related":"","_relevanssi_related_posts":"","_relevanssi_noindex_reason":"","_uag_custom_page_level_css":"","footnotes":""},"class_list":["post-262","page","type-page","status-publish","has-post-thumbnail","hentry"],"acf":[],"yoast_head":"<!-- This site is optimized with the Yoast SEO plugin v27.3 - https:\/\/yoast.com\/product\/yoast-seo-wordpress\/ -->\n<title>Comhalta\u00ed an Choimisi\u00fain - Coimisi\u00fan Toghch\u00e1in<\/title>\n<meta name=\"robots\" content=\"index, follow, max-snippet:-1, max-image-preview:large, max-video-preview:-1\" \/>\n<link rel=\"canonical\" href=\"https:\/\/www.electoralcommission.ie\/ga\/comhaltai-an-choimisiuin-2\/\" \/>\n<meta property=\"og:locale\" content=\"ga_IE\" \/>\n<meta property=\"og:type\" content=\"article\" \/>\n<meta property=\"og:title\" content=\"Comhalta\u00ed an Choimisi\u00fain - Coimisi\u00fan Toghch\u00e1in\" \/>\n<meta property=\"og:description\" content=\"Ceapfar ceathrar de chomhalta\u00ed ar an gCoimisi\u00fain tar \u00e9is pr\u00f3iseas roghn\u00fach\u00e1in poibl\u00ed arna re\u00e1cht\u00e1il ag an tSeirbh\u00eds um Cheapach\u00e1in Phoibl\u00ed.\" \/>\n<meta property=\"og:url\" content=\"https:\/\/www.electoralcommission.ie\/ga\/comhaltai-an-choimisiuin-2\/\" \/>\n<meta property=\"og:site_name\" content=\"Coimisi\u00fan Toghch\u00e1in\" \/>\n<meta property=\"article:modified_time\" content=\"2023-01-20T13:37:43+00:00\" \/>\n<meta property=\"og:image\" content=\"https:\/\/www.electoralcommission.ie\/app\/uploads\/2022\/04\/EnteringPollingStation.png\" \/>\n\t<meta property=\"og:image:width\" content=\"562\" \/>\n\t<meta property=\"og:image:height\" content=\"304\" \/>\n\t<meta property=\"og:image:type\" content=\"image\/png\" \/>\n<meta name=\"twitter:card\" content=\"summary_large_image\" \/>\n<script type=\"application\/ld+json\" class=\"yoast-schema-graph\">{\"@context\":\"https:\\\/\\\/schema.org\",\"@graph\":[{\"@type\":\"WebPage\",\"@id\":\"https:\\\/\\\/www.electoralcommission.ie\\\/ga\\\/comhaltai-an-choimisiuin-2\\\/\",\"url\":\"https:\\\/\\\/www.electoralcommission.ie\\\/ga\\\/comhaltai-an-choimisiuin-2\\\/\",\"name\":\"Comhalta\u00ed an Choimisi\u00fain - Coimisi\u00fan Toghch\u00e1in\",\"isPartOf\":{\"@id\":\"https:\\\/\\\/www.electoralcommission.ie\\\/ga\\\/#website\"},\"primaryImageOfPage\":{\"@id\":\"https:\\\/\\\/www.electoralcommission.ie\\\/ga\\\/comhaltai-an-choimisiuin-2\\\/#primaryimage\"},\"image\":{\"@id\":\"https:\\\/\\\/www.electoralcommission.ie\\\/ga\\\/comhaltai-an-choimisiuin-2\\\/#primaryimage\"},\"thumbnailUrl\":\"https:\\\/\\\/www.electoralcommission.ie\\\/app\\\/uploads\\\/2022\\\/04\\\/EnteringPollingStation.png\",\"datePublished\":\"2022-04-01T10:34:46+00:00\",\"dateModified\":\"2023-01-20T13:37:43+00:00\",\"breadcrumb\":{\"@id\":\"https:\\\/\\\/www.electoralcommission.ie\\\/ga\\\/comhaltai-an-choimisiuin-2\\\/#breadcrumb\"},\"inLanguage\":\"ga-IE\",\"potentialAction\":[{\"@type\":\"ReadAction\",\"target\":[\"https:\\\/\\\/www.electoralcommission.ie\\\/ga\\\/comhaltai-an-choimisiuin-2\\\/\"]}]},{\"@type\":\"ImageObject\",\"inLanguage\":\"ga-IE\",\"@id\":\"https:\\\/\\\/www.electoralcommission.ie\\\/ga\\\/comhaltai-an-choimisiuin-2\\\/#primaryimage\",\"url\":\"https:\\\/\\\/www.electoralcommission.ie\\\/app\\\/uploads\\\/2022\\\/04\\\/EnteringPollingStation.png\",\"contentUrl\":\"https:\\\/\\\/www.electoralcommission.ie\\\/app\\\/uploads\\\/2022\\\/04\\\/EnteringPollingStation.png\",\"width\":562,\"height\":304,\"caption\":\"Woman with red unbrella walking to polling station\"},{\"@type\":\"BreadcrumbList\",\"@id\":\"https:\\\/\\\/www.electoralcommission.ie\\\/ga\\\/comhaltai-an-choimisiuin-2\\\/#breadcrumb\",\"itemListElement\":[{\"@type\":\"ListItem\",\"position\":1,\"name\":\"Baile\",\"item\":\"https:\\\/\\\/www.electoralcommission.ie\\\/ga\\\/baile\\\/\"},{\"@type\":\"ListItem\",\"position\":2,\"name\":\"Comhalta\u00ed an Choimisi\u00fain\"}]},{\"@type\":\"WebSite\",\"@id\":\"https:\\\/\\\/www.electoralcommission.ie\\\/ga\\\/#website\",\"url\":\"https:\\\/\\\/www.electoralcommission.ie\\\/ga\\\/\",\"name\":\"Coimisi\u00fan Toghch\u00e1in\",\"description\":\"Ireland&#039;s Statutory, Independent Electoral Commission\",\"potentialAction\":[{\"@type\":\"SearchAction\",\"target\":{\"@type\":\"EntryPoint\",\"urlTemplate\":\"https:\\\/\\\/www.electoralcommission.ie\\\/ga\\\/?s={search_term_string}\"},\"query-input\":{\"@type\":\"PropertyValueSpecification\",\"valueRequired\":true,\"valueName\":\"search_term_string\"}}],\"inLanguage\":\"ga-IE\"}]}<\/script>\n<!-- \/ Yoast SEO plugin. -->","yoast_head_json":{"title":"Comhalta\u00ed an Choimisi\u00fain - Coimisi\u00fan Toghch\u00e1in","robots":{"index":"index","follow":"follow","max-snippet":"max-snippet:-1","max-image-preview":"max-image-preview:large","max-video-preview":"max-video-preview:-1"},"canonical":"https:\/\/www.electoralcommission.ie\/ga\/comhaltai-an-choimisiuin-2\/","og_locale":"ga_IE","og_type":"article","og_title":"Comhalta\u00ed an Choimisi\u00fain - Coimisi\u00fan Toghch\u00e1in","og_description":"Ceapfar ceathrar de chomhalta\u00ed ar an gCoimisi\u00fain tar \u00e9is pr\u00f3iseas roghn\u00fach\u00e1in poibl\u00ed arna re\u00e1cht\u00e1il ag an tSeirbh\u00eds um Cheapach\u00e1in Phoibl\u00ed.","og_url":"https:\/\/www.electoralcommission.ie\/ga\/comhaltai-an-choimisiuin-2\/","og_site_name":"Coimisi\u00fan Toghch\u00e1in","article_modified_time":"2023-01-20T13:37:43+00:00","og_image":[{"width":562,"height":304,"url":"https:\/\/www.electoralcommission.ie\/app\/uploads\/2022\/04\/EnteringPollingStation.png","type":"image\/png"}],"twitter_card":"summary_large_image","schema":{"@context":"https:\/\/schema.org","@graph":[{"@type":"WebPage","@id":"https:\/\/www.electoralcommission.ie\/ga\/comhaltai-an-choimisiuin-2\/","url":"https:\/\/www.electoralcommission.ie\/ga\/comhaltai-an-choimisiuin-2\/","name":"Comhalta\u00ed an Choimisi\u00fain - Coimisi\u00fan Toghch\u00e1in","isPartOf":{"@id":"https:\/\/www.electoralcommission.ie\/ga\/#website"},"primaryImageOfPage":{"@id":"https:\/\/www.electoralcommission.ie\/ga\/comhaltai-an-choimisiuin-2\/#primaryimage"},"image":{"@id":"https:\/\/www.electoralcommission.ie\/ga\/comhaltai-an-choimisiuin-2\/#primaryimage"},"thumbnailUrl":"https:\/\/www.electoralcommission.ie\/app\/uploads\/2022\/04\/EnteringPollingStation.png","datePublished":"2022-04-01T10:34:46+00:00","dateModified":"2023-01-20T13:37:43+00:00","breadcrumb":{"@id":"https:\/\/www.electoralcommission.ie\/ga\/comhaltai-an-choimisiuin-2\/#breadcrumb"},"inLanguage":"ga-IE","potentialAction":[{"@type":"ReadAction","target":["https:\/\/www.electoralcommission.ie\/ga\/comhaltai-an-choimisiuin-2\/"]}]},{"@type":"ImageObject","inLanguage":"ga-IE","@id":"https:\/\/www.electoralcommission.ie\/ga\/comhaltai-an-choimisiuin-2\/#primaryimage","url":"https:\/\/www.electoralcommission.ie\/app\/uploads\/2022\/04\/EnteringPollingStation.png","contentUrl":"https:\/\/www.electoralcommission.ie\/app\/uploads\/2022\/04\/EnteringPollingStation.png","width":562,"height":304,"caption":"Woman with red unbrella walking to polling station"},{"@type":"BreadcrumbList","@id":"https:\/\/www.electoralcommission.ie\/ga\/comhaltai-an-choimisiuin-2\/#breadcrumb","itemListElement":[{"@type":"ListItem","position":1,"name":"Baile","item":"https:\/\/www.electoralcommission.ie\/ga\/baile\/"},{"@type":"ListItem","position":2,"name":"Comhalta\u00ed an Choimisi\u00fain"}]},{"@type":"WebSite","@id":"https:\/\/www.electoralcommission.ie\/ga\/#website","url":"https:\/\/www.electoralcommission.ie\/ga\/","name":"Coimisi\u00fan Toghch\u00e1in","description":"Ireland&#039;s Statutory, Independent Electoral Commission","potentialAction":[{"@type":"SearchAction","target":{"@type":"EntryPoint","urlTemplate":"https:\/\/www.electoralcommission.ie\/ga\/?s={search_term_string}"},"query-input":{"@type":"PropertyValueSpecification","valueRequired":true,"valueName":"search_term_string"}}],"inLanguage":"ga-IE"}]}},"uagb_featured_image_src":{"full":["https:\/\/www.electoralcommission.ie\/app\/uploads\/2022\/04\/EnteringPollingStation.png",562,304,false],"thumbnail":["https:\/\/www.electoralcommission.ie\/app\/uploads\/2022\/04\/EnteringPollingStation-150x150.png",150,150,true],"medium":["https:\/\/www.electoralcommission.ie\/app\/uploads\/2022\/04\/EnteringPollingStation-300x162.png",300,162,true],"medium_large":["https:\/\/www.electoralcommission.ie\/app\/uploads\/2022\/04\/EnteringPollingStation.png",562,304,false],"large":["https:\/\/www.electoralcommission.ie\/app\/uploads\/2022\/04\/EnteringPollingStation.png",562,304,false],"1536x1536":["https:\/\/www.electoralcommission.ie\/app\/uploads\/2022\/04\/EnteringPollingStation.png",562,304,false],"2048x2048":["https:\/\/www.electoralcommission.ie\/app\/uploads\/2022\/04\/EnteringPollingStation.png",562,304,false],"gform-image-choice-sm":["https:\/\/www.electoralcommission.ie\/app\/uploads\/2022\/04\/EnteringPollingStation.png",300,162,false],"gform-image-choice-md":["https:\/\/www.electoralcommission.ie\/app\/uploads\/2022\/04\/EnteringPollingStation.png",400,216,false],"gform-image-choice-lg":["https:\/\/www.electoralcommission.ie\/app\/uploads\/2022\/04\/EnteringPollingStation.png",562,304,false]},"uagb_author_info":{"display_name":"Jose","author_link":"https:\/\/www.electoralcommission.ie\/ga\/author\/jose\/"},"uagb_comment_info":0,"uagb_excerpt":"Ceapfar ceathrar de chomhalta\u00ed ar an gCoimisi\u00fain tar \u00e9is pr\u00f3iseas roghn\u00fach\u00e1in poibl\u00ed arna re\u00e1cht\u00e1il ag an tSeirbh\u00eds um Cheapach\u00e1in Phoibl\u00ed.","_links":{"self":[{"href":"https:\/\/www.electoralcommission.ie\/ga\/wp-json\/wp\/v2\/pages\/262","targetHints":{"allow":["GET"]}}],"collection":[{"href":"https:\/\/www.electoralcommission.ie\/ga\/wp-json\/wp\/v2\/pages"}],"about":[{"href":"https:\/\/www.electoralcommission.ie\/ga\/wp-json\/wp\/v2\/types\/page"}],"author":[{"embeddable":true,"href":"https:\/\/www.electoralcommission.ie\/ga\/wp-json\/wp\/v2\/users\/1"}],"replies":[{"embeddable":true,"href":"https:\/\/www.electoralcommission.ie\/ga\/wp-json\/wp\/v2\/comments?post=262"}],"version-history":[{"count":3,"href":"https:\/\/www.electoralcommission.ie\/ga\/wp-json\/wp\/v2\/pages\/262\/revisions"}],"predecessor-version":[{"id":330,"href":"https:\/\/www.electoralcommission.ie\/ga\/wp-json\/wp\/v2\/pages\/262\/revisions\/330"}],"wp:featuredmedia":[{"embeddable":true,"href":"https:\/\/www.electoralcommission.ie\/ga\/wp-json\/wp\/v2\/media\/56"}],"wp:attachment":[{"href":"https:\/\/www.electoralcommission.ie\/ga\/wp-json\/wp\/v2\/media?parent=262"}],"curies":[{"name":"wp","href":"https:\/\/api.w.org\/{rel}","templated":true}]}}