
{"id":264,"date":"2023-01-03T11:52:39","date_gmt":"2023-01-03T11:52:39","guid":{"rendered":"https:\/\/www.electoralcommission.ie\/teagmhalaithe\/"},"modified":"2025-08-14T17:10:42","modified_gmt":"2025-08-14T16:10:42","slug":"teagmhalaithe","status":"publish","type":"page","link":"https:\/\/www.electoralcommission.ie\/ga\/teagmhalaithe\/","title":{"rendered":"D\u00e9an Teagmh\u00e1il Linn"},"content":{"rendered":"\n<div class=\"wp-block-uagb-container uagb-block-7503df08 alignfull uagb-is-root-container\"><div class=\"uagb-container-inner-blocks-wrap\">\n<div class=\"wp-block-uagb-advanced-heading uagb-block-18128a1f\"><p class=\"uagb-heading-text\">Foils\u00edmid freagra\u00ed go rialta ar na ceisteanna is m\u00f3 a chuirtear orainn ar \u00e1r leathanach Ceisteanna Coitianta. <br>Seans gur freagra\u00edodh do cheist cheana f\u00e9in, mar sin b\u2019fhi\u00fa clice\u00e1il ar na cnaip\u00ed th\u00edos chun na ceisteanna agus freagra\u00ed faoi gach ceannteideal a l\u00e9amh sula gcuireann t\u00fa ceist chugainn.<\/p><\/div>\n\n\n\n<div class=\"wp-block-uagb-container uagb-block-8021046c\">\n<div class=\"wp-block-buttons d-flex align-items-stretch flex-wrap is-content-justification-center is-layout-flex wp-container-core-buttons-is-layout-16018d1d wp-block-buttons-is-layout-flex\">\n<div class=\"wp-block-button has-custom-font-size is-style-fill is-signup bg-color-blue color-white rounded d-flex align-items-center p-3 mt-1 has-medium-font-size\"><a class=\"wp-block-button__link wp-element-button\" href=\"https:\/\/www.electoralcommission.ie\/ga\/ceisteanna-coitianta-ccanna\/#eolas-ginearalta\">Eolas ginear\u00e1lta<\/a><\/div>\n\n\n\n<div class=\"wp-block-button has-custom-font-size is-style-fill is-signup bg-color-blue color-white d-flex align-items-center rounded p-3 mt-1 has-medium-font-size\"><a class=\"wp-block-button__link wp-element-button\" href=\"https:\/\/www.electoralcommission.ie\/ga\/ceisteanna-coitianta-ccanna\/#iarrthoir\">Iarrth\u00f3ir<\/a><\/div>\n\n\n\n<div class=\"wp-block-button has-custom-font-size is-style-fill is-signup bg-color-blue color-white d-flex align-items-center rounded p-3 mt-1 has-medium-font-size\"><a class=\"wp-block-button__link wp-element-button\" href=\"https:\/\/www.electoralcommission.ie\/ga\/ceisteanna-coitianta-ccanna\/#ceisteanna-faoi-litriocht-toghchain\">Ceisteanna faoi<br>Litr\u00edocht Toghch\u00e1in<\/a><\/div>\n\n\n\n<div class=\"wp-block-button has-custom-font-size is-style-fill is-signup bg-color-blue color-white d-flex align-items-center rounded p-3 mt-1 has-medium-font-size\"><a class=\"wp-block-button__link wp-element-button\" href=\"https:\/\/www.electoralcommission.ie\/ga\/ceisteanna-coitianta-ccanna\/#eolas-faoi-na-toghchain\">Eolas faoi na toghch\u00e1in<\/a><\/div>\n\n\n\n<div class=\"wp-block-button has-custom-font-size is-style-fill is-signup bg-color-blue color-white rounded p-3 mt-1 has-medium-font-size\"><a class=\"wp-block-button__link wp-element-button\" href=\"https:\/\/www.electoralcommission.ie\/ga\/ceisteanna-coitianta-ccanna\/#ceisteanna-faoi-chlar-na-dtoghthoiri\">Ceisteanna faoi Chl\u00e1r<br>na dToghth\u00f3ir\u00ed<\/a><\/div>\n\n\n\n<div class=\"wp-block-button has-custom-font-size is-style-fill is-signup bg-color-blue color-white rounded p-3 mt-1 has-medium-font-size\"><a class=\"wp-block-button__link wp-element-button\" href=\"https:\/\/www.electoralcommission.ie\/ga\/ceisteanna-coitianta-ccanna\/#ceisteanna-faoin-ionad-votala-comhairimh\">Ceisteanna faoin Ionad<br>V\u00f3t\u00e1la\/Comhairimh<\/a><\/div>\n<\/div>\n<\/div>\n<\/div><\/div>\n\n\n<script type=\"text\/javascript\">\n\/* <![CDATA[ *\/\nvar gform;gform||(document.addEventListener(\"gform_main_scripts_loaded\",function(){gform.scriptsLoaded=!0}),document.addEventListener(\"gform\/theme\/scripts_loaded\",function(){gform.themeScriptsLoaded=!0}),window.addEventListener(\"DOMContentLoaded\",function(){gform.domLoaded=!0}),gform={domLoaded:!1,scriptsLoaded:!1,themeScriptsLoaded:!1,isFormEditor:()=>\"function\"==typeof InitializeEditor,callIfLoaded:function(o){return!(!gform.domLoaded||!gform.scriptsLoaded||!gform.themeScriptsLoaded&&!gform.isFormEditor()||(gform.isFormEditor()&&console.warn(\"The use of gform.initializeOnLoaded() is deprecated in the form editor context and will be removed in Gravity Forms 3.1.\"),o(),0))},initializeOnLoaded:function(o){gform.callIfLoaded(o)||(document.addEventListener(\"gform_main_scripts_loaded\",()=>{gform.scriptsLoaded=!0,gform.callIfLoaded(o)}),document.addEventListener(\"gform\/theme\/scripts_loaded\",()=>{gform.themeScriptsLoaded=!0,gform.callIfLoaded(o)}),window.addEventListener(\"DOMContentLoaded\",()=>{gform.domLoaded=!0,gform.callIfLoaded(o)}))},hooks:{action:{},filter:{}},addAction:function(o,r,e,t){gform.addHook(\"action\",o,r,e,t)},addFilter:function(o,r,e,t){gform.addHook(\"filter\",o,r,e,t)},doAction:function(o){gform.doHook(\"action\",o,arguments)},applyFilters:function(o){return gform.doHook(\"filter\",o,arguments)},removeAction:function(o,r){gform.removeHook(\"action\",o,r)},removeFilter:function(o,r,e){gform.removeHook(\"filter\",o,r,e)},addHook:function(o,r,e,t,n){null==gform.hooks[o][r]&&(gform.hooks[o][r]=[]);var d=gform.hooks[o][r];null==n&&(n=r+\"_\"+d.length),gform.hooks[o][r].push({tag:n,callable:e,priority:t=null==t?10:t})},doHook:function(r,o,e){var t;if(e=Array.prototype.slice.call(e,1),null!=gform.hooks[r][o]&&((o=gform.hooks[r][o]).sort(function(o,r){return o.priority-r.priority}),o.forEach(function(o){\"function\"!=typeof(t=o.callable)&&(t=window[t]),\"action\"==r?t.apply(null,e):e[0]=t.apply(null,e)})),\"filter\"==r)return e[0]},removeHook:function(o,r,t,n){var e;null!=gform.hooks[o][r]&&(e=(e=gform.hooks[o][r]).filter(function(o,r,e){return!!(null!=n&&n!=o.tag||null!=t&&t!=o.priority)}),gform.hooks[o][r]=e)}});\n\/* ]]> *\/\n<\/script>\n\n                <div class='gf_browser_gecko gform_wrapper gravity-theme gform-theme--no-framework' data-form-theme='gravity-theme' data-form-index='0' id='gform_wrapper_1' >\n                        <div class='gform_heading'>\n                            <h2 class=\"gform_title\">D\u00e9an Teagmh\u00e1il Linn<\/h2>\n                            <p class='gform_description'><\/p>\n                        <\/div><form method='post' enctype='multipart\/form-data'  id='gform_1'  action='\/ga\/wp-json\/wp\/v2\/pages\/264' data-formid='1' novalidate><div class='gf_invisible ginput_recaptchav3' data-sitekey='6LeNKwEkAAAAAMaV7xUNaf_JVampR863kYnoIWuW' data-tabindex='0'><input id=\"input_c9c7dcecad5b65334d7f35784c08029e\" class=\"gfield_recaptcha_response\" type=\"hidden\" name=\"input_c9c7dcecad5b65334d7f35784c08029e\" value=\"\"\/><\/div>\n                        <div class='gform-body gform_body'><div id='gform_fields_1' class='gform_fields top_label form_sublabel_below description_below validation_below'><fieldset id=\"field_1_1\" class=\"gfield gfield--type-name gfield_contains_required field_sublabel_below gfield--no-description field_description_below field_validation_below gfield_visibility_visible\"  ><legend class='gfield_label gform-field-label gfield_label_before_complex' >D&#039;ainm<span class=\"gfield_required\"><span class=\"gfield_required gfield_required_text\">(Riachtanach)<\/span><\/span><\/legend><div class='ginput_complex ginput_container ginput_container--name no_prefix has_first_name no_middle_name has_last_name no_suffix gf_name_has_2 ginput_container_name gform-grid-row' id='input_1_1'>\n                            \n                            <span id='input_1_1_3_container' class='name_first gform-grid-col gform-grid-col--size-auto' >\n                                                    <input type='text' name='input_1.3' id='input_1_1_3' value=''   aria-required='true'     \/>\n                                                    <label for='input_1_1_3' class='gform-field-label gform-field-label--type-sub '>C\u00e9adainm<\/label>\n                                                <\/span>\n                            \n                            <span id='input_1_1_6_container' class='name_last gform-grid-col gform-grid-col--size-auto' >\n                                                    <input type='text' name='input_1.6' id='input_1_1_6' value=''   aria-required='true'     \/>\n                                                    <label for='input_1_1_6' class='gform-field-label gform-field-label--type-sub '>Sloinne<\/label>\n                                                <\/span>\n                            \n                        <\/div><\/fieldset><div id=\"field_1_2\" class=\"gfield gfield--type-email gfield--width-full gfield_contains_required field_sublabel_below gfield--no-description field_description_below field_validation_below gfield_visibility_visible\"  ><label class='gfield_label gform-field-label' for='input_1_2'>R\u00edomhphost<span class=\"gfield_required\"><span class=\"gfield_required gfield_required_text\">(Riachtanach)<\/span><\/span><\/label><div class='ginput_container ginput_container_email'>\n                            <input name='input_2' id='input_1_2' type='email' value='' class='large'    aria-required=\"true\" aria-invalid=\"false\"  \/>\n                        <\/div><\/div><div id=\"field_1_3\" class=\"gfield gfield--type-select gfield--width-full gfield_contains_required field_sublabel_below gfield--no-description field_description_below field_validation_below gfield_visibility_visible\"  ><label class='gfield_label gform-field-label' for='input_1_3'>\u00c1bhair<span class=\"gfield_required\"><span class=\"gfield_required gfield_required_text\">(Riachtanach)<\/span><\/span><\/label><div class='ginput_container ginput_container_select'><select name='input_3' id='input_1_3' class='large gfield_select'    aria-required=\"true\" aria-invalid=\"false\" ><option value='Fiosr\u00fach\u00e1in Ghinear\u00e1lta' >Fiosr\u00fach\u00e1in Ghinear\u00e1lta<\/option><option value='Rialach\u00e1in' >Rialach\u00e1in<\/option><option value='R\u00edomhphost' >R\u00edomhphost<\/option><option value='Eile' >Eile<\/option><\/select><\/div><\/div><div id=\"field_1_4\" class=\"gfield gfield--type-textarea gfield--width-full gfield_contains_required field_sublabel_below gfield--no-description field_description_below field_validation_below gfield_visibility_visible\"  ><label class='gfield_label gform-field-label' for='input_1_4'>Teachtaireacht<span class=\"gfield_required\"><span class=\"gfield_required gfield_required_text\">(Riachtanach)<\/span><\/span><\/label><div class='ginput_container ginput_container_textarea'><textarea name='input_4' id='input_1_4' class='textarea large'   maxlength='1024'  aria-required=\"true\" aria-invalid=\"false\"   rows='10' cols='50'><\/textarea><\/div><\/div><\/div><\/div>\n        <div class='gform-footer gform_footer top_label'> <input type='submit' id='gform_submit_button_1' class='gform_button button' onclick='gform.submission.handleButtonClick(this);' data-submission-type='submit' value='Cuir ar Aghaidh'  \/> \n            <input type='hidden' class='gform_hidden' name='gform_submission_method' data-js='gform_submission_method_1' value='postback' \/>\n            <input type='hidden' class='gform_hidden' name='gform_theme' data-js='gform_theme_1' id='gform_theme_1' value='gravity-theme' \/>\n            <input type='hidden' class='gform_hidden' name='gform_style_settings' data-js='gform_style_settings_1' id='gform_style_settings_1' value='[]' \/>\n            <input type='hidden' class='gform_hidden' name='is_submit_1' value='1' \/>\n            <input type='hidden' class='gform_hidden' name='gform_submit' value='1' \/>\n            \n            <input type='hidden' class='gform_hidden' name='gform_currency' data-currency='EUR' value='s67f8t\/N+GJO3\/x7Orz1vssXe9n6uZnV+VJ5sj4nwAI4rvCbuipxZIh+IQEz+vWVIjU+Q0TFbItwkXV0ZTPmwCc1Lhhuodu4ySqElPCknsucCnA=' \/>\n            <input type='hidden' class='gform_hidden' name='gform_unique_id' value='' \/>\n            <input type='hidden' class='gform_hidden' name='state_1' value='WyJbXSIsIjUxM2ZiOGRmNGMxOGQ5NTBhZTAyMDc0ZWI0YjBhNzU2Il0=' \/>\n            <input type='hidden' autocomplete='off' class='gform_hidden' name='gform_target_page_number_1' id='gform_target_page_number_1' value='0' \/>\n            <input type='hidden' autocomplete='off' class='gform_hidden' name='gform_source_page_number_1' id='gform_source_page_number_1' value='1' \/>\n            <input type='hidden' name='gform_field_values' value='' \/>\n            \n        <\/div>\n                        <\/form>\n                        <\/div><script type=\"text\/javascript\">\n\/* <![CDATA[ *\/\n gform.initializeOnLoaded( function() {gformInitSpinner( 1, 'https:\/\/www.electoralcommission.ie\/app\/plugins\/gravityforms\/images\/spinner.svg', true );jQuery('#gform_ajax_frame_1').on('load',function(){var contents = jQuery(this).contents().find('*').html();var is_postback = contents.indexOf('GF_AJAX_POSTBACK') >= 0;if(!is_postback){return;}var form_content = jQuery(this).contents().find('#gform_wrapper_1');var is_confirmation = jQuery(this).contents().find('#gform_confirmation_wrapper_1').length > 0;var is_redirect = contents.indexOf('gformRedirect(){') >= 0;var is_form = form_content.length > 0 && ! is_redirect && ! is_confirmation;var mt = parseInt(jQuery('html').css('margin-top'), 10) + parseInt(jQuery('body').css('margin-top'), 10) + 100;if(is_form){jQuery('#gform_wrapper_1').html(form_content.html());if(form_content.hasClass('gform_validation_error')){jQuery('#gform_wrapper_1').addClass('gform_validation_error');} else {jQuery('#gform_wrapper_1').removeClass('gform_validation_error');}setTimeout( function() { \/* delay the scroll by 50 milliseconds to fix a bug in chrome *\/  }, 50 );if(window['gformInitDatepicker']) {gformInitDatepicker();}if(window['gformInitPriceFields']) {gformInitPriceFields();}var current_page = jQuery('#gform_source_page_number_1').val();gformInitSpinner( 1, 'https:\/\/www.electoralcommission.ie\/app\/plugins\/gravityforms\/images\/spinner.svg', true );jQuery(document).trigger('gform_page_loaded', [1, current_page]);window['gf_submitting_1'] = false;}else if(!is_redirect){var confirmation_content = jQuery(this).contents().find('.GF_AJAX_POSTBACK').html();if(!confirmation_content){confirmation_content = contents;}jQuery('#gform_wrapper_1').replaceWith(confirmation_content);jQuery(document).trigger('gform_confirmation_loaded', [1]);window['gf_submitting_1'] = false;wp.a11y.speak(jQuery('#gform_confirmation_message_1').text());}else{jQuery('#gform_1').append(contents);if(window['gformRedirect']) {gformRedirect();}}jQuery(document).trigger(\"gform_pre_post_render\", [{ formId: \"1\", currentPage: \"current_page\", abort: function() { this.preventDefault(); } }]);        if (event && event.defaultPrevented) {                return;        }        const gformWrapperDiv = document.getElementById( \"gform_wrapper_1\" );        if ( gformWrapperDiv ) {            const visibilitySpan = document.createElement( \"span\" );            visibilitySpan.id = \"gform_visibility_test_1\";            gformWrapperDiv.insertAdjacentElement( \"afterend\", visibilitySpan );        }        const visibilityTestDiv = document.getElementById( \"gform_visibility_test_1\" );        let postRenderFired = false;        function triggerPostRender() {            if ( postRenderFired ) {                return;            }            postRenderFired = true;            gform.core.triggerPostRenderEvents( 1, current_page );            if ( visibilityTestDiv ) {                visibilityTestDiv.parentNode.removeChild( visibilityTestDiv );            }        }        function debounce( func, wait, immediate ) {            var timeout;            return function() {                var context = this, args = arguments;                var later = function() {                    timeout = null;                    if ( !immediate ) func.apply( context, args );                };                var callNow = immediate && !timeout;                clearTimeout( timeout );                timeout = setTimeout( later, wait );                if ( callNow ) func.apply( context, args );            };        }        const debouncedTriggerPostRender = debounce( function() {            triggerPostRender();        }, 200 );        if ( visibilityTestDiv && visibilityTestDiv.offsetParent === null ) {            const observer = new MutationObserver( ( mutations ) => {                mutations.forEach( ( mutation ) => {                    if ( mutation.type === 'attributes' && visibilityTestDiv.offsetParent !== null ) {                        debouncedTriggerPostRender();                        observer.disconnect();                    }                });            });            observer.observe( document.body, {                attributes: true,                childList: false,                subtree: true,                attributeFilter: [ 'style', 'class' ],            });        } else {            triggerPostRender();        }    } );} ); \n\/* ]]> *\/\n<\/script>\n\n\n\n\n<p>An Coimisi\u00fan Toghch\u00e1in, Caisle\u00e1n Bhaile \u00c1tha Cliath, Baile \u00c1tha Cliath 2. D02 X8X8<\/p>\n","protected":false},"excerpt":{"rendered":"<p>Foils\u00edmid freagra\u00ed go rialta ar na ceisteanna is m\u00f3 a chuirtear orainn ar \u00e1r leathanach Ceisteanna Coitianta. Seans gur freagra\u00edodh do cheist cheana f\u00e9in, mar sin b\u2019fhi\u00fa clice\u00e1il ar na cnaip\u00ed th\u00edos chun na ceisteanna agus freagra\u00ed faoi gach ceannteideal a l\u00e9amh sula gcuireann t\u00fa ceist chugainn. An Coimisi\u00fan Toghch\u00e1in, Caisle\u00e1n Bhaile \u00c1tha Cliath, Baile &hellip; <a href=\"https:\/\/www.electoralcommission.ie\/ga\/teagmhalaithe\/\">Continued<\/a><\/p>\n","protected":false},"author":1,"featured_media":0,"parent":0,"menu_order":0,"comment_status":"closed","ping_status":"closed","template":"","meta":{"_acf_changed":false,"_relevanssi_hide_post":"","_relevanssi_hide_content":"","_relevanssi_pin_for_all":"","_relevanssi_pin_keywords":"","_relevanssi_unpin_keywords":"","_relevanssi_related_keywords":"","_relevanssi_related_include_ids":"","_relevanssi_related_exclude_ids":"","_relevanssi_related_no_append":"","_relevanssi_related_not_related":"","_relevanssi_related_posts":"5671,9475,10848,5047,11320,10109","_relevanssi_noindex_reason":"","_uag_custom_page_level_css":"","footnotes":""},"class_list":["post-264","page","type-page","status-publish","hentry"],"acf":[],"yoast_head":"<!-- This site is optimized with the Yoast SEO plugin v27.5 - https:\/\/yoast.com\/product\/yoast-seo-wordpress\/ -->\n<title>D\u00e9an Teagmh\u00e1il Linn - Coimisi\u00fan Toghch\u00e1in<\/title>\n<meta name=\"robots\" content=\"index, follow, max-snippet:-1, max-image-preview:large, max-video-preview:-1\" \/>\n<link rel=\"canonical\" href=\"https:\/\/www.electoralcommission.ie\/ga\/teagmhalaithe\/\" \/>\n<meta property=\"og:locale\" content=\"ga_IE\" \/>\n<meta property=\"og:type\" content=\"article\" \/>\n<meta property=\"og:title\" content=\"D\u00e9an Teagmh\u00e1il Linn - Coimisi\u00fan Toghch\u00e1in\" \/>\n<meta property=\"og:description\" content=\"Foils\u00edmid freagra\u00ed go rialta ar na ceisteanna is m\u00f3 a chuirtear orainn ar \u00e1r leathanach Ceisteanna Coitianta. Seans gur freagra\u00edodh do cheist cheana f\u00e9in, mar sin b\u2019fhi\u00fa clice\u00e1il ar na cnaip\u00ed th\u00edos chun na ceisteanna agus freagra\u00ed faoi gach ceannteideal a l\u00e9amh sula gcuireann t\u00fa ceist chugainn. An Coimisi\u00fan Toghch\u00e1in, Caisle\u00e1n Bhaile \u00c1tha Cliath, Baile &hellip; Continued\" \/>\n<meta property=\"og:url\" content=\"https:\/\/www.electoralcommission.ie\/ga\/teagmhalaithe\/\" \/>\n<meta property=\"og:site_name\" content=\"Coimisi\u00fan Toghch\u00e1in\" \/>\n<meta property=\"article:modified_time\" content=\"2025-08-14T16:10:42+00:00\" \/>\n<meta name=\"twitter:card\" content=\"summary_large_image\" \/>\n<meta name=\"twitter:label1\" content=\"Est. reading time\" \/>\n\t<meta name=\"twitter:data1\" content=\"1 minute\" \/>\n<script type=\"application\/ld+json\" class=\"yoast-schema-graph\">{\"@context\":\"https:\\\/\\\/schema.org\",\"@graph\":[{\"@type\":\"WebPage\",\"@id\":\"https:\\\/\\\/www.electoralcommission.ie\\\/ga\\\/teagmhalaithe\\\/\",\"url\":\"https:\\\/\\\/www.electoralcommission.ie\\\/ga\\\/teagmhalaithe\\\/\",\"name\":\"D\u00e9an Teagmh\u00e1il Linn - Coimisi\u00fan Toghch\u00e1in\",\"isPartOf\":{\"@id\":\"https:\\\/\\\/www.electoralcommission.ie\\\/ga\\\/#website\"},\"datePublished\":\"2023-01-03T11:52:39+00:00\",\"dateModified\":\"2025-08-14T16:10:42+00:00\",\"breadcrumb\":{\"@id\":\"https:\\\/\\\/www.electoralcommission.ie\\\/ga\\\/teagmhalaithe\\\/#breadcrumb\"},\"inLanguage\":\"ga-IE\",\"potentialAction\":[{\"@type\":\"ReadAction\",\"target\":[\"https:\\\/\\\/www.electoralcommission.ie\\\/ga\\\/teagmhalaithe\\\/\"]}]},{\"@type\":\"BreadcrumbList\",\"@id\":\"https:\\\/\\\/www.electoralcommission.ie\\\/ga\\\/teagmhalaithe\\\/#breadcrumb\",\"itemListElement\":[{\"@type\":\"ListItem\",\"position\":1,\"name\":\"Baile\",\"item\":\"https:\\\/\\\/www.electoralcommission.ie\\\/ga\\\/\"},{\"@type\":\"ListItem\",\"position\":2,\"name\":\"D\u00e9an Teagmh\u00e1il Linn\"}]},{\"@type\":\"WebSite\",\"@id\":\"https:\\\/\\\/www.electoralcommission.ie\\\/ga\\\/#website\",\"url\":\"https:\\\/\\\/www.electoralcommission.ie\\\/ga\\\/\",\"name\":\"Coimisi\u00fan Toghch\u00e1in\",\"description\":\"Ireland&#039;s Statutory, Independent Electoral Commission\",\"potentialAction\":[{\"@type\":\"SearchAction\",\"target\":{\"@type\":\"EntryPoint\",\"urlTemplate\":\"https:\\\/\\\/www.electoralcommission.ie\\\/ga\\\/?s={search_term_string}\"},\"query-input\":{\"@type\":\"PropertyValueSpecification\",\"valueRequired\":true,\"valueName\":\"search_term_string\"}}],\"inLanguage\":\"ga-IE\"}]}<\/script>\n<!-- \/ Yoast SEO plugin. -->","yoast_head_json":{"title":"D\u00e9an Teagmh\u00e1il Linn - Coimisi\u00fan Toghch\u00e1in","robots":{"index":"index","follow":"follow","max-snippet":"max-snippet:-1","max-image-preview":"max-image-preview:large","max-video-preview":"max-video-preview:-1"},"canonical":"https:\/\/www.electoralcommission.ie\/ga\/teagmhalaithe\/","og_locale":"ga_IE","og_type":"article","og_title":"D\u00e9an Teagmh\u00e1il Linn - Coimisi\u00fan Toghch\u00e1in","og_description":"Foils\u00edmid freagra\u00ed go rialta ar na ceisteanna is m\u00f3 a chuirtear orainn ar \u00e1r leathanach Ceisteanna Coitianta. Seans gur freagra\u00edodh do cheist cheana f\u00e9in, mar sin b\u2019fhi\u00fa clice\u00e1il ar na cnaip\u00ed th\u00edos chun na ceisteanna agus freagra\u00ed faoi gach ceannteideal a l\u00e9amh sula gcuireann t\u00fa ceist chugainn. An Coimisi\u00fan Toghch\u00e1in, Caisle\u00e1n Bhaile \u00c1tha Cliath, Baile &hellip; Continued","og_url":"https:\/\/www.electoralcommission.ie\/ga\/teagmhalaithe\/","og_site_name":"Coimisi\u00fan Toghch\u00e1in","article_modified_time":"2025-08-14T16:10:42+00:00","twitter_card":"summary_large_image","twitter_misc":{"Est. reading time":"1 minute"},"schema":{"@context":"https:\/\/schema.org","@graph":[{"@type":"WebPage","@id":"https:\/\/www.electoralcommission.ie\/ga\/teagmhalaithe\/","url":"https:\/\/www.electoralcommission.ie\/ga\/teagmhalaithe\/","name":"D\u00e9an Teagmh\u00e1il Linn - Coimisi\u00fan Toghch\u00e1in","isPartOf":{"@id":"https:\/\/www.electoralcommission.ie\/ga\/#website"},"datePublished":"2023-01-03T11:52:39+00:00","dateModified":"2025-08-14T16:10:42+00:00","breadcrumb":{"@id":"https:\/\/www.electoralcommission.ie\/ga\/teagmhalaithe\/#breadcrumb"},"inLanguage":"ga-IE","potentialAction":[{"@type":"ReadAction","target":["https:\/\/www.electoralcommission.ie\/ga\/teagmhalaithe\/"]}]},{"@type":"BreadcrumbList","@id":"https:\/\/www.electoralcommission.ie\/ga\/teagmhalaithe\/#breadcrumb","itemListElement":[{"@type":"ListItem","position":1,"name":"Baile","item":"https:\/\/www.electoralcommission.ie\/ga\/"},{"@type":"ListItem","position":2,"name":"D\u00e9an Teagmh\u00e1il Linn"}]},{"@type":"WebSite","@id":"https:\/\/www.electoralcommission.ie\/ga\/#website","url":"https:\/\/www.electoralcommission.ie\/ga\/","name":"Coimisi\u00fan Toghch\u00e1in","description":"Ireland&#039;s Statutory, Independent Electoral Commission","potentialAction":[{"@type":"SearchAction","target":{"@type":"EntryPoint","urlTemplate":"https:\/\/www.electoralcommission.ie\/ga\/?s={search_term_string}"},"query-input":{"@type":"PropertyValueSpecification","valueRequired":true,"valueName":"search_term_string"}}],"inLanguage":"ga-IE"}]}},"uagb_featured_image_src":{"full":false,"thumbnail":false,"medium":false,"medium_large":false,"large":false,"1536x1536":false,"2048x2048":false,"gform-image-choice-sm":false,"gform-image-choice-md":false,"gform-image-choice-lg":false},"uagb_author_info":{"display_name":"Jose","author_link":"https:\/\/www.electoralcommission.ie\/ga\/author\/jose\/"},"uagb_comment_info":0,"uagb_excerpt":"Foils\u00edmid freagra\u00ed go rialta ar na ceisteanna is m\u00f3 a chuirtear orainn ar \u00e1r leathanach Ceisteanna Coitianta. Seans gur freagra\u00edodh do cheist cheana f\u00e9in, mar sin b\u2019fhi\u00fa clice\u00e1il ar na cnaip\u00ed th\u00edos chun na ceisteanna agus freagra\u00ed faoi gach ceannteideal a l\u00e9amh sula gcuireann t\u00fa ceist chugainn. An Coimisi\u00fan Toghch\u00e1in, Caisle\u00e1n Bhaile \u00c1tha Cliath, Baile&hellip;","_links":{"self":[{"href":"https:\/\/www.electoralcommission.ie\/ga\/wp-json\/wp\/v2\/pages\/264","targetHints":{"allow":["GET"]}}],"collection":[{"href":"https:\/\/www.electoralcommission.ie\/ga\/wp-json\/wp\/v2\/pages"}],"about":[{"href":"https:\/\/www.electoralcommission.ie\/ga\/wp-json\/wp\/v2\/types\/page"}],"author":[{"embeddable":true,"href":"https:\/\/www.electoralcommission.ie\/ga\/wp-json\/wp\/v2\/users\/1"}],"replies":[{"embeddable":true,"href":"https:\/\/www.electoralcommission.ie\/ga\/wp-json\/wp\/v2\/comments?post=264"}],"version-history":[{"count":15,"href":"https:\/\/www.electoralcommission.ie\/ga\/wp-json\/wp\/v2\/pages\/264\/revisions"}],"predecessor-version":[{"id":14271,"href":"https:\/\/www.electoralcommission.ie\/ga\/wp-json\/wp\/v2\/pages\/264\/revisions\/14271"}],"wp:attachment":[{"href":"https:\/\/www.electoralcommission.ie\/ga\/wp-json\/wp\/v2\/media?parent=264"}],"curies":[{"name":"wp","href":"https:\/\/api.w.org\/{rel}","templated":true}]}}