
{"id":5409,"date":"2023-06-29T14:19:55","date_gmt":"2023-06-29T13:19:55","guid":{"rendered":"https:\/\/www.electoralcommission.ie\/foilseachain\/foilseachain-chorparaideacha\/"},"modified":"2024-11-04T21:07:14","modified_gmt":"2024-11-04T21:07:14","slug":"foilseachain-chorparaideacha","status":"publish","type":"page","link":"https:\/\/www.electoralcommission.ie\/ga\/foilseachain\/foilseachain-chorparaideacha\/","title":{"rendered":"Foilseach\u00e1in Chorpar\u00e1ideacha"},"content":{"rendered":"\n<div class=\"wp-block-uagb-container uagb-block-1ed2f749 alignfull uagb-is-root-container\">\n<div class=\"wp-block-uagb-container uagb-block-09dd1692\"><\/div>\n\n\n\n<div class=\"wp-block-uagb-container uagb-block-c193ff37\">\n<div class=\"wp-block-uagb-container negative-margin uagb-block-5f0440f1\">\n<div class=\"wp-block-buttons is-content-justification-center is-layout-flex wp-container-core-buttons-is-layout-16018d1d wp-block-buttons-is-layout-flex\">\n<div class=\"wp-block-button is-style-fill is-signup bg-color-blue color-white rounded p-3 mt-1\"><a class=\"wp-block-button__link wp-element-button\" href=\"\/ga\/foilseachain\/\">Gach<\/a><\/div>\n\n\n\n<div class=\"wp-block-button is-style-fill is-signup bg-color-blue color-white rounded p-3 mt-1\"><a class=\"wp-block-button__link wp-element-button\" href=\"\/ga\/foilseachain\/tuarascalacha-athbhreithnithe-toghlaigh\/\">Athbhreithnithe Toghlaigh<\/a><\/div>\n\n\n\n<div class=\"wp-block-button is-style-fill is-signup bg-color-yellow color-black rounded p-3 mt-1\"><a class=\"wp-block-button__link has-black-color has-text-color has-background has-link-color wp-element-button\" href=\"\/ga\/foilseachain\/foilseachain-chorparaideacha\/\" style=\"background-color:#f0c139\">Foilseach\u00e1in Chorpar\u00e1ideacha<\/a><\/div>\n\n\n\n<div class=\"wp-block-button is-style-fill is-signup bg-color-blue color-white rounded  p-3 mt-1\"><a class=\"wp-block-button__link wp-element-button\" href=\"\/ga\/foilseachain\/leabhrain-eolais-an-reifrinn\">Leabhr\u00e1in eolais an reifrinn<\/a><\/div>\n\n\n\n<div class=\"wp-block-button is-style-fill is-signup bg-color-blue color-white rounded p-3 mt-1\"><a class=\"wp-block-button__link wp-element-button\" href=\"\/ga\/foilseachain\/clar-na-bpairtithe-polaitiochta\/\">Cl\u00e1r na bP\u00e1irtithe Polait\u00edochta<\/a><\/div>\n\n\n\n<div class=\"wp-block-button is-style-fill is-signup bg-color-blue color-white rounded  p-3 mt-1\"><a class=\"wp-block-button__link wp-element-button\" href=\"\/ga\/foilseachain\/foilseachain-taighde\/\">Foilseach\u00e1in Taighde<\/a><\/div>\n\n\n\n<div class=\"wp-block-button is-style-fill is-signup bg-color-blue color-white rounded  p-3 mt-1\"><a class=\"wp-block-button__link wp-element-button\" href=\"\/ga\/foilseachain\/oideachas\/\">Oideachas<\/a><\/div>\n\n\n\n<div class=\"wp-block-button is-style-fill is-signup bg-color-blue color-white rounded  p-3 mt-1\"><a class=\"wp-block-button__link wp-element-button\" href=\"\/ga\/foilseachain\/athbhreithniu-i-ndiaidh-imeacht-toghchain\/\">Athbhreithni\u00fa I nDiaidh Imeacht Toghch\u00e1in<\/a><\/div>\n<\/div>\n<\/div>\n<\/div>\n<\/div>\n\n\n\n<div class=\"wp-block-uagb-container uagb-block-65c2bcde alignfull uagb-is-root-container\">\n<div class=\"wp-block-uagb-container uagb-block-7b5f4a0f\">\n<div class=\"wp-block-query is-layout-flow wp-block-query-is-layout-flow\"><ul class=\"columns-1 d-flex justify-content-center align-items-stretch flex-wrap wp-block-post-template is-layout-grid wp-container-core-post-template-is-layout-f9ac393c wp-block-post-template-is-layout-grid\"><li class=\"wp-block-post post-14137 post type-post status-publish format-standard has-post-thumbnail hentry category-foilseachain category-foilseachain-chorparaideacha\">\n\n<div class=\"wp-block-uagb-container h-100 uagb-block-1f5980d7\">\n<div class=\"wp-block-uagb-container position-static uagb-block-9ee833ac\"><figure class=\"position-static wp-block-post-featured-image\"><img loading=\"lazy\" decoding=\"async\" width=\"300\" height=\"400\" src=\"https:\/\/www.electoralcommission.ie\/app\/uploads\/2025\/07\/2024-annual-report-ga.jpg\" class=\"attachment-post-thumbnail size-post-thumbnail wp-post-image\" alt=\"\" style=\"object-fit:cover;\" srcset=\"https:\/\/www.electoralcommission.ie\/app\/uploads\/2025\/07\/2024-annual-report-ga.jpg 300w, https:\/\/www.electoralcommission.ie\/app\/uploads\/2025\/07\/2024-annual-report-ga-225x300.jpg 225w\" sizes=\"auto, (max-width: 300px) 100vw, 300px\" \/><\/figure>\n\n<h2 class=\"wp-block-post-title\">Tuarasc\u00e1il Bhliant\u00fail 2024<\/h2>\n\n<div class=\"wp-block-post-date\"><time datetime=\"2025-07-30T17:46:24+01:00\">30 I\u00fail 2025<\/time><\/div><\/div>\n\n\n\n<div class=\"wp-block-uagb-container uagb-block-6c43b343\">\n<div class=\"wp-block-uagb-container is-dlbtn uagb-block-31ceb3c2\">\n<div class=\"wp-block-uagb-advanced-heading uagb-block-d051a7a7\"><p class=\"uagb-heading-text\">\u00cdosl\u00f3d\u00e1il<\/p><\/div>\n<\/div>\n<\/div>\n<\/div>\n\n<\/li><li class=\"wp-block-post post-11227 post type-post status-publish format-standard has-post-thumbnail hentry category-foilseachain category-foilseachain-chorparaideacha\">\n\n<div class=\"wp-block-uagb-container h-100 uagb-block-1f5980d7\">\n<div class=\"wp-block-uagb-container position-static uagb-block-9ee833ac\"><figure class=\"position-static wp-block-post-featured-image\"><img loading=\"lazy\" decoding=\"async\" width=\"1500\" height=\"2000\" src=\"https:\/\/www.electoralcommission.ie\/app\/uploads\/2024\/09\/CoverTemplate300-x-400-mm.png\" class=\"attachment-post-thumbnail size-post-thumbnail wp-post-image\" alt=\"\" style=\"object-fit:cover;\" srcset=\"https:\/\/www.electoralcommission.ie\/app\/uploads\/2024\/09\/CoverTemplate300-x-400-mm.png 1500w, https:\/\/www.electoralcommission.ie\/app\/uploads\/2024\/09\/CoverTemplate300-x-400-mm-225x300.png 225w, https:\/\/www.electoralcommission.ie\/app\/uploads\/2024\/09\/CoverTemplate300-x-400-mm-768x1024.png 768w, https:\/\/www.electoralcommission.ie\/app\/uploads\/2024\/09\/CoverTemplate300-x-400-mm-1152x1536.png 1152w\" sizes=\"auto, (max-width: 1500px) 100vw, 1500px\" \/><\/figure>\n\n<h2 class=\"wp-block-post-title\">Decision of the Board of An Coimisi\u00fan Toghch\u00e1in<\/h2>\n\n<div class=\"wp-block-post-date\"><time datetime=\"2024-09-12T15:46:35+01:00\">12 Me\u00e1n F\u00f3mhair 2024<\/time><\/div><\/div>\n\n\n\n<div class=\"wp-block-uagb-container uagb-block-6c43b343\">\n<div class=\"wp-block-uagb-container is-dlbtn uagb-block-31ceb3c2\">\n<div class=\"wp-block-uagb-advanced-heading uagb-block-d051a7a7\"><p class=\"uagb-heading-text\">\u00cdosl\u00f3d\u00e1il<\/p><\/div>\n<\/div>\n<\/div>\n<\/div>\n\n<\/li><li class=\"wp-block-post post-11229 post type-post status-publish format-standard has-post-thumbnail hentry category-foilseachain category-foilseachain-chorparaideacha\">\n\n<div class=\"wp-block-uagb-container h-100 uagb-block-1f5980d7\">\n<div class=\"wp-block-uagb-container position-static uagb-block-9ee833ac\"><figure class=\"position-static wp-block-post-featured-image\"><img loading=\"lazy\" decoding=\"async\" width=\"1500\" height=\"2000\" src=\"https:\/\/www.electoralcommission.ie\/app\/uploads\/2024\/09\/Cover-300-x-400-mm-2.jpg\" class=\"attachment-post-thumbnail size-post-thumbnail wp-post-image\" alt=\"Document cover with text that says\" style=\"object-fit:cover;\" srcset=\"https:\/\/www.electoralcommission.ie\/app\/uploads\/2024\/09\/Cover-300-x-400-mm-2.jpg 1500w, https:\/\/www.electoralcommission.ie\/app\/uploads\/2024\/09\/Cover-300-x-400-mm-2-225x300.jpg 225w, https:\/\/www.electoralcommission.ie\/app\/uploads\/2024\/09\/Cover-300-x-400-mm-2-768x1024.jpg 768w, https:\/\/www.electoralcommission.ie\/app\/uploads\/2024\/09\/Cover-300-x-400-mm-2-1152x1536.jpg 1152w\" sizes=\"auto, (max-width: 1500px) 100vw, 1500px\" \/><\/figure>\n\n<h2 class=\"wp-block-post-title\">Letter to Coimisi\u00fan na Me\u00e1n Broadcasting and Video-On-Demand Commissioner in relation to the broadcast moratorium<\/h2>\n\n<div class=\"wp-block-post-date\"><time datetime=\"2024-09-09T14:47:11+01:00\">9 Me\u00e1n F\u00f3mhair 2024<\/time><\/div><\/div>\n\n\n\n<div class=\"wp-block-uagb-container uagb-block-6c43b343\">\n<div class=\"wp-block-uagb-container is-dlbtn uagb-block-31ceb3c2\">\n<div class=\"wp-block-uagb-advanced-heading uagb-block-d051a7a7\"><p class=\"uagb-heading-text\">\u00cdosl\u00f3d\u00e1il<\/p><\/div>\n<\/div>\n<\/div>\n<\/div>\n\n<\/li><li class=\"wp-block-post post-10980 post type-post status-publish format-standard has-post-thumbnail hentry category-foilseachain category-foilseachain-chorparaideacha category-publications\">\n\n<div class=\"wp-block-uagb-container h-100 uagb-block-1f5980d7\">\n<div class=\"wp-block-uagb-container position-static uagb-block-9ee833ac\"><figure class=\"position-static wp-block-post-featured-image\"><img loading=\"lazy\" decoding=\"async\" width=\"340\" height=\"400\" src=\"https:\/\/www.electoralcommission.ie\/app\/uploads\/2024\/09\/3.png\" class=\"attachment-post-thumbnail size-post-thumbnail wp-post-image\" alt=\"\" style=\"object-fit:cover;\" srcset=\"https:\/\/www.electoralcommission.ie\/app\/uploads\/2024\/09\/3.png 340w, https:\/\/www.electoralcommission.ie\/app\/uploads\/2024\/09\/3-255x300.png 255w\" sizes=\"auto, (max-width: 340px) 100vw, 340px\" \/><\/figure>\n\n<h2 class=\"wp-block-post-title\">R\u00e1iteas Strait\u00e9ise 2024 &#8211; 2026<\/h2>\n\n<div class=\"wp-block-post-date\"><time datetime=\"2024-09-04T10:01:10+01:00\">4 Me\u00e1n F\u00f3mhair 2024<\/time><\/div><\/div>\n\n\n\n<div class=\"wp-block-uagb-container uagb-block-6c43b343\">\n<div class=\"wp-block-uagb-container is-dlbtn uagb-block-31ceb3c2\">\n<div class=\"wp-block-uagb-advanced-heading uagb-block-d051a7a7\"><p class=\"uagb-heading-text\">\u00cdosl\u00f3d\u00e1il<\/p><\/div>\n<\/div>\n<\/div>\n<\/div>\n\n<\/li><li class=\"wp-block-post post-10435 post type-post status-publish format-standard has-post-thumbnail hentry category-foilseachain category-foilseachain-chorparaideacha\">\n\n<div class=\"wp-block-uagb-container h-100 uagb-block-1f5980d7\">\n<div class=\"wp-block-uagb-container position-static uagb-block-9ee833ac\"><figure class=\"position-static wp-block-post-featured-image\"><img loading=\"lazy\" decoding=\"async\" width=\"340\" height=\"400\" src=\"https:\/\/www.electoralcommission.ie\/app\/uploads\/2024\/06\/tuarascail-bhliantuil-2023.png\" class=\"attachment-post-thumbnail size-post-thumbnail wp-post-image\" alt=\"\" style=\"object-fit:cover;\" srcset=\"https:\/\/www.electoralcommission.ie\/app\/uploads\/2024\/06\/tuarascail-bhliantuil-2023.png 340w, https:\/\/www.electoralcommission.ie\/app\/uploads\/2024\/06\/tuarascail-bhliantuil-2023-255x300.png 255w\" sizes=\"auto, (max-width: 340px) 100vw, 340px\" \/><\/figure>\n\n<h2 class=\"wp-block-post-title\">2023 Tuarasc\u00e1il Bhliant\u00fail<\/h2>\n\n<div class=\"wp-block-post-date\"><time datetime=\"2024-06-28T14:16:16+01:00\">28 Meitheamh 2024<\/time><\/div><\/div>\n\n\n\n<div class=\"wp-block-uagb-container uagb-block-6c43b343\">\n<div class=\"wp-block-uagb-container is-dlbtn uagb-block-31ceb3c2\">\n<div class=\"wp-block-uagb-advanced-heading uagb-block-d051a7a7\"><p class=\"uagb-heading-text\">\u00cdosl\u00f3d\u00e1il<\/p><\/div>\n<\/div>\n<\/div>\n<\/div>\n\n<\/li><\/ul>\n\n<\/div>\n<\/div>\n<\/div>\n","protected":false},"excerpt":{"rendered":"","protected":false},"author":24,"featured_media":0,"parent":5401,"menu_order":0,"comment_status":"closed","ping_status":"closed","template":"","meta":{"_acf_changed":false,"_relevanssi_hide_post":"","_relevanssi_hide_content":"","_relevanssi_pin_for_all":"","_relevanssi_pin_keywords":"","_relevanssi_unpin_keywords":"","_relevanssi_related_keywords":"","_relevanssi_related_include_ids":"","_relevanssi_related_exclude_ids":"","_relevanssi_related_no_append":"","_relevanssi_related_not_related":"","_relevanssi_related_posts":"9475,11000,5041,5031,10834,6474","_relevanssi_noindex_reason":"","_uag_custom_page_level_css":"","footnotes":""},"class_list":["post-5409","page","type-page","status-publish","hentry"],"acf":[],"yoast_head":"<!-- This site is optimized with the Yoast SEO plugin v27.5 - https:\/\/yoast.com\/product\/yoast-seo-wordpress\/ -->\n<title>Foilseach\u00e1in Chorpar\u00e1ideacha - Coimisi\u00fan Toghch\u00e1in<\/title>\n<meta name=\"robots\" content=\"index, follow, max-snippet:-1, max-image-preview:large, max-video-preview:-1\" \/>\n<link rel=\"canonical\" href=\"https:\/\/www.electoralcommission.ie\/ga\/foilseachain\/foilseachain-chorparaideacha\/\" \/>\n<meta property=\"og:locale\" content=\"ga_IE\" \/>\n<meta property=\"og:type\" content=\"article\" \/>\n<meta property=\"og:title\" content=\"Foilseach\u00e1in Chorpar\u00e1ideacha - Coimisi\u00fan Toghch\u00e1in\" \/>\n<meta property=\"og:url\" content=\"https:\/\/www.electoralcommission.ie\/ga\/foilseachain\/foilseachain-chorparaideacha\/\" \/>\n<meta property=\"og:site_name\" content=\"Coimisi\u00fan Toghch\u00e1in\" \/>\n<meta property=\"article:modified_time\" content=\"2024-11-04T21:07:14+00:00\" \/>\n<meta name=\"twitter:card\" content=\"summary_large_image\" \/>\n<meta name=\"twitter:label1\" content=\"Est. reading time\" \/>\n\t<meta name=\"twitter:data1\" content=\"1 minute\" \/>\n<script type=\"application\/ld+json\" class=\"yoast-schema-graph\">{\"@context\":\"https:\\\/\\\/schema.org\",\"@graph\":[{\"@type\":\"WebPage\",\"@id\":\"https:\\\/\\\/www.electoralcommission.ie\\\/ga\\\/foilseachain\\\/foilseachain-chorparaideacha\\\/\",\"url\":\"https:\\\/\\\/www.electoralcommission.ie\\\/ga\\\/foilseachain\\\/foilseachain-chorparaideacha\\\/\",\"name\":\"Foilseach\u00e1in Chorpar\u00e1ideacha - Coimisi\u00fan Toghch\u00e1in\",\"isPartOf\":{\"@id\":\"https:\\\/\\\/www.electoralcommission.ie\\\/ga\\\/#website\"},\"datePublished\":\"2023-06-29T13:19:55+00:00\",\"dateModified\":\"2024-11-04T21:07:14+00:00\",\"breadcrumb\":{\"@id\":\"https:\\\/\\\/www.electoralcommission.ie\\\/ga\\\/foilseachain\\\/foilseachain-chorparaideacha\\\/#breadcrumb\"},\"inLanguage\":\"ga-IE\",\"potentialAction\":[{\"@type\":\"ReadAction\",\"target\":[\"https:\\\/\\\/www.electoralcommission.ie\\\/ga\\\/foilseachain\\\/foilseachain-chorparaideacha\\\/\"]}]},{\"@type\":\"BreadcrumbList\",\"@id\":\"https:\\\/\\\/www.electoralcommission.ie\\\/ga\\\/foilseachain\\\/foilseachain-chorparaideacha\\\/#breadcrumb\",\"itemListElement\":[{\"@type\":\"ListItem\",\"position\":1,\"name\":\"Baile\",\"item\":\"https:\\\/\\\/www.electoralcommission.ie\\\/ga\\\/\"},{\"@type\":\"ListItem\",\"position\":2,\"name\":\"Foilseach\u00e1in\",\"item\":\"https:\\\/\\\/www.electoralcommission.ie\\\/ga\\\/foilseachain\\\/\"},{\"@type\":\"ListItem\",\"position\":3,\"name\":\"Foilseach\u00e1in Chorpar\u00e1ideacha\"}]},{\"@type\":\"WebSite\",\"@id\":\"https:\\\/\\\/www.electoralcommission.ie\\\/ga\\\/#website\",\"url\":\"https:\\\/\\\/www.electoralcommission.ie\\\/ga\\\/\",\"name\":\"Coimisi\u00fan Toghch\u00e1in\",\"description\":\"Ireland&#039;s Statutory, Independent Electoral Commission\",\"potentialAction\":[{\"@type\":\"SearchAction\",\"target\":{\"@type\":\"EntryPoint\",\"urlTemplate\":\"https:\\\/\\\/www.electoralcommission.ie\\\/ga\\\/?s={search_term_string}\"},\"query-input\":{\"@type\":\"PropertyValueSpecification\",\"valueRequired\":true,\"valueName\":\"search_term_string\"}}],\"inLanguage\":\"ga-IE\"}]}<\/script>\n<!-- \/ Yoast SEO plugin. -->","yoast_head_json":{"title":"Foilseach\u00e1in Chorpar\u00e1ideacha - Coimisi\u00fan Toghch\u00e1in","robots":{"index":"index","follow":"follow","max-snippet":"max-snippet:-1","max-image-preview":"max-image-preview:large","max-video-preview":"max-video-preview:-1"},"canonical":"https:\/\/www.electoralcommission.ie\/ga\/foilseachain\/foilseachain-chorparaideacha\/","og_locale":"ga_IE","og_type":"article","og_title":"Foilseach\u00e1in Chorpar\u00e1ideacha - Coimisi\u00fan Toghch\u00e1in","og_url":"https:\/\/www.electoralcommission.ie\/ga\/foilseachain\/foilseachain-chorparaideacha\/","og_site_name":"Coimisi\u00fan Toghch\u00e1in","article_modified_time":"2024-11-04T21:07:14+00:00","twitter_card":"summary_large_image","twitter_misc":{"Est. reading time":"1 minute"},"schema":{"@context":"https:\/\/schema.org","@graph":[{"@type":"WebPage","@id":"https:\/\/www.electoralcommission.ie\/ga\/foilseachain\/foilseachain-chorparaideacha\/","url":"https:\/\/www.electoralcommission.ie\/ga\/foilseachain\/foilseachain-chorparaideacha\/","name":"Foilseach\u00e1in Chorpar\u00e1ideacha - Coimisi\u00fan Toghch\u00e1in","isPartOf":{"@id":"https:\/\/www.electoralcommission.ie\/ga\/#website"},"datePublished":"2023-06-29T13:19:55+00:00","dateModified":"2024-11-04T21:07:14+00:00","breadcrumb":{"@id":"https:\/\/www.electoralcommission.ie\/ga\/foilseachain\/foilseachain-chorparaideacha\/#breadcrumb"},"inLanguage":"ga-IE","potentialAction":[{"@type":"ReadAction","target":["https:\/\/www.electoralcommission.ie\/ga\/foilseachain\/foilseachain-chorparaideacha\/"]}]},{"@type":"BreadcrumbList","@id":"https:\/\/www.electoralcommission.ie\/ga\/foilseachain\/foilseachain-chorparaideacha\/#breadcrumb","itemListElement":[{"@type":"ListItem","position":1,"name":"Baile","item":"https:\/\/www.electoralcommission.ie\/ga\/"},{"@type":"ListItem","position":2,"name":"Foilseach\u00e1in","item":"https:\/\/www.electoralcommission.ie\/ga\/foilseachain\/"},{"@type":"ListItem","position":3,"name":"Foilseach\u00e1in Chorpar\u00e1ideacha"}]},{"@type":"WebSite","@id":"https:\/\/www.electoralcommission.ie\/ga\/#website","url":"https:\/\/www.electoralcommission.ie\/ga\/","name":"Coimisi\u00fan Toghch\u00e1in","description":"Ireland&#039;s Statutory, Independent Electoral Commission","potentialAction":[{"@type":"SearchAction","target":{"@type":"EntryPoint","urlTemplate":"https:\/\/www.electoralcommission.ie\/ga\/?s={search_term_string}"},"query-input":{"@type":"PropertyValueSpecification","valueRequired":true,"valueName":"search_term_string"}}],"inLanguage":"ga-IE"}]}},"uagb_featured_image_src":{"full":false,"thumbnail":false,"medium":false,"medium_large":false,"large":false,"1536x1536":false,"2048x2048":false,"gform-image-choice-sm":false,"gform-image-choice-md":false,"gform-image-choice-lg":false},"uagb_author_info":{"display_name":"Alice Kiernan","author_link":"https:\/\/www.electoralcommission.ie\/ga\/author\/alice-kiernan\/"},"uagb_comment_info":0,"uagb_excerpt":null,"_links":{"self":[{"href":"https:\/\/www.electoralcommission.ie\/ga\/wp-json\/wp\/v2\/pages\/5409","targetHints":{"allow":["GET"]}}],"collection":[{"href":"https:\/\/www.electoralcommission.ie\/ga\/wp-json\/wp\/v2\/pages"}],"about":[{"href":"https:\/\/www.electoralcommission.ie\/ga\/wp-json\/wp\/v2\/types\/page"}],"author":[{"embeddable":true,"href":"https:\/\/www.electoralcommission.ie\/ga\/wp-json\/wp\/v2\/users\/24"}],"replies":[{"embeddable":true,"href":"https:\/\/www.electoralcommission.ie\/ga\/wp-json\/wp\/v2\/comments?post=5409"}],"version-history":[{"count":5,"href":"https:\/\/www.electoralcommission.ie\/ga\/wp-json\/wp\/v2\/pages\/5409\/revisions"}],"predecessor-version":[{"id":11630,"href":"https:\/\/www.electoralcommission.ie\/ga\/wp-json\/wp\/v2\/pages\/5409\/revisions\/11630"}],"up":[{"embeddable":true,"href":"https:\/\/www.electoralcommission.ie\/ga\/wp-json\/wp\/v2\/pages\/5401"}],"wp:attachment":[{"href":"https:\/\/www.electoralcommission.ie\/ga\/wp-json\/wp\/v2\/media?parent=5409"}],"curies":[{"name":"wp","href":"https:\/\/api.w.org\/{rel}","templated":true}]}}