
{"id":5411,"date":"2023-06-29T14:20:36","date_gmt":"2023-06-29T13:20:36","guid":{"rendered":"https:\/\/www.electoralcommission.ie\/foilseachain\/eolas-ar-thoghchain\/"},"modified":"2023-08-16T13:00:20","modified_gmt":"2023-08-16T12:00:20","slug":"eolas-ar-thoghchain","status":"publish","type":"page","link":"https:\/\/www.electoralcommission.ie\/ga\/foilseachain\/eolas-ar-thoghchain\/","title":{"rendered":"Eolas ar Thoghch\u00e1in"},"content":{"rendered":"\n<div style=\"height:45px\" aria-hidden=\"true\" class=\"wp-block-spacer\"><\/div>\n\n\n\n<div class=\"wp-block-buttons is-content-justification-center is-layout-flex wp-container-core-buttons-is-layout-16018d1d wp-block-buttons-is-layout-flex\">\n<div class=\"wp-block-button is-style-fill is-signup bg-color-blue color-white rounded py-2 px-3 mt-1\"><a class=\"wp-block-button__link wp-element-button\" href=\"https:\/\/www.electoralcommission.ie\/ga\/foilseachain\/\">Gach<\/a><\/div>\n\n\n\n<div class=\"wp-block-button is-style-fill is-signup bg-color-blue color-white rounded py-2 px-3 mt-1\"><a class=\"wp-block-button__link wp-element-button\" href=\"https:\/\/www.electoralcommission.ie\/ga\/foilseachain\/nuachtlitir-an-toghchain\/\">Nuachtlitreacha<\/a><\/div>\n\n\n\n<div class=\"wp-block-button is-style-fill is-signup bg-color-blue color-white rounded py-2 px-3 mt-1\"><a class=\"wp-block-button__link wp-element-button\" href=\"https:\/\/www.electoralcommission.ie\/ga\/foilseachain\/tuarascalacha-athbhreithnithe-toghlaigh\/\">Athbhreithnithe Toghlaigh<\/a><\/div>\n\n\n\n<div class=\"wp-block-button is-style-fill is-signup bg-color-blue color-white rounded py-2 px-3 mt-1\"><a class=\"wp-block-button__link wp-element-button\" href=\"https:\/\/www.electoralcommission.ie\/ga\/foilseachain\/foilseachain-chorparaideacha\/\">Foilseach\u00e1in Chorpar\u00e1ideacha<\/a><\/div>\n\n\n\n<div class=\"wp-block-button is-style-fill is-signup bg-color-yellow color-black rounded py-2 px-3 mt-1\"><a class=\"wp-block-button__link has-black-color has-text-color has-background wp-element-button\" href=\"https:\/\/www.electoralcommission.ie\/ga\/foilseachain\/eolas-ar-thoghchain\/\" style=\"background-color:#f0c139\">Eolas ar Thoghch\u00e1in<\/a><\/div>\n\n\n\n<div class=\"wp-block-button is-style-fill is-signup bg-color-blue color-white rounded py-2 px-3 mt-1\"><a class=\"wp-block-button__link wp-element-button\" href=\"https:\/\/www.electoralcommission.ie\/ga\/foilseachain\/clar-na-bpairtithe-polaitiochta\/\">Cl\u00e1r na bP\u00e1irtithe Polait\u00edochta<\/a><\/div>\n\n\n\n<div class=\"wp-block-button is-style-fill is-signup bg-color-blue color-white rounded py-2 px-3 mt-1\"><a class=\"wp-block-button__link wp-element-button\" href=\"https:\/\/www.electoralcommission.ie\/ga\/foilseachain\/foilseachain-taighde\/\">Foilseach\u00e1in Taighde<\/a><\/div>\n<\/div>\n\n\n\n<div style=\"height:45px\" aria-hidden=\"true\" class=\"wp-block-spacer\"><\/div>\n\n\n\n<div class=\"wp-block-query is-layout-flow wp-block-query-is-layout-flow\">\n\n<div class=\"wp-block-query-no-results\">\n\n<p>N\u00edl aon Eolas faoi Thoghch\u00e1in ar f\u00e1il faoi l\u00e1thair.<\/p>\n\n<\/div><\/div>\n","protected":false},"excerpt":{"rendered":"","protected":false},"author":24,"featured_media":0,"parent":5401,"menu_order":0,"comment_status":"closed","ping_status":"closed","template":"","meta":{"_acf_changed":false,"_relevanssi_hide_post":"","_relevanssi_hide_content":"","_relevanssi_pin_for_all":"","_relevanssi_pin_keywords":"","_relevanssi_unpin_keywords":"","_relevanssi_related_keywords":"","_relevanssi_related_include_ids":"","_relevanssi_related_exclude_ids":"","_relevanssi_related_no_append":"","_relevanssi_related_not_related":"","_relevanssi_related_posts":"","_relevanssi_noindex_reason":"","_uag_custom_page_level_css":"","footnotes":""},"class_list":["post-5411","page","type-page","status-publish","hentry"],"acf":[],"yoast_head":"<!-- This site is optimized with the Yoast SEO plugin v27.5 - https:\/\/yoast.com\/product\/yoast-seo-wordpress\/ -->\n<title>Eolas ar Thoghch\u00e1in - Coimisi\u00fan Toghch\u00e1in<\/title>\n<meta name=\"robots\" content=\"index, follow, max-snippet:-1, max-image-preview:large, max-video-preview:-1\" \/>\n<link rel=\"canonical\" href=\"https:\/\/www.electoralcommission.ie\/ga\/foilseachain\/eolas-ar-thoghchain\/\" \/>\n<meta property=\"og:locale\" content=\"ga_IE\" \/>\n<meta property=\"og:type\" content=\"article\" \/>\n<meta property=\"og:title\" content=\"Eolas ar Thoghch\u00e1in - Coimisi\u00fan Toghch\u00e1in\" \/>\n<meta property=\"og:url\" content=\"https:\/\/www.electoralcommission.ie\/ga\/foilseachain\/eolas-ar-thoghchain\/\" \/>\n<meta property=\"og:site_name\" content=\"Coimisi\u00fan Toghch\u00e1in\" \/>\n<meta property=\"article:modified_time\" content=\"2023-08-16T12:00:20+00:00\" \/>\n<meta name=\"twitter:card\" content=\"summary_large_image\" \/>\n<meta name=\"twitter:label1\" content=\"Est. reading time\" \/>\n\t<meta name=\"twitter:data1\" content=\"1 minute\" \/>\n<script type=\"application\/ld+json\" class=\"yoast-schema-graph\">{\"@context\":\"https:\\\/\\\/schema.org\",\"@graph\":[{\"@type\":\"WebPage\",\"@id\":\"https:\\\/\\\/www.electoralcommission.ie\\\/ga\\\/foilseachain\\\/eolas-ar-thoghchain\\\/\",\"url\":\"https:\\\/\\\/www.electoralcommission.ie\\\/ga\\\/foilseachain\\\/eolas-ar-thoghchain\\\/\",\"name\":\"Eolas ar Thoghch\u00e1in - Coimisi\u00fan Toghch\u00e1in\",\"isPartOf\":{\"@id\":\"https:\\\/\\\/www.electoralcommission.ie\\\/ga\\\/#website\"},\"datePublished\":\"2023-06-29T13:20:36+00:00\",\"dateModified\":\"2023-08-16T12:00:20+00:00\",\"breadcrumb\":{\"@id\":\"https:\\\/\\\/www.electoralcommission.ie\\\/ga\\\/foilseachain\\\/eolas-ar-thoghchain\\\/#breadcrumb\"},\"inLanguage\":\"ga-IE\",\"potentialAction\":[{\"@type\":\"ReadAction\",\"target\":[\"https:\\\/\\\/www.electoralcommission.ie\\\/ga\\\/foilseachain\\\/eolas-ar-thoghchain\\\/\"]}]},{\"@type\":\"BreadcrumbList\",\"@id\":\"https:\\\/\\\/www.electoralcommission.ie\\\/ga\\\/foilseachain\\\/eolas-ar-thoghchain\\\/#breadcrumb\",\"itemListElement\":[{\"@type\":\"ListItem\",\"position\":1,\"name\":\"Baile\",\"item\":\"https:\\\/\\\/www.electoralcommission.ie\\\/ga\\\/\"},{\"@type\":\"ListItem\",\"position\":2,\"name\":\"Foilseach\u00e1in\",\"item\":\"https:\\\/\\\/www.electoralcommission.ie\\\/ga\\\/foilseachain\\\/\"},{\"@type\":\"ListItem\",\"position\":3,\"name\":\"Eolas ar Thoghch\u00e1in\"}]},{\"@type\":\"WebSite\",\"@id\":\"https:\\\/\\\/www.electoralcommission.ie\\\/ga\\\/#website\",\"url\":\"https:\\\/\\\/www.electoralcommission.ie\\\/ga\\\/\",\"name\":\"Coimisi\u00fan Toghch\u00e1in\",\"description\":\"Ireland&#039;s Statutory, Independent Electoral Commission\",\"potentialAction\":[{\"@type\":\"SearchAction\",\"target\":{\"@type\":\"EntryPoint\",\"urlTemplate\":\"https:\\\/\\\/www.electoralcommission.ie\\\/ga\\\/?s={search_term_string}\"},\"query-input\":{\"@type\":\"PropertyValueSpecification\",\"valueRequired\":true,\"valueName\":\"search_term_string\"}}],\"inLanguage\":\"ga-IE\"}]}<\/script>\n<!-- \/ Yoast SEO plugin. -->","yoast_head_json":{"title":"Eolas ar Thoghch\u00e1in - Coimisi\u00fan Toghch\u00e1in","robots":{"index":"index","follow":"follow","max-snippet":"max-snippet:-1","max-image-preview":"max-image-preview:large","max-video-preview":"max-video-preview:-1"},"canonical":"https:\/\/www.electoralcommission.ie\/ga\/foilseachain\/eolas-ar-thoghchain\/","og_locale":"ga_IE","og_type":"article","og_title":"Eolas ar Thoghch\u00e1in - Coimisi\u00fan Toghch\u00e1in","og_url":"https:\/\/www.electoralcommission.ie\/ga\/foilseachain\/eolas-ar-thoghchain\/","og_site_name":"Coimisi\u00fan Toghch\u00e1in","article_modified_time":"2023-08-16T12:00:20+00:00","twitter_card":"summary_large_image","twitter_misc":{"Est. reading time":"1 minute"},"schema":{"@context":"https:\/\/schema.org","@graph":[{"@type":"WebPage","@id":"https:\/\/www.electoralcommission.ie\/ga\/foilseachain\/eolas-ar-thoghchain\/","url":"https:\/\/www.electoralcommission.ie\/ga\/foilseachain\/eolas-ar-thoghchain\/","name":"Eolas ar Thoghch\u00e1in - Coimisi\u00fan Toghch\u00e1in","isPartOf":{"@id":"https:\/\/www.electoralcommission.ie\/ga\/#website"},"datePublished":"2023-06-29T13:20:36+00:00","dateModified":"2023-08-16T12:00:20+00:00","breadcrumb":{"@id":"https:\/\/www.electoralcommission.ie\/ga\/foilseachain\/eolas-ar-thoghchain\/#breadcrumb"},"inLanguage":"ga-IE","potentialAction":[{"@type":"ReadAction","target":["https:\/\/www.electoralcommission.ie\/ga\/foilseachain\/eolas-ar-thoghchain\/"]}]},{"@type":"BreadcrumbList","@id":"https:\/\/www.electoralcommission.ie\/ga\/foilseachain\/eolas-ar-thoghchain\/#breadcrumb","itemListElement":[{"@type":"ListItem","position":1,"name":"Baile","item":"https:\/\/www.electoralcommission.ie\/ga\/"},{"@type":"ListItem","position":2,"name":"Foilseach\u00e1in","item":"https:\/\/www.electoralcommission.ie\/ga\/foilseachain\/"},{"@type":"ListItem","position":3,"name":"Eolas ar Thoghch\u00e1in"}]},{"@type":"WebSite","@id":"https:\/\/www.electoralcommission.ie\/ga\/#website","url":"https:\/\/www.electoralcommission.ie\/ga\/","name":"Coimisi\u00fan Toghch\u00e1in","description":"Ireland&#039;s Statutory, Independent Electoral Commission","potentialAction":[{"@type":"SearchAction","target":{"@type":"EntryPoint","urlTemplate":"https:\/\/www.electoralcommission.ie\/ga\/?s={search_term_string}"},"query-input":{"@type":"PropertyValueSpecification","valueRequired":true,"valueName":"search_term_string"}}],"inLanguage":"ga-IE"}]}},"uagb_featured_image_src":{"full":false,"thumbnail":false,"medium":false,"medium_large":false,"large":false,"1536x1536":false,"2048x2048":false,"gform-image-choice-sm":false,"gform-image-choice-md":false,"gform-image-choice-lg":false},"uagb_author_info":{"display_name":"Alice Kiernan","author_link":"https:\/\/www.electoralcommission.ie\/ga\/author\/alice-kiernan\/"},"uagb_comment_info":0,"uagb_excerpt":null,"_links":{"self":[{"href":"https:\/\/www.electoralcommission.ie\/ga\/wp-json\/wp\/v2\/pages\/5411","targetHints":{"allow":["GET"]}}],"collection":[{"href":"https:\/\/www.electoralcommission.ie\/ga\/wp-json\/wp\/v2\/pages"}],"about":[{"href":"https:\/\/www.electoralcommission.ie\/ga\/wp-json\/wp\/v2\/types\/page"}],"author":[{"embeddable":true,"href":"https:\/\/www.electoralcommission.ie\/ga\/wp-json\/wp\/v2\/users\/24"}],"replies":[{"embeddable":true,"href":"https:\/\/www.electoralcommission.ie\/ga\/wp-json\/wp\/v2\/comments?post=5411"}],"version-history":[{"count":3,"href":"https:\/\/www.electoralcommission.ie\/ga\/wp-json\/wp\/v2\/pages\/5411\/revisions"}],"predecessor-version":[{"id":5516,"href":"https:\/\/www.electoralcommission.ie\/ga\/wp-json\/wp\/v2\/pages\/5411\/revisions\/5516"}],"up":[{"embeddable":true,"href":"https:\/\/www.electoralcommission.ie\/ga\/wp-json\/wp\/v2\/pages\/5401"}],"wp:attachment":[{"href":"https:\/\/www.electoralcommission.ie\/ga\/wp-json\/wp\/v2\/media?parent=5411"}],"curies":[{"name":"wp","href":"https:\/\/api.w.org\/{rel}","templated":true}]}}