
{"id":5434,"date":"2023-08-23T10:57:10","date_gmt":"2023-08-23T09:57:10","guid":{"rendered":"https:\/\/www.electoralcommission.ie\/?page_id=5434"},"modified":"2024-05-09T18:57:54","modified_gmt":"2024-05-09T17:57:54","slug":"eisiuinti-mean","status":"publish","type":"page","link":"https:\/\/www.electoralcommission.ie\/ga\/eisiuinti-mean\/","title":{"rendered":"Eisi\u00faint\u00ed Me\u00e1n"},"content":{"rendered":"\n<div data-wp-context=\"{}\" data-wp-interactive=\"core\/query\" data-wp-key=\"10\" data-wp-router-region=\"query-10\" class=\"wp-block-query is-media-releases is-layout-flow wp-block-query-is-layout-flow\"><ul class=\"wp-block-post-template is-layout-flow wp-block-post-template-is-layout-flow\"><li data-wp-key=\"post-template-item-14893\" class=\"wp-block-post post-14893 post type-post status-publish format-standard has-post-thumbnail hentry category-eisiuinti-mean category-nuacht-is-deanai-agus-taighde\">\n<div class=\"wp-block-post-date\"><time datetime=\"2025-10-08T15:38:25+01:00\">8 Deireadh Fomhair 2025<\/time><\/div>\n\n<h2 class=\"wp-block-post-title\"><a href=\"https:\/\/www.electoralcommission.ie\/ga\/nuacht-is-deanai-agus-taighde\/failtionn-feachtas-claruchain-thoghchan-an-uachtarain-roimh-an-mbreis-agus-91000-iarratas-ar-votalai-nua-nuashonraithe\/\" target=\"_self\" >F\u00e1ilt\u00edonn Feachtas Cl\u00e1r\u00fach\u00e1in Thoghch\u00e1n an Uachtar\u00e1in roimh an mbreis agus 91,000 Iarratas ar V\u00f3t\u00e1la\u00ed Nua &#038; Nuashonraithe<\/a><\/h2>\n<\/li><li data-wp-key=\"post-template-item-12555\" class=\"wp-block-post post-12555 post type-post status-publish format-standard has-post-thumbnail hentry category-eisiuinti-mean category-nuacht-is-deanai-agus-taighde tag-comhairliuchan tag-daonlathas tag-oideachas tag-straiteis-oideachais\">\n<div class=\"wp-block-post-date\"><time datetime=\"2025-02-10T09:24:41+00:00\">10 Feabhra 2025<\/time><\/div>\n\n<h2 class=\"wp-block-post-title\"><a href=\"https:\/\/www.electoralcommission.ie\/ga\/eisiuinti-mean\/cuirtear-eire-ag-votail\/\" target=\"_self\" >Cuirtear \u00c9ire ag V\u00f3t\u00e1il<\/a><\/h2>\n<\/li><li data-wp-key=\"post-template-item-11320\" class=\"wp-block-post post-11320 post type-post status-publish format-standard has-post-thumbnail hentry category-eisiuinti-mean category-nuacht-is-deanai-agus-taighde\">\n<div class=\"wp-block-post-date\"><time datetime=\"2024-09-15T11:46:00+01:00\">15 Me\u00e1n F\u00f3mhair 2024<\/time><\/div>\n\n<h2 class=\"wp-block-post-title\"><a href=\"https:\/\/www.electoralcommission.ie\/ga\/nuacht-is-deanai-agus-taighde\/ar-la-daonlathais-na-naisiun-aontaithe-eilitear-ar-votalaithe-feideartha-na-heireann-claru-anois\/\" target=\"_self\" >Ar L\u00e1 Daonlathais na N\u00e1isi\u00fan Aontaithe, \u00c9il\u00edtear ar V\u00f3t\u00e1laithe F\u00e9ideartha na h\u00c9ireann Cl\u00e1r\u00fa Anois<\/a><\/h2>\n<\/li><li data-wp-key=\"post-template-item-10848\" class=\"wp-block-post post-10848 post type-post status-publish format-standard has-post-thumbnail hentry category-eisiuinti-mean category-nuacht-is-deanai-agus-taighde tag-reifreann\">\n<div class=\"wp-block-post-date\"><time datetime=\"2024-07-15T12:41:28+01:00\">15 I\u00fail 2024<\/time><\/div>\n\n<h2 class=\"wp-block-post-title\"><a href=\"https:\/\/www.electoralcommission.ie\/ga\/nuacht-is-deanai-agus-taighde\/leagtar-amach-moltai-le-haghaidh-athruithe-a-theastaionn-i-dtuarascail-reifreann-an-choimisiuin-toghchain\/\" target=\"_self\" >Leagtar Amach Molta\u00ed le haghaidh  Athruithe a Theasta\u00edonn i dTuarasc\u00e1il Reifreann an Choimisi\u00fain Toghch\u00e1in<\/a><\/h2>\n<\/li><li data-wp-key=\"post-template-item-10298\" class=\"wp-block-post post-10298 post type-post status-publish format-standard has-post-thumbnail hentry category-eisiuinti-mean category-nuacht-is-deanai-agus-taighde\">\n<div class=\"wp-block-post-date\"><time datetime=\"2024-06-12T09:07:59+01:00\">12 Meitheamh 2024<\/time><\/div>\n\n<h2 class=\"wp-block-post-title\"><a href=\"https:\/\/www.electoralcommission.ie\/ga\/nuacht-is-deanai-agus-taighde\/failtionn-an-coimisiun-toghchain-roimh-laghdu-29-ar-votai-millte-sna-toghchain-aitiula-agus-eorpacha\/\" target=\"_self\" >F\u00e1ilt\u00edonn an Coimisi\u00fan Toghch\u00e1in roimh Laghd\u00fa 29% ar V\u00f3ta\u00ed Millte sna Toghch\u00e1in \u00c1iti\u00fala agus Eorpacha<\/a><\/h2>\n<\/li><li data-wp-key=\"post-template-item-10109\" class=\"wp-block-post post-10109 post type-post status-publish format-standard has-post-thumbnail hentry category-eisiuinti-mean category-nuacht-is-deanai-agus-taighde\">\n<div class=\"wp-block-post-date\"><time datetime=\"2024-05-27T09:10:07+01:00\">27 Bealtaine 2024<\/time><\/div>\n\n<h2 class=\"wp-block-post-title\"><a href=\"https:\/\/www.electoralcommission.ie\/ga\/nuacht-is-deanai-agus-taighde\/na-feicimis-100000-vota-millte-aris-i-dtoghchain-eorpacha-agus-aitiula-an-mheithimh\/\" target=\"_self\" >N\u00e1 Feicimis 100,000+ V\u00f3ta Millte Ar\u00eds i dToghch\u00e1in Eorpacha agus \u00c1iti\u00fala an Mheithimh<\/a><\/h2>\n<\/li><li data-wp-key=\"post-template-item-9475\" class=\"wp-block-post post-9475 post type-post status-publish format-standard has-post-thumbnail hentry category-eisiuinti-mean category-nuacht-is-deanai-agus-taighde\">\n<div class=\"wp-block-post-date\"><time datetime=\"2024-05-02T17:37:37+01:00\">2 Bealtaine 2024<\/time><\/div>\n\n<h2 class=\"wp-block-post-title\"><a href=\"https:\/\/www.electoralcommission.ie\/ga\/nuacht-is-deanai-agus-taighde\/foilsionn-an-coimisiun-toghchain-agus-bord-bainistiochta-an-staideir-naisiunta-ar-chursai-toghchain-agus-daonlathais-neds-sonrai-taighde-o-neds-piolotach-mharta\/\" target=\"_self\" >Foils\u00edonn an Coimisi\u00fan Toghch\u00e1in agus Bord Bainist\u00edochta an Staid\u00e9ir N\u00e1isi\u00fanta ar Ch\u00farsa\u00ed Toghch\u00e1in agus Daonlathais (NEDS) Sonra\u00ed Taighde \u00f3 NEDS P\u00edol\u00f3tach Mh\u00e1rta<\/a><\/h2>\n<\/li><li data-wp-key=\"post-template-item-9479\" class=\"wp-block-post post-9479 post type-post status-publish format-standard has-post-thumbnail hentry category-eisiuinti-mean category-nuacht-is-deanai-agus-taighde\">\n<div class=\"wp-block-post-date\"><time datetime=\"2024-02-27T16:11:20+00:00\">27 Feabhra 2024<\/time><\/div>\n\n<h2 class=\"wp-block-post-title\"><a href=\"https:\/\/www.electoralcommission.ie\/ga\/nuacht-is-deanai-agus-taighde\/fograionn-an-coimisiun-toghchain-bunu-an-ghrupa-chomhairligh-taighde\/\" target=\"_self\" >F\u00f3gra\u00edonn An Coimisi\u00fan Toghch\u00e1in bun\u00fa an Ghr\u00fapa Chomhairligh Taighde<\/a><\/h2>\n<\/li><li data-wp-key=\"post-template-item-7827\" class=\"wp-block-post post-7827 post type-post status-publish format-standard has-post-thumbnail hentry category-eisiuinti-mean category-nuacht-is-deanai-agus-taighde\">\n<div class=\"wp-block-post-date\"><time datetime=\"2024-02-23T14:35:39+00:00\">23 Feabhra 2024<\/time><\/div>\n\n<h2 class=\"wp-block-post-title\"><a href=\"https:\/\/www.electoralcommission.ie\/ga\/nuacht-is-deanai-agus-taighde\/deimhnitear-pairtithe-mar-chomhlachtai-ceadaithe-le-haghaidh-reifrinn-an-8-marta\/\" target=\"_self\" >Deimhn\u00edtear P\u00e1irtithe mar \u201cChomhlachta\u00ed Ceadaithe\u201d le haghaidh Reifrinn an 8 M\u00e1rta<\/a><\/h2>\n<\/li><li data-wp-key=\"post-template-item-6474\" class=\"wp-block-post post-6474 post type-post status-publish format-standard has-post-thumbnail hentry category-eisiuinti-mean category-nuacht-is-deanai-agus-taighde tag-raiteas-do-na-meain tag-reifreann\">\n<div class=\"wp-block-post-date\"><time datetime=\"2023-12-05T12:53:35+00:00\">5 na Nollag 2023<\/time><\/div>\n\n<h2 class=\"wp-block-post-title\"><a href=\"https:\/\/www.electoralcommission.ie\/ga\/nuacht-is-deanai-agus-taighde\/an-coimisiun-chun-feachtas-faisneise-poibli-a-chur-i-gcrich-do-reifreann-an-8-marta\/\" target=\"_self\" >An Coimisi\u00fan chun Feachtas Faisn\u00e9ise Poibl\u00ed a Chur i gCr\u00edch do Reifreann an 8 M\u00e1rta.<\/a><\/h2>\n<\/li><\/ul>\n\n<nav class=\"myPagination wp-block-query-pagination is-layout-flex wp-block-query-pagination-is-layout-flex\" aria-label=\"Pagination\">\n\n\n<div class=\"wp-block-query-pagination-numbers\"><span data-wp-key=\"index-0\" aria-current=\"page\" class=\"page-numbers current\">1<\/span>\n<a data-wp-key=\"index-1\" data-wp-on--click=\"core\/query::actions.navigate\" class=\"page-numbers\" href=\"?query-10-page=2\">2<\/a><\/div>\n\n<a data-wp-key=\"query-pagination-next\" data-wp-on--click=\"core\/query::actions.navigate\" data-wp-on--mouseenter=\"core\/query::actions.prefetch\" data-wp-watch=\"core\/query::callbacks.prefetch\" href=\"\/ga\/wp-json\/wp\/v2\/pages\/5434?query-10-page=2\" class=\"wp-block-query-pagination-next\">Next Page<\/a>\n<\/nav>\n\n<\/div>\n","protected":false},"excerpt":{"rendered":"","protected":false},"author":1,"featured_media":9111,"parent":0,"menu_order":0,"comment_status":"closed","ping_status":"closed","template":"","meta":{"_acf_changed":false,"_relevanssi_hide_post":"","_relevanssi_hide_content":"","_relevanssi_pin_for_all":"","_relevanssi_pin_keywords":"","_relevanssi_unpin_keywords":"","_relevanssi_related_keywords":"","_relevanssi_related_include_ids":"","_relevanssi_related_exclude_ids":"","_relevanssi_related_no_append":"","_relevanssi_related_not_related":"","_relevanssi_related_posts":"","_relevanssi_noindex_reason":"","_uag_custom_page_level_css":"","footnotes":""},"class_list":["post-5434","page","type-page","status-publish","has-post-thumbnail","hentry"],"acf":[],"yoast_head":"<!-- This site is optimized with the Yoast SEO plugin v27.3 - https:\/\/yoast.com\/product\/yoast-seo-wordpress\/ -->\n<title>Eisi\u00faint\u00ed Me\u00e1n - Coimisi\u00fan Toghch\u00e1in<\/title>\n<meta name=\"robots\" content=\"index, follow, max-snippet:-1, max-image-preview:large, max-video-preview:-1\" \/>\n<link rel=\"canonical\" href=\"https:\/\/www.electoralcommission.ie\/ga\/eisiuinti-mean\/\" \/>\n<link rel=\"next\" href=\"https:\/\/www.electoralcommission.ie\/ga\/eisiuinti-mean\/5434\/?query-10-page=2\" \/>\n<meta property=\"og:locale\" content=\"ga_IE\" \/>\n<meta property=\"og:type\" content=\"article\" \/>\n<meta property=\"og:title\" content=\"Eisi\u00faint\u00ed Me\u00e1n - Coimisi\u00fan Toghch\u00e1in\" \/>\n<meta property=\"og:url\" content=\"https:\/\/www.electoralcommission.ie\/ga\/eisiuinti-mean\/\" \/>\n<meta property=\"og:site_name\" content=\"Coimisi\u00fan Toghch\u00e1in\" \/>\n<meta property=\"article:modified_time\" content=\"2024-05-09T17:57:54+00:00\" \/>\n<meta property=\"og:image\" content=\"https:\/\/cdn.electoralcommission.ie\/app\/uploads\/2024\/04\/26153345\/An-Coimisiu%CC%81n-Toghcha%CC%81in-267-scaled.jpg\" \/>\n\t<meta property=\"og:image:width\" content=\"2560\" \/>\n\t<meta property=\"og:image:height\" content=\"1707\" \/>\n\t<meta property=\"og:image:type\" content=\"image\/jpeg\" \/>\n<meta name=\"twitter:card\" content=\"summary_large_image\" \/>\n<meta name=\"twitter:label1\" content=\"Est. reading time\" \/>\n\t<meta name=\"twitter:data1\" content=\"1 minute\" \/>\n<script type=\"application\/ld+json\" class=\"yoast-schema-graph\">{\"@context\":\"https:\\\/\\\/schema.org\",\"@graph\":[{\"@type\":\"WebPage\",\"@id\":\"https:\\\/\\\/www.electoralcommission.ie\\\/ga\\\/eisiuinti-mean\\\/\",\"url\":\"https:\\\/\\\/www.electoralcommission.ie\\\/ga\\\/eisiuinti-mean\\\/\",\"name\":\"Eisi\u00faint\u00ed Me\u00e1n - Coimisi\u00fan Toghch\u00e1in\",\"isPartOf\":{\"@id\":\"https:\\\/\\\/www.electoralcommission.ie\\\/ga\\\/#website\"},\"primaryImageOfPage\":{\"@id\":\"https:\\\/\\\/www.electoralcommission.ie\\\/ga\\\/eisiuinti-mean\\\/#primaryimage\"},\"image\":{\"@id\":\"https:\\\/\\\/www.electoralcommission.ie\\\/ga\\\/eisiuinti-mean\\\/#primaryimage\"},\"thumbnailUrl\":\"https:\\\/\\\/www.electoralcommission.ie\\\/app\\\/uploads\\\/2024\\\/04\\\/An-Coimisiu\u0301n-Toghcha\u0301in-267-scaled.jpg\",\"datePublished\":\"2023-08-23T09:57:10+00:00\",\"dateModified\":\"2024-05-09T17:57:54+00:00\",\"breadcrumb\":{\"@id\":\"https:\\\/\\\/www.electoralcommission.ie\\\/ga\\\/eisiuinti-mean\\\/#breadcrumb\"},\"inLanguage\":\"ga-IE\",\"potentialAction\":[{\"@type\":\"ReadAction\",\"target\":[\"https:\\\/\\\/www.electoralcommission.ie\\\/ga\\\/eisiuinti-mean\\\/\"]}]},{\"@type\":\"ImageObject\",\"inLanguage\":\"ga-IE\",\"@id\":\"https:\\\/\\\/www.electoralcommission.ie\\\/ga\\\/eisiuinti-mean\\\/#primaryimage\",\"url\":\"https:\\\/\\\/www.electoralcommission.ie\\\/app\\\/uploads\\\/2024\\\/04\\\/An-Coimisiu\u0301n-Toghcha\u0301in-267-scaled.jpg\",\"contentUrl\":\"https:\\\/\\\/www.electoralcommission.ie\\\/app\\\/uploads\\\/2024\\\/04\\\/An-Coimisiu\u0301n-Toghcha\u0301in-267-scaled.jpg\",\"width\":2560,\"height\":1707,\"caption\":\"Image of polling station directional signage\"},{\"@type\":\"BreadcrumbList\",\"@id\":\"https:\\\/\\\/www.electoralcommission.ie\\\/ga\\\/eisiuinti-mean\\\/#breadcrumb\",\"itemListElement\":[{\"@type\":\"ListItem\",\"position\":1,\"name\":\"Baile\",\"item\":\"https:\\\/\\\/www.electoralcommission.ie\\\/ga\\\/baile\\\/\"},{\"@type\":\"ListItem\",\"position\":2,\"name\":\"Eisi\u00faint\u00ed Me\u00e1n\"}]},{\"@type\":\"WebSite\",\"@id\":\"https:\\\/\\\/www.electoralcommission.ie\\\/ga\\\/#website\",\"url\":\"https:\\\/\\\/www.electoralcommission.ie\\\/ga\\\/\",\"name\":\"Coimisi\u00fan Toghch\u00e1in\",\"description\":\"Ireland&#039;s Statutory, Independent Electoral Commission\",\"potentialAction\":[{\"@type\":\"SearchAction\",\"target\":{\"@type\":\"EntryPoint\",\"urlTemplate\":\"https:\\\/\\\/www.electoralcommission.ie\\\/ga\\\/?s={search_term_string}\"},\"query-input\":{\"@type\":\"PropertyValueSpecification\",\"valueRequired\":true,\"valueName\":\"search_term_string\"}}],\"inLanguage\":\"ga-IE\"}]}<\/script>\n<!-- \/ Yoast SEO plugin. -->","yoast_head_json":{"title":"Eisi\u00faint\u00ed Me\u00e1n - Coimisi\u00fan Toghch\u00e1in","robots":{"index":"index","follow":"follow","max-snippet":"max-snippet:-1","max-image-preview":"max-image-preview:large","max-video-preview":"max-video-preview:-1"},"canonical":"https:\/\/www.electoralcommission.ie\/ga\/eisiuinti-mean\/","next":"https:\/\/www.electoralcommission.ie\/ga\/eisiuinti-mean\/5434?query-10-page=2","og_locale":"ga_IE","og_type":"article","og_title":"Eisi\u00faint\u00ed Me\u00e1n - Coimisi\u00fan Toghch\u00e1in","og_url":"https:\/\/www.electoralcommission.ie\/ga\/eisiuinti-mean\/","og_site_name":"Coimisi\u00fan Toghch\u00e1in","article_modified_time":"2024-05-09T17:57:54+00:00","og_image":[{"width":2560,"height":1707,"url":"https:\/\/cdn.electoralcommission.ie\/app\/uploads\/2024\/04\/26153345\/An-Coimisiu%CC%81n-Toghcha%CC%81in-267-scaled.jpg","type":"image\/jpeg"}],"twitter_card":"summary_large_image","twitter_misc":{"Est. reading time":"1 minute"},"schema":{"@context":"https:\/\/schema.org","@graph":[{"@type":"WebPage","@id":"https:\/\/www.electoralcommission.ie\/ga\/eisiuinti-mean\/","url":"https:\/\/www.electoralcommission.ie\/ga\/eisiuinti-mean\/","name":"Eisi\u00faint\u00ed Me\u00e1n - Coimisi\u00fan Toghch\u00e1in","isPartOf":{"@id":"https:\/\/www.electoralcommission.ie\/ga\/#website"},"primaryImageOfPage":{"@id":"https:\/\/www.electoralcommission.ie\/ga\/eisiuinti-mean\/#primaryimage"},"image":{"@id":"https:\/\/www.electoralcommission.ie\/ga\/eisiuinti-mean\/#primaryimage"},"thumbnailUrl":"https:\/\/www.electoralcommission.ie\/app\/uploads\/2024\/04\/An-Coimisiu\u0301n-Toghcha\u0301in-267-scaled.jpg","datePublished":"2023-08-23T09:57:10+00:00","dateModified":"2024-05-09T17:57:54+00:00","breadcrumb":{"@id":"https:\/\/www.electoralcommission.ie\/ga\/eisiuinti-mean\/#breadcrumb"},"inLanguage":"ga-IE","potentialAction":[{"@type":"ReadAction","target":["https:\/\/www.electoralcommission.ie\/ga\/eisiuinti-mean\/"]}]},{"@type":"ImageObject","inLanguage":"ga-IE","@id":"https:\/\/www.electoralcommission.ie\/ga\/eisiuinti-mean\/#primaryimage","url":"https:\/\/www.electoralcommission.ie\/app\/uploads\/2024\/04\/An-Coimisiu\u0301n-Toghcha\u0301in-267-scaled.jpg","contentUrl":"https:\/\/www.electoralcommission.ie\/app\/uploads\/2024\/04\/An-Coimisiu\u0301n-Toghcha\u0301in-267-scaled.jpg","width":2560,"height":1707,"caption":"Image of polling station directional signage"},{"@type":"BreadcrumbList","@id":"https:\/\/www.electoralcommission.ie\/ga\/eisiuinti-mean\/#breadcrumb","itemListElement":[{"@type":"ListItem","position":1,"name":"Baile","item":"https:\/\/www.electoralcommission.ie\/ga\/baile\/"},{"@type":"ListItem","position":2,"name":"Eisi\u00faint\u00ed Me\u00e1n"}]},{"@type":"WebSite","@id":"https:\/\/www.electoralcommission.ie\/ga\/#website","url":"https:\/\/www.electoralcommission.ie\/ga\/","name":"Coimisi\u00fan Toghch\u00e1in","description":"Ireland&#039;s Statutory, Independent Electoral Commission","potentialAction":[{"@type":"SearchAction","target":{"@type":"EntryPoint","urlTemplate":"https:\/\/www.electoralcommission.ie\/ga\/?s={search_term_string}"},"query-input":{"@type":"PropertyValueSpecification","valueRequired":true,"valueName":"search_term_string"}}],"inLanguage":"ga-IE"}]}},"uagb_featured_image_src":{"full":["https:\/\/www.electoralcommission.ie\/app\/uploads\/2024\/04\/An-Coimisiu\u0301n-Toghcha\u0301in-267-scaled.jpg",2560,1707,false],"thumbnail":["https:\/\/www.electoralcommission.ie\/app\/uploads\/2024\/04\/An-Coimisiu\u0301n-Toghcha\u0301in-267-355x210.jpg",355,210,true],"medium":["https:\/\/www.electoralcommission.ie\/app\/uploads\/2024\/04\/An-Coimisiu\u0301n-Toghcha\u0301in-267-300x200.jpg",300,200,true],"medium_large":["https:\/\/www.electoralcommission.ie\/app\/uploads\/2024\/04\/An-Coimisiu\u0301n-Toghcha\u0301in-267-768x512.jpg",768,512,true],"large":["https:\/\/www.electoralcommission.ie\/app\/uploads\/2024\/04\/An-Coimisiu\u0301n-Toghcha\u0301in-267-1024x683.jpg",1024,683,true],"1536x1536":["https:\/\/www.electoralcommission.ie\/app\/uploads\/2024\/04\/An-Coimisiu\u0301n-Toghcha\u0301in-267-1536x1024.jpg",1536,1024,true],"2048x2048":["https:\/\/www.electoralcommission.ie\/app\/uploads\/2024\/04\/An-Coimisiu\u0301n-Toghcha\u0301in-267-2048x1365.jpg",2048,1365,true],"gform-image-choice-sm":["https:\/\/www.electoralcommission.ie\/app\/uploads\/2024\/04\/An-Coimisiu\u0301n-Toghcha\u0301in-267-scaled.jpg",300,200,false],"gform-image-choice-md":["https:\/\/www.electoralcommission.ie\/app\/uploads\/2024\/04\/An-Coimisiu\u0301n-Toghcha\u0301in-267-scaled.jpg",400,267,false],"gform-image-choice-lg":["https:\/\/www.electoralcommission.ie\/app\/uploads\/2024\/04\/An-Coimisiu\u0301n-Toghcha\u0301in-267-scaled.jpg",600,400,false]},"uagb_author_info":{"display_name":"Jose","author_link":"https:\/\/www.electoralcommission.ie\/ga\/author\/jose\/"},"uagb_comment_info":0,"uagb_excerpt":null,"_links":{"self":[{"href":"https:\/\/www.electoralcommission.ie\/ga\/wp-json\/wp\/v2\/pages\/5434","targetHints":{"allow":["GET"]}}],"collection":[{"href":"https:\/\/www.electoralcommission.ie\/ga\/wp-json\/wp\/v2\/pages"}],"about":[{"href":"https:\/\/www.electoralcommission.ie\/ga\/wp-json\/wp\/v2\/types\/page"}],"author":[{"embeddable":true,"href":"https:\/\/www.electoralcommission.ie\/ga\/wp-json\/wp\/v2\/users\/1"}],"replies":[{"embeddable":true,"href":"https:\/\/www.electoralcommission.ie\/ga\/wp-json\/wp\/v2\/comments?post=5434"}],"version-history":[{"count":5,"href":"https:\/\/www.electoralcommission.ie\/ga\/wp-json\/wp\/v2\/pages\/5434\/revisions"}],"predecessor-version":[{"id":9573,"href":"https:\/\/www.electoralcommission.ie\/ga\/wp-json\/wp\/v2\/pages\/5434\/revisions\/9573"}],"wp:featuredmedia":[{"embeddable":true,"href":"https:\/\/www.electoralcommission.ie\/ga\/wp-json\/wp\/v2\/media\/9111"}],"wp:attachment":[{"href":"https:\/\/www.electoralcommission.ie\/ga\/wp-json\/wp\/v2\/media?parent=5434"}],"curies":[{"name":"wp","href":"https:\/\/api.w.org\/{rel}","templated":true}]}}