
{"id":6886,"date":"2024-01-19T14:37:45","date_gmt":"2024-01-19T14:37:45","guid":{"rendered":"https:\/\/www.electoralcommission.ie\/cailitheacht-votalai\/"},"modified":"2024-11-20T16:22:15","modified_gmt":"2024-11-20T16:22:15","slug":"cailitheacht-votalai","status":"publish","type":"page","link":"https:\/\/www.electoralcommission.ie\/ga\/cailitheacht-votalai\/","title":{"rendered":"Inch\u00e1ilitheacht v\u00f3t\u00e1laithe"},"content":{"rendered":"\n<p>Chun v\u00f3ta a chaitheamh i dtoghch\u00e1n ar bith, caithfidh t\u00fa a bheith inch\u00e1ilithe le v\u00f3t\u00e1il.<\/p>\n\n\n\n<p>Caithfidh t\u00fa a bheith:<\/p>\n\n\n\n<ul class=\"wp-block-list\">\n<li>18 mbliana d\u2019aois n\u00f3 n\u00edos sine ar l\u00e1 na v\u00f3t\u00e1la<\/li>\n\n\n\n<li>I do ch\u00f3na\u00ed in \u00c9irinn<\/li>\n\n\n\n<li><a href=\"http:\/\/www.checktheregister.ie\/\">Cl\u00e1raithe le v\u00f3ta a chaitheamh<\/a><\/li>\n<\/ul>\n\n\n\n<p>Fi\u00fa m\u00e1 t\u00e1 t\u00fa inch\u00e1ilithe le v\u00f3t\u00e1il, n\u00ed f\u00e9idir leat v\u00f3ta a chaitheamh mura bhfuil t\u00fa cl\u00e1raithe ar <em>Chl\u00e1r na dToghth\u00f3ir\u00ed<\/em>.&nbsp;<\/p>\n\n\n\n<div style=\"height:26px\" aria-hidden=\"true\" class=\"wp-block-spacer\"><\/div>\n\n\n\n<div class=\"wp-block-uagb-advanced-heading uagb-block-6131137b\"><h2 class=\"uagb-heading-text\"><strong>C\u00e9 at\u00e1 in ann v\u00f3t\u00e1il in olltoghch\u00e1n?<\/strong><\/h2><div class=\"uagb-separator\"><\/div><\/div>\n\n\n\n<p>Is f\u00e9idir leat v\u00f3ta a chaitheamh in olltoghch\u00e1n:<\/p>\n\n\n\n<ul class=\"wp-block-list\">\n<li>Os cionn 18 mbliana d\u2019aois; agus<\/li>\n\n\n\n<li>I do shaor\u00e1nach \u00c9ireannach n\u00f3 Briotanach agus I do ch\u00f3na\u00ed in \u00c9irinn; agus<\/li>\n\n\n\n<li>Ar liosta Chl\u00e1r na dToghth\u00f3ir\u00ed.<\/li>\n<\/ul>\n\n\n\n<div class=\"wp-block-uagb-advanced-heading uagb-block-5816f4ba\"><h2 class=\"uagb-heading-text\"><strong>C\u00e9 at\u00e1 in ann v\u00f3ta a chaitheamh i dtoghch\u00e1n \u00e1iti\u00fail?<\/strong><\/h2><div class=\"uagb-separator\"><\/div><\/div>\n\n\n\n<p>T\u00e1 aon duine a bhfuil gn\u00e1thch\u00f3na\u00ed orthu sa St\u00e1t i dteideal <a href=\"http:\/\/www.checktheregister.ie\/\">cl\u00e1r\u00fa<\/a> ar Chl\u00e1r na dToghth\u00f3ir\u00ed. <strong>N\u00ed g\u00e1 duit a bheith i do Shaor\u00e1nach \u00c9ireannach chun v\u00f3ta a chaitheamh i dtoghch\u00e1n \u00e1iti\u00fail.<\/strong><strong><\/strong><\/p>\n\n\n\n<p>Chun v\u00f3ta a chaitheamh i dtoghch\u00e1n \u00e1iti\u00fail, caithfidh t\u00fa a bheith:<\/p>\n\n\n\n<ul class=\"wp-block-list\">\n<li>Os cionn 18 mbliana d\u2019aois<\/li>\n\n\n\n<li>I do ch\u00f3na\u00ed sa toghlimist\u00e9ar \u00e1iti\u00fail<\/li>\n\n\n\n<li>Ar liosta Chl\u00e1r na dToghth\u00f3ir\u00ed<\/li>\n<\/ul>\n\n\n\n<div style=\"height:26px\" aria-hidden=\"true\" class=\"wp-block-spacer\"><\/div>\n\n\n\n<div class=\"wp-block-uagb-advanced-heading uagb-block-ea19092f\"><h2 class=\"uagb-heading-text\">C\u00e9 at\u00e1 in ann v\u00f3t\u00e1il i dtoghch\u00e1n Pharlaimint na hEorpa?<\/h2><div class=\"uagb-separator\"><\/div><\/div>\n\n\n\n<p>Is f\u00e9idir le gach saor\u00e1nach \u00c9ireannach at\u00e1 os cionn 18 mbliana d\u2019aois v\u00f3ta a chaitheamh i dtoghch\u00e1n na hEorpa. M\u00e1s saor\u00e1nach \u00c9ireannach th\u00fa, ach t\u00e1 t\u00fa i do ch\u00f3na\u00ed i dt\u00edr eile an AE, is f\u00e9idir leat do v\u00f3ta a chaitheamh sa t\u00edr sin.<\/p>\n\n\n\n<p>M\u00e1s as ballst\u00e1t eile den Aontas Eorpach th\u00fa, ach t\u00e1 t\u00fa i do ch\u00f3na\u00ed in \u00c9irinn, is f\u00e9idir leat do v\u00f3ta a chaitheamh i dtoghch\u00e1n na hEorpa anseo in \u00c9irinn. Chun \u00e9 sin a dh\u00e9anamh, n\u00ed m\u00f3r do d\u2019ainm a bheith ar <a href=\"http:\/\/www.checktheregister.ie\/\">chl\u00e1r na dtoghth\u00f3ir\u00ed<\/a>.<\/p>\n\n\n\n<p>M\u00e1s saor\u00e1nach an AE th\u00fa, ach n\u00edl t\u00fa cl\u00e1raithe chun v\u00f3ta a chaitheamh ag toghch\u00e1n na hEorpa roimhe seo in \u00c9irinn, n\u00ed m\u00f3r duit iarratas a chur isteach ar chl\u00e1r\u00fa agus foirm dhearbh\u00fach\u00e1in reacht\u00fail, EP1 (ar f\u00e1il \u00f3 d\u2019\u00fadar\u00e1s \u00e1iti\u00fail) a chur i gcr\u00edch. Seoltar na dearbh\u00fach\u00e1in reacht\u00fala chuig do Bhallst\u00e1t baile chun v\u00f3t\u00e1il dh\u00fablach a sheachaint.<\/p>\n\n\n\n<p><strong>N\u00ed f\u00e9idir leat v\u00f3ta a chaitheamh i dtoghch\u00e1n na hEorpa i n\u00edos m\u00f3 n\u00e1 toghcheantar n\u00e1 t\u00edr amh\u00e1in.<\/strong><\/p>\n\n\n\n<div class=\"wp-block-uagb-advanced-heading uagb-block-32033e72\"><h2 class=\"uagb-heading-text\"><strong>C\u00e9 hiad na daoine ar f\u00e9idir leo v\u00f3t\u00e1il i reifreann?<\/strong><\/h2><div class=\"uagb-separator\"><\/div><\/div>\n\n\n\n<p>Is f\u00e9idir v\u00f3ta a chaitheamh i reifreann m\u00e1 t\u00e1 t\u00fa:<\/p>\n\n\n\n<ul class=\"wp-block-list\">\n<li>\u2022 I do shaor\u00e1nach \u00c9ireannach<\/li>\n\n\n\n<li>Ar Chl\u00e1r na dToghth\u00f3ir\u00ed, ar Liosta na bPostv\u00f3t\u00e1laithe n\u00f3 ar Liosta na V\u00f3t\u00e1laithe Speisialta<\/li>\n\n\n\n<li>18 mbliana d\u2019aois n\u00f3 n\u00edos sine ar l\u00e1 na v\u00f3t\u00e1la<\/li>\n<\/ul>\n\n\n\n<div class=\"wp-block-uagb-advanced-heading uagb-block-fc07bb60\"><h2 class=\"uagb-heading-text\"><strong>C\u00e9 at\u00e1 in ann v\u00f3t\u00e1il i dtoghch\u00e1n na hUachtar\u00e1nachta?<\/strong><\/h2><div class=\"uagb-separator\"><\/div><\/div>\n\n\n\n<p>Chun v\u00f3ta a chaitheamh i dtoghch\u00e1n na huachtar\u00e1nachta, n\u00ed m\u00f3r duit a bheith:<\/p>\n\n\n\n<ul class=\"wp-block-list\">\n<li>I do Shaor\u00e1nach \u00c9ireannach<\/li>\n\n\n\n<li>18 mbliana d\u2019aois n\u00f3 n\u00edos sine<\/li>\n\n\n\n<li>I do ch\u00f3na\u00ed go hiond\u00fail in \u00c9irinn<\/li>\n\n\n\n<li>M\u00e1 t\u00e1 t\u00fa cl\u00e1raithe le v\u00f3t\u00e1il<\/li>\n<\/ul>\n\n\n\n<div class=\"wp-block-uagb-advanced-heading uagb-block-cfff74da\"><h2 class=\"uagb-heading-text\"><strong>C\u00e9 at\u00e1 in ann v\u00f3t\u00e1il i dtoghch\u00e1n an tSeanaid?<\/strong><\/h2><div class=\"uagb-separator\"><\/div><\/div>\n\n\n\n<p>Chun v\u00f3ta a chaitheamh i&nbsp;<a href=\"https:\/\/web.archive.org\/web\/20240226231454\/https:\/\/www.electoralcommission.ie\/ga\/reifrinn\/daonlathas-na-heireann\/\/#Seanad\">dtoghch\u00e1in an tSeanaid<\/a>, n\u00ed m\u00f3r duit a bheith mar shaor\u00e1nach \u00c9ireannach at\u00e1 mar:<\/p>\n\n\n\n<ul class=\"wp-block-list\">\n<li>Ch\u00e9im\u00ed&nbsp;<a href=\"https:\/\/web.archive.org\/web\/20240226231454\/http:\/\/www.nui.ie\/elections\/seanad.asp\">Ollscoil na h\u00c9irean<\/a>&nbsp;(n\u00f3&nbsp;<a href=\"https:\/\/web.archive.org\/web\/20240226231454\/http:\/\/www.nui.ie\/elections\/docs\/institutions.pdf\">col\u00e1iste at\u00e1 aitheanta ag O\u00c9<\/a>)<\/li>\n\n\n\n<li>Ch\u00e9im\u00ed Chol\u00e1iste na Tr\u00edon\u00f3ide<\/li>\n\n\n\n<li><em>Teachta D\u00e1la<\/em>&nbsp;or&nbsp;<a href=\"https:\/\/web.archive.org\/web\/20240226231454\/https:\/\/www.electoralcommission.ie\/ga\/reifrinn\/daonlathas-na-heireann\/#Dail\">TD<\/a><\/li>\n\n\n\n<li>Sheanad\u00f3ir at\u00e1 ag dul as oifig<\/li>\n\n\n\n<li>Chomhalta chomhairle contae n\u00f3 cathrach (comhairleoir)<\/li>\n<\/ul>\n\n\n\n<p>M\u00e1 t\u00e1 t\u00fa inch\u00e1ilithe, is f\u00e9idir leat v\u00f3ta a chaitheamh i dtoghlaigh O\u00c9 agus Chol\u00e1iste na Tr\u00edon\u00f3ide, fi\u00fa m\u00e1s rud \u00e9 go bhfuil t\u00fa cl\u00e1raithe lasmuigh d\u2019\u00c9irinn.<\/p>\n\n\n\n<div style=\"height:26px\" aria-hidden=\"true\" class=\"wp-block-spacer\"><\/div>\n\n\n\n<div class=\"wp-block-uagb-advanced-heading uagb-block-fc550dbb\"><h2 class=\"uagb-heading-text\">C\u00e9 at\u00e1 in ann v\u00f3ta a chaitheamh i dtoghch\u00e1n Mh\u00e9ara Luimnigh?<\/h2><div class=\"uagb-separator\"><\/div><\/div>\n\n\n\n<p>Chun v\u00f3ta a chaitheamh sa toghch\u00e1n le haghaidh Mh\u00e9ara Luimnigh, caithfidh t\u00fa:<\/p>\n\n\n\n<ul class=\"wp-block-list\">\n<li>A bheith 18 mbliana d\u2019aois n\u00f3 n\u00edos sine ar l\u00e1 na v\u00f3t\u00e1la<\/li>\n\n\n\n<li>Gn\u00e1th-ch\u00f3na\u00ed a bheith ort sa St\u00e1t; agus<\/li>\n\n\n\n<li>A bheith cl\u00e1raithe le v\u00f3ta a chaitheamh i dToghlimist\u00e9ir Chathair agus Chontae Luimnigh<\/li>\n<\/ul>\n","protected":false},"excerpt":{"rendered":"<p>Chun v\u00f3ta a chaitheamh i dtoghch\u00e1n ar bith, caithfidh t\u00fa a bheith inch\u00e1ilithe le v\u00f3t\u00e1il. Caithfidh t\u00fa a bheith: Fi\u00fa m\u00e1 t\u00e1 t\u00fa inch\u00e1ilithe le v\u00f3t\u00e1il, n\u00ed f\u00e9idir leat v\u00f3ta a chaitheamh mura bhfuil t\u00fa cl\u00e1raithe ar Chl\u00e1r na dToghth\u00f3ir\u00ed.&nbsp; C\u00e9 at\u00e1 in ann v\u00f3t\u00e1il in olltoghch\u00e1n? Is f\u00e9idir leat v\u00f3ta a chaitheamh in olltoghch\u00e1n: &hellip; <a href=\"https:\/\/www.electoralcommission.ie\/ga\/cailitheacht-votalai\/\">Continued<\/a><\/p>\n","protected":false},"author":17,"featured_media":6763,"parent":0,"menu_order":0,"comment_status":"closed","ping_status":"closed","template":"","meta":{"_acf_changed":false,"_relevanssi_hide_post":"","_relevanssi_hide_content":"","_relevanssi_pin_for_all":"","_relevanssi_pin_keywords":"","_relevanssi_unpin_keywords":"","_relevanssi_related_keywords":"","_relevanssi_related_include_ids":"","_relevanssi_related_exclude_ids":"","_relevanssi_related_no_append":"","_relevanssi_related_not_related":"","_relevanssi_related_posts":"10109,11320,7827,9475,10298,5015","_relevanssi_noindex_reason":"","_uag_custom_page_level_css":"","footnotes":""},"class_list":["post-6886","page","type-page","status-publish","has-post-thumbnail","hentry"],"acf":[],"yoast_head":"<!-- This site is optimized with the Yoast SEO plugin v27.5 - https:\/\/yoast.com\/product\/yoast-seo-wordpress\/ -->\n<title>Inch\u00e1ilitheacht v\u00f3t\u00e1laithe - Coimisi\u00fan Toghch\u00e1in<\/title>\n<meta name=\"robots\" content=\"index, follow, max-snippet:-1, max-image-preview:large, max-video-preview:-1\" \/>\n<link rel=\"canonical\" href=\"https:\/\/www.electoralcommission.ie\/ga\/cailitheacht-votalai\/\" \/>\n<meta property=\"og:locale\" content=\"ga_IE\" \/>\n<meta property=\"og:type\" content=\"article\" \/>\n<meta property=\"og:title\" content=\"Inch\u00e1ilitheacht v\u00f3t\u00e1laithe - Coimisi\u00fan Toghch\u00e1in\" \/>\n<meta property=\"og:description\" content=\"Chun v\u00f3ta a chaitheamh i dtoghch\u00e1n ar bith, caithfidh t\u00fa a bheith inch\u00e1ilithe le v\u00f3t\u00e1il. Caithfidh t\u00fa a bheith: Fi\u00fa m\u00e1 t\u00e1 t\u00fa inch\u00e1ilithe le v\u00f3t\u00e1il, n\u00ed f\u00e9idir leat v\u00f3ta a chaitheamh mura bhfuil t\u00fa cl\u00e1raithe ar Chl\u00e1r na dToghth\u00f3ir\u00ed.&nbsp; C\u00e9 at\u00e1 in ann v\u00f3t\u00e1il in olltoghch\u00e1n? Is f\u00e9idir leat v\u00f3ta a chaitheamh in olltoghch\u00e1n: &hellip; Continued\" \/>\n<meta property=\"og:url\" content=\"https:\/\/www.electoralcommission.ie\/ga\/cailitheacht-votalai\/\" \/>\n<meta property=\"og:site_name\" content=\"Coimisi\u00fan Toghch\u00e1in\" \/>\n<meta property=\"article:modified_time\" content=\"2024-11-20T16:22:15+00:00\" \/>\n<meta property=\"og:image\" content=\"https:\/\/cdn.electoralcommission.ie\/app\/uploads\/2024\/01\/19161941\/czM6Ly9tZWRpYS1wcml2YXRlLmNhbnZhLmNvbS9sU3hVUS9NQUZ2MGFsU3hVUS8xL3AuanBn-e1704453187508.webp\" \/>\n\t<meta property=\"og:image:width\" content=\"1599\" \/>\n\t<meta property=\"og:image:height\" content=\"738\" \/>\n\t<meta property=\"og:image:type\" content=\"image\/webp\" \/>\n<meta name=\"twitter:card\" content=\"summary_large_image\" \/>\n<meta name=\"twitter:label1\" content=\"Est. reading time\" \/>\n\t<meta name=\"twitter:data1\" content=\"3 minutes\" \/>\n<script type=\"application\/ld+json\" class=\"yoast-schema-graph\">{\"@context\":\"https:\\\/\\\/schema.org\",\"@graph\":[{\"@type\":\"WebPage\",\"@id\":\"https:\\\/\\\/www.electoralcommission.ie\\\/ga\\\/cailitheacht-votalai\\\/\",\"url\":\"https:\\\/\\\/www.electoralcommission.ie\\\/ga\\\/cailitheacht-votalai\\\/\",\"name\":\"Inch\u00e1ilitheacht v\u00f3t\u00e1laithe - Coimisi\u00fan Toghch\u00e1in\",\"isPartOf\":{\"@id\":\"https:\\\/\\\/www.electoralcommission.ie\\\/ga\\\/#website\"},\"primaryImageOfPage\":{\"@id\":\"https:\\\/\\\/www.electoralcommission.ie\\\/ga\\\/cailitheacht-votalai\\\/#primaryimage\"},\"image\":{\"@id\":\"https:\\\/\\\/www.electoralcommission.ie\\\/ga\\\/cailitheacht-votalai\\\/#primaryimage\"},\"thumbnailUrl\":\"https:\\\/\\\/www.electoralcommission.ie\\\/app\\\/uploads\\\/2024\\\/01\\\/czM6Ly9tZWRpYS1wcml2YXRlLmNhbnZhLmNvbS9sU3hVUS9NQUZ2MGFsU3hVUS8xL3AuanBn-e1704453187508.webp\",\"datePublished\":\"2024-01-19T14:37:45+00:00\",\"dateModified\":\"2024-11-20T16:22:15+00:00\",\"breadcrumb\":{\"@id\":\"https:\\\/\\\/www.electoralcommission.ie\\\/ga\\\/cailitheacht-votalai\\\/#breadcrumb\"},\"inLanguage\":\"ga-IE\",\"potentialAction\":[{\"@type\":\"ReadAction\",\"target\":[\"https:\\\/\\\/www.electoralcommission.ie\\\/ga\\\/cailitheacht-votalai\\\/\"]}]},{\"@type\":\"ImageObject\",\"inLanguage\":\"ga-IE\",\"@id\":\"https:\\\/\\\/www.electoralcommission.ie\\\/ga\\\/cailitheacht-votalai\\\/#primaryimage\",\"url\":\"https:\\\/\\\/www.electoralcommission.ie\\\/app\\\/uploads\\\/2024\\\/01\\\/czM6Ly9tZWRpYS1wcml2YXRlLmNhbnZhLmNvbS9sU3hVUS9NQUZ2MGFsU3hVUS8xL3AuanBn-e1704453187508.webp\",\"contentUrl\":\"https:\\\/\\\/www.electoralcommission.ie\\\/app\\\/uploads\\\/2024\\\/01\\\/czM6Ly9tZWRpYS1wcml2YXRlLmNhbnZhLmNvbS9sU3hVUS9NQUZ2MGFsU3hVUS8xL3AuanBn-e1704453187508.webp\",\"width\":1599,\"height\":738,\"caption\":\"Decorative image of people voting\"},{\"@type\":\"BreadcrumbList\",\"@id\":\"https:\\\/\\\/www.electoralcommission.ie\\\/ga\\\/cailitheacht-votalai\\\/#breadcrumb\",\"itemListElement\":[{\"@type\":\"ListItem\",\"position\":1,\"name\":\"Baile\",\"item\":\"https:\\\/\\\/www.electoralcommission.ie\\\/ga\\\/\"},{\"@type\":\"ListItem\",\"position\":2,\"name\":\"Inch\u00e1ilitheacht v\u00f3t\u00e1laithe\"}]},{\"@type\":\"WebSite\",\"@id\":\"https:\\\/\\\/www.electoralcommission.ie\\\/ga\\\/#website\",\"url\":\"https:\\\/\\\/www.electoralcommission.ie\\\/ga\\\/\",\"name\":\"Coimisi\u00fan Toghch\u00e1in\",\"description\":\"Ireland&#039;s Statutory, Independent Electoral Commission\",\"potentialAction\":[{\"@type\":\"SearchAction\",\"target\":{\"@type\":\"EntryPoint\",\"urlTemplate\":\"https:\\\/\\\/www.electoralcommission.ie\\\/ga\\\/?s={search_term_string}\"},\"query-input\":{\"@type\":\"PropertyValueSpecification\",\"valueRequired\":true,\"valueName\":\"search_term_string\"}}],\"inLanguage\":\"ga-IE\"}]}<\/script>\n<!-- \/ Yoast SEO plugin. -->","yoast_head_json":{"title":"Inch\u00e1ilitheacht v\u00f3t\u00e1laithe - Coimisi\u00fan Toghch\u00e1in","robots":{"index":"index","follow":"follow","max-snippet":"max-snippet:-1","max-image-preview":"max-image-preview:large","max-video-preview":"max-video-preview:-1"},"canonical":"https:\/\/www.electoralcommission.ie\/ga\/cailitheacht-votalai\/","og_locale":"ga_IE","og_type":"article","og_title":"Inch\u00e1ilitheacht v\u00f3t\u00e1laithe - Coimisi\u00fan Toghch\u00e1in","og_description":"Chun v\u00f3ta a chaitheamh i dtoghch\u00e1n ar bith, caithfidh t\u00fa a bheith inch\u00e1ilithe le v\u00f3t\u00e1il. Caithfidh t\u00fa a bheith: Fi\u00fa m\u00e1 t\u00e1 t\u00fa inch\u00e1ilithe le v\u00f3t\u00e1il, n\u00ed f\u00e9idir leat v\u00f3ta a chaitheamh mura bhfuil t\u00fa cl\u00e1raithe ar Chl\u00e1r na dToghth\u00f3ir\u00ed.&nbsp; C\u00e9 at\u00e1 in ann v\u00f3t\u00e1il in olltoghch\u00e1n? Is f\u00e9idir leat v\u00f3ta a chaitheamh in olltoghch\u00e1n: &hellip; Continued","og_url":"https:\/\/www.electoralcommission.ie\/ga\/cailitheacht-votalai\/","og_site_name":"Coimisi\u00fan Toghch\u00e1in","article_modified_time":"2024-11-20T16:22:15+00:00","og_image":[{"width":1599,"height":738,"url":"https:\/\/cdn.electoralcommission.ie\/app\/uploads\/2024\/01\/19161941\/czM6Ly9tZWRpYS1wcml2YXRlLmNhbnZhLmNvbS9sU3hVUS9NQUZ2MGFsU3hVUS8xL3AuanBn-e1704453187508.webp","type":"image\/webp"}],"twitter_card":"summary_large_image","twitter_misc":{"Est. reading time":"3 minutes"},"schema":{"@context":"https:\/\/schema.org","@graph":[{"@type":"WebPage","@id":"https:\/\/www.electoralcommission.ie\/ga\/cailitheacht-votalai\/","url":"https:\/\/www.electoralcommission.ie\/ga\/cailitheacht-votalai\/","name":"Inch\u00e1ilitheacht v\u00f3t\u00e1laithe - Coimisi\u00fan Toghch\u00e1in","isPartOf":{"@id":"https:\/\/www.electoralcommission.ie\/ga\/#website"},"primaryImageOfPage":{"@id":"https:\/\/www.electoralcommission.ie\/ga\/cailitheacht-votalai\/#primaryimage"},"image":{"@id":"https:\/\/www.electoralcommission.ie\/ga\/cailitheacht-votalai\/#primaryimage"},"thumbnailUrl":"https:\/\/www.electoralcommission.ie\/app\/uploads\/2024\/01\/czM6Ly9tZWRpYS1wcml2YXRlLmNhbnZhLmNvbS9sU3hVUS9NQUZ2MGFsU3hVUS8xL3AuanBn-e1704453187508.webp","datePublished":"2024-01-19T14:37:45+00:00","dateModified":"2024-11-20T16:22:15+00:00","breadcrumb":{"@id":"https:\/\/www.electoralcommission.ie\/ga\/cailitheacht-votalai\/#breadcrumb"},"inLanguage":"ga-IE","potentialAction":[{"@type":"ReadAction","target":["https:\/\/www.electoralcommission.ie\/ga\/cailitheacht-votalai\/"]}]},{"@type":"ImageObject","inLanguage":"ga-IE","@id":"https:\/\/www.electoralcommission.ie\/ga\/cailitheacht-votalai\/#primaryimage","url":"https:\/\/www.electoralcommission.ie\/app\/uploads\/2024\/01\/czM6Ly9tZWRpYS1wcml2YXRlLmNhbnZhLmNvbS9sU3hVUS9NQUZ2MGFsU3hVUS8xL3AuanBn-e1704453187508.webp","contentUrl":"https:\/\/www.electoralcommission.ie\/app\/uploads\/2024\/01\/czM6Ly9tZWRpYS1wcml2YXRlLmNhbnZhLmNvbS9sU3hVUS9NQUZ2MGFsU3hVUS8xL3AuanBn-e1704453187508.webp","width":1599,"height":738,"caption":"Decorative image of people voting"},{"@type":"BreadcrumbList","@id":"https:\/\/www.electoralcommission.ie\/ga\/cailitheacht-votalai\/#breadcrumb","itemListElement":[{"@type":"ListItem","position":1,"name":"Baile","item":"https:\/\/www.electoralcommission.ie\/ga\/"},{"@type":"ListItem","position":2,"name":"Inch\u00e1ilitheacht v\u00f3t\u00e1laithe"}]},{"@type":"WebSite","@id":"https:\/\/www.electoralcommission.ie\/ga\/#website","url":"https:\/\/www.electoralcommission.ie\/ga\/","name":"Coimisi\u00fan Toghch\u00e1in","description":"Ireland&#039;s Statutory, Independent Electoral Commission","potentialAction":[{"@type":"SearchAction","target":{"@type":"EntryPoint","urlTemplate":"https:\/\/www.electoralcommission.ie\/ga\/?s={search_term_string}"},"query-input":{"@type":"PropertyValueSpecification","valueRequired":true,"valueName":"search_term_string"}}],"inLanguage":"ga-IE"}]}},"uagb_featured_image_src":{"full":["https:\/\/www.electoralcommission.ie\/app\/uploads\/2024\/01\/czM6Ly9tZWRpYS1wcml2YXRlLmNhbnZhLmNvbS9sU3hVUS9NQUZ2MGFsU3hVUS8xL3AuanBn-e1704453187508.webp",1599,738,false],"thumbnail":["https:\/\/www.electoralcommission.ie\/app\/uploads\/2024\/01\/czM6Ly9tZWRpYS1wcml2YXRlLmNhbnZhLmNvbS9sU3hVUS9NQUZ2MGFsU3hVUS8xL3AuanBn-e1704453187508-355x210.webp",355,210,true],"medium":["https:\/\/www.electoralcommission.ie\/app\/uploads\/2024\/01\/czM6Ly9tZWRpYS1wcml2YXRlLmNhbnZhLmNvbS9sU3hVUS9NQUZ2MGFsU3hVUS8xL3AuanBn-e1704453187508-300x138.webp",300,138,true],"medium_large":["https:\/\/www.electoralcommission.ie\/app\/uploads\/2024\/01\/czM6Ly9tZWRpYS1wcml2YXRlLmNhbnZhLmNvbS9sU3hVUS9NQUZ2MGFsU3hVUS8xL3AuanBn-e1704453187508-768x354.webp",768,354,true],"large":["https:\/\/www.electoralcommission.ie\/app\/uploads\/2024\/01\/czM6Ly9tZWRpYS1wcml2YXRlLmNhbnZhLmNvbS9sU3hVUS9NQUZ2MGFsU3hVUS8xL3AuanBn-e1704453187508-1024x473.webp",1024,473,true],"1536x1536":["https:\/\/www.electoralcommission.ie\/app\/uploads\/2024\/01\/czM6Ly9tZWRpYS1wcml2YXRlLmNhbnZhLmNvbS9sU3hVUS9NQUZ2MGFsU3hVUS8xL3AuanBn-e1704453187508-1536x709.webp",1536,709,true],"2048x2048":["https:\/\/www.electoralcommission.ie\/app\/uploads\/2024\/01\/czM6Ly9tZWRpYS1wcml2YXRlLmNhbnZhLmNvbS9sU3hVUS9NQUZ2MGFsU3hVUS8xL3AuanBn-e1704453187508.webp",1599,738,false],"gform-image-choice-sm":["https:\/\/www.electoralcommission.ie\/app\/uploads\/2024\/01\/czM6Ly9tZWRpYS1wcml2YXRlLmNhbnZhLmNvbS9sU3hVUS9NQUZ2MGFsU3hVUS8xL3AuanBn-e1704453187508.webp",300,138,false],"gform-image-choice-md":["https:\/\/www.electoralcommission.ie\/app\/uploads\/2024\/01\/czM6Ly9tZWRpYS1wcml2YXRlLmNhbnZhLmNvbS9sU3hVUS9NQUZ2MGFsU3hVUS8xL3AuanBn-e1704453187508.webp",400,185,false],"gform-image-choice-lg":["https:\/\/www.electoralcommission.ie\/app\/uploads\/2024\/01\/czM6Ly9tZWRpYS1wcml2YXRlLmNhbnZhLmNvbS9sU3hVUS9NQUZ2MGFsU3hVUS8xL3AuanBn-e1704453187508.webp",600,277,false]},"uagb_author_info":{"display_name":"Felippe","author_link":"https:\/\/www.electoralcommission.ie\/ga\/author\/felippe\/"},"uagb_comment_info":0,"uagb_excerpt":"Chun v\u00f3ta a chaitheamh i dtoghch\u00e1n ar bith, caithfidh t\u00fa a bheith inch\u00e1ilithe le v\u00f3t\u00e1il. Caithfidh t\u00fa a bheith: Fi\u00fa m\u00e1 t\u00e1 t\u00fa inch\u00e1ilithe le v\u00f3t\u00e1il, n\u00ed f\u00e9idir leat v\u00f3ta a chaitheamh mura bhfuil t\u00fa cl\u00e1raithe ar Chl\u00e1r na dToghth\u00f3ir\u00ed.&nbsp; C\u00e9 at\u00e1 in ann v\u00f3t\u00e1il in olltoghch\u00e1n? Is f\u00e9idir leat v\u00f3ta a chaitheamh in olltoghch\u00e1n:&hellip;","_links":{"self":[{"href":"https:\/\/www.electoralcommission.ie\/ga\/wp-json\/wp\/v2\/pages\/6886","targetHints":{"allow":["GET"]}}],"collection":[{"href":"https:\/\/www.electoralcommission.ie\/ga\/wp-json\/wp\/v2\/pages"}],"about":[{"href":"https:\/\/www.electoralcommission.ie\/ga\/wp-json\/wp\/v2\/types\/page"}],"author":[{"embeddable":true,"href":"https:\/\/www.electoralcommission.ie\/ga\/wp-json\/wp\/v2\/users\/17"}],"replies":[{"embeddable":true,"href":"https:\/\/www.electoralcommission.ie\/ga\/wp-json\/wp\/v2\/comments?post=6886"}],"version-history":[{"count":11,"href":"https:\/\/www.electoralcommission.ie\/ga\/wp-json\/wp\/v2\/pages\/6886\/revisions"}],"predecessor-version":[{"id":11911,"href":"https:\/\/www.electoralcommission.ie\/ga\/wp-json\/wp\/v2\/pages\/6886\/revisions\/11911"}],"wp:featuredmedia":[{"embeddable":true,"href":"https:\/\/www.electoralcommission.ie\/ga\/wp-json\/wp\/v2\/media\/6763"}],"wp:attachment":[{"href":"https:\/\/www.electoralcommission.ie\/ga\/wp-json\/wp\/v2\/media?parent=6886"}],"curies":[{"name":"wp","href":"https:\/\/api.w.org\/{rel}","templated":true}]}}