
{"id":8523,"date":"2024-02-26T17:17:02","date_gmt":"2024-02-26T17:17:02","guid":{"rendered":"https:\/\/www.electoralcommission.ie\/ar-rialachas\/2024-commission-minutes-and-agenda\/"},"modified":"2024-03-14T11:18:00","modified_gmt":"2024-03-14T11:18:00","slug":"2024-commission-minutes-and-agenda","status":"publish","type":"page","link":"https:\/\/www.electoralcommission.ie\/ga\/ar-rialachas\/2024-commission-minutes-and-agenda\/","title":{"rendered":"2024 Commission Minutes and Agenda"},"content":{"rendered":"\n<div class=\"wp-block-columns is-layout-flex wp-container-core-columns-is-layout-9d6595d7 wp-block-columns-is-layout-flex\">\n<div class=\"wp-block-column is-layout-flow wp-block-column-is-layout-flow\" style=\"flex-basis:100%\">\n<figure class=\"wp-block-table alignleft\"><table><thead><tr><th><strong>Commission Meeting Date<\/strong><\/th><th><strong>Meeting Agenda <\/strong><\/th><th><strong>Agreed Minutes of Meeting<\/strong><\/th><\/tr><\/thead><tbody><tr><td>22 January 2024<\/td><td>Agenda <a href=\"https:\/\/www.electoralcommission.ie\/app\/uploads\/2024\/02\/Agenda-An-Coimisiun-Toghchain-The-Electoral-Commisson-Meeting-22-January-2024.pdf\">(pdf)<\/a> <a href=\"https:\/\/www.electoralcommission.ie\/app\/uploads\/2024\/02\/Agenda-An-Coimisiun-Toghchain-The-Electoral-Commisson-Meeting-22-January-2024.docx\">(word)<\/a><\/td><td>Minute <a href=\"https:\/\/www.electoralcommission.ie\/app\/uploads\/2024\/02\/Minutes-An-Coimisiun-Toghchain-22nd-January.pdf\">(pdf)<\/a> <a href=\"https:\/\/www.electoralcommission.ie\/app\/uploads\/2024\/02\/Minutes-An-Coimisiun-Toghchain-22nd-January.docx\">(word)<\/a><\/td><\/tr><tr><td>18 January 2024<\/td><td>Agenda <a href=\"https:\/\/www.electoralcommission.ie\/app\/uploads\/2024\/02\/Agenda-An-Coimisiun-Toghchain-The-Electoral-Commisson-Meeting-18th-January-2024.pdf\">(pdf)<\/a> <a href=\"https:\/\/www.electoralcommission.ie\/app\/uploads\/2024\/02\/Agenda-An-Coimisiun-Toghchain-The-Electoral-Commisson-Meeting-18th-January-2024.docx\">(word)<\/a> <\/td><td>Minute <a href=\"https:\/\/www.electoralcommission.ie\/app\/uploads\/2024\/02\/Minutes-An-Coimisiun-Toghchain-18th-January.pdf\">(pdf)<\/a> <a href=\"https:\/\/www.electoralcommission.ie\/app\/uploads\/2024\/02\/Minutes-An-Coimisiun-Toghchain-18th-January.docx\">(word)<\/a> <\/td><\/tr><\/tbody><\/table><\/figure>\n<\/div>\n<\/div>\n","protected":false},"excerpt":{"rendered":"<p>Our Commission meets on a regular basis to lead the work of An Coimisi\u00fan Toghch\u00e1in. Here you can find the minutes and agendas of our Commission meetings. Each agenda and associated set of minutes are published once they have been approved by the subsequent Electoral Commission meeting. <\/p>\n","protected":false},"author":20,"featured_media":0,"parent":8469,"menu_order":0,"comment_status":"closed","ping_status":"closed","template":"","meta":{"_acf_changed":false,"_relevanssi_hide_post":"","_relevanssi_hide_content":"","_relevanssi_pin_for_all":"","_relevanssi_pin_keywords":"","_relevanssi_unpin_keywords":"","_relevanssi_related_keywords":"","_relevanssi_related_include_ids":"","_relevanssi_related_exclude_ids":"","_relevanssi_related_no_append":"","_relevanssi_related_not_related":"","_relevanssi_related_posts":"","_relevanssi_noindex_reason":"","_uag_custom_page_level_css":"","footnotes":""},"class_list":["post-8523","page","type-page","status-publish","hentry"],"acf":[],"yoast_head":"<!-- This site is optimized with the Yoast SEO plugin v27.4 - https:\/\/yoast.com\/product\/yoast-seo-wordpress\/ -->\n<title>2024 Commission Minutes and Agenda - Coimisi\u00fan Toghch\u00e1in<\/title>\n<meta name=\"robots\" content=\"index, follow, max-snippet:-1, max-image-preview:large, max-video-preview:-1\" \/>\n<link rel=\"canonical\" href=\"https:\/\/www.electoralcommission.ie\/ga\/ar-rialachas\/2024-commission-minutes-and-agenda\/\" \/>\n<meta property=\"og:locale\" content=\"ga_IE\" \/>\n<meta property=\"og:type\" content=\"article\" \/>\n<meta property=\"og:title\" content=\"2024 Commission Minutes and Agenda - Coimisi\u00fan Toghch\u00e1in\" \/>\n<meta property=\"og:description\" content=\"Our Commission meets on a regular basis to lead the work of An Coimisi\u00fan Toghch\u00e1in. Here you can find the minutes and agendas of our Commission meetings. Each agenda and associated set of minutes are published once they have been approved by the subsequent Electoral Commission meeting.\" \/>\n<meta property=\"og:url\" content=\"https:\/\/www.electoralcommission.ie\/ga\/ar-rialachas\/2024-commission-minutes-and-agenda\/\" \/>\n<meta property=\"og:site_name\" content=\"Coimisi\u00fan Toghch\u00e1in\" \/>\n<meta property=\"article:modified_time\" content=\"2024-03-14T11:18:00+00:00\" \/>\n<meta name=\"twitter:card\" content=\"summary_large_image\" \/>\n<script type=\"application\/ld+json\" class=\"yoast-schema-graph\">{\"@context\":\"https:\\\/\\\/schema.org\",\"@graph\":[{\"@type\":\"WebPage\",\"@id\":\"https:\\\/\\\/www.electoralcommission.ie\\\/ga\\\/ar-rialachas\\\/2024-commission-minutes-and-agenda\\\/\",\"url\":\"https:\\\/\\\/www.electoralcommission.ie\\\/ga\\\/ar-rialachas\\\/2024-commission-minutes-and-agenda\\\/\",\"name\":\"2024 Commission Minutes and Agenda - Coimisi\u00fan Toghch\u00e1in\",\"isPartOf\":{\"@id\":\"https:\\\/\\\/www.electoralcommission.ie\\\/ga\\\/#website\"},\"datePublished\":\"2024-02-26T17:17:02+00:00\",\"dateModified\":\"2024-03-14T11:18:00+00:00\",\"breadcrumb\":{\"@id\":\"https:\\\/\\\/www.electoralcommission.ie\\\/ga\\\/ar-rialachas\\\/2024-commission-minutes-and-agenda\\\/#breadcrumb\"},\"inLanguage\":\"ga-IE\",\"potentialAction\":[{\"@type\":\"ReadAction\",\"target\":[\"https:\\\/\\\/www.electoralcommission.ie\\\/ga\\\/ar-rialachas\\\/2024-commission-minutes-and-agenda\\\/\"]}]},{\"@type\":\"BreadcrumbList\",\"@id\":\"https:\\\/\\\/www.electoralcommission.ie\\\/ga\\\/ar-rialachas\\\/2024-commission-minutes-and-agenda\\\/#breadcrumb\",\"itemListElement\":[{\"@type\":\"ListItem\",\"position\":1,\"name\":\"Baile\",\"item\":\"https:\\\/\\\/www.electoralcommission.ie\\\/ga\\\/baile\\\/\"},{\"@type\":\"ListItem\",\"position\":2,\"name\":\"\u00c1r Rialachas\",\"item\":\"https:\\\/\\\/www.electoralcommission.ie\\\/ga\\\/ar-rialachas\\\/\"},{\"@type\":\"ListItem\",\"position\":3,\"name\":\"2024 Commission Minutes and Agenda\"}]},{\"@type\":\"WebSite\",\"@id\":\"https:\\\/\\\/www.electoralcommission.ie\\\/ga\\\/#website\",\"url\":\"https:\\\/\\\/www.electoralcommission.ie\\\/ga\\\/\",\"name\":\"Coimisi\u00fan Toghch\u00e1in\",\"description\":\"Ireland&#039;s Statutory, Independent Electoral Commission\",\"potentialAction\":[{\"@type\":\"SearchAction\",\"target\":{\"@type\":\"EntryPoint\",\"urlTemplate\":\"https:\\\/\\\/www.electoralcommission.ie\\\/ga\\\/?s={search_term_string}\"},\"query-input\":{\"@type\":\"PropertyValueSpecification\",\"valueRequired\":true,\"valueName\":\"search_term_string\"}}],\"inLanguage\":\"ga-IE\"}]}<\/script>\n<!-- \/ Yoast SEO plugin. -->","yoast_head_json":{"title":"2024 Commission Minutes and Agenda - Coimisi\u00fan Toghch\u00e1in","robots":{"index":"index","follow":"follow","max-snippet":"max-snippet:-1","max-image-preview":"max-image-preview:large","max-video-preview":"max-video-preview:-1"},"canonical":"https:\/\/www.electoralcommission.ie\/ga\/ar-rialachas\/2024-commission-minutes-and-agenda\/","og_locale":"ga_IE","og_type":"article","og_title":"2024 Commission Minutes and Agenda - Coimisi\u00fan Toghch\u00e1in","og_description":"Our Commission meets on a regular basis to lead the work of An Coimisi\u00fan Toghch\u00e1in. Here you can find the minutes and agendas of our Commission meetings. Each agenda and associated set of minutes are published once they have been approved by the subsequent Electoral Commission meeting.","og_url":"https:\/\/www.electoralcommission.ie\/ga\/ar-rialachas\/2024-commission-minutes-and-agenda\/","og_site_name":"Coimisi\u00fan Toghch\u00e1in","article_modified_time":"2024-03-14T11:18:00+00:00","twitter_card":"summary_large_image","schema":{"@context":"https:\/\/schema.org","@graph":[{"@type":"WebPage","@id":"https:\/\/www.electoralcommission.ie\/ga\/ar-rialachas\/2024-commission-minutes-and-agenda\/","url":"https:\/\/www.electoralcommission.ie\/ga\/ar-rialachas\/2024-commission-minutes-and-agenda\/","name":"2024 Commission Minutes and Agenda - Coimisi\u00fan Toghch\u00e1in","isPartOf":{"@id":"https:\/\/www.electoralcommission.ie\/ga\/#website"},"datePublished":"2024-02-26T17:17:02+00:00","dateModified":"2024-03-14T11:18:00+00:00","breadcrumb":{"@id":"https:\/\/www.electoralcommission.ie\/ga\/ar-rialachas\/2024-commission-minutes-and-agenda\/#breadcrumb"},"inLanguage":"ga-IE","potentialAction":[{"@type":"ReadAction","target":["https:\/\/www.electoralcommission.ie\/ga\/ar-rialachas\/2024-commission-minutes-and-agenda\/"]}]},{"@type":"BreadcrumbList","@id":"https:\/\/www.electoralcommission.ie\/ga\/ar-rialachas\/2024-commission-minutes-and-agenda\/#breadcrumb","itemListElement":[{"@type":"ListItem","position":1,"name":"Baile","item":"https:\/\/www.electoralcommission.ie\/ga\/baile\/"},{"@type":"ListItem","position":2,"name":"\u00c1r Rialachas","item":"https:\/\/www.electoralcommission.ie\/ga\/ar-rialachas\/"},{"@type":"ListItem","position":3,"name":"2024 Commission Minutes and Agenda"}]},{"@type":"WebSite","@id":"https:\/\/www.electoralcommission.ie\/ga\/#website","url":"https:\/\/www.electoralcommission.ie\/ga\/","name":"Coimisi\u00fan Toghch\u00e1in","description":"Ireland&#039;s Statutory, Independent Electoral Commission","potentialAction":[{"@type":"SearchAction","target":{"@type":"EntryPoint","urlTemplate":"https:\/\/www.electoralcommission.ie\/ga\/?s={search_term_string}"},"query-input":{"@type":"PropertyValueSpecification","valueRequired":true,"valueName":"search_term_string"}}],"inLanguage":"ga-IE"}]}},"uagb_featured_image_src":{"full":false,"thumbnail":false,"medium":false,"medium_large":false,"large":false,"1536x1536":false,"2048x2048":false,"gform-image-choice-sm":false,"gform-image-choice-md":false,"gform-image-choice-lg":false},"uagb_author_info":{"display_name":"Annmarie Power","author_link":"https:\/\/www.electoralcommission.ie\/ga\/author\/annmarie-power\/"},"uagb_comment_info":0,"uagb_excerpt":"Our Commission meets on a regular basis to lead the work of An Coimisi\u00fan Toghch\u00e1in. Here you can find the minutes and agendas of our Commission meetings. Each agenda and associated set of minutes are published once they have been approved by the subsequent Electoral Commission meeting.","_links":{"self":[{"href":"https:\/\/www.electoralcommission.ie\/ga\/wp-json\/wp\/v2\/pages\/8523","targetHints":{"allow":["GET"]}}],"collection":[{"href":"https:\/\/www.electoralcommission.ie\/ga\/wp-json\/wp\/v2\/pages"}],"about":[{"href":"https:\/\/www.electoralcommission.ie\/ga\/wp-json\/wp\/v2\/types\/page"}],"author":[{"embeddable":true,"href":"https:\/\/www.electoralcommission.ie\/ga\/wp-json\/wp\/v2\/users\/20"}],"replies":[{"embeddable":true,"href":"https:\/\/www.electoralcommission.ie\/ga\/wp-json\/wp\/v2\/comments?post=8523"}],"version-history":[{"count":1,"href":"https:\/\/www.electoralcommission.ie\/ga\/wp-json\/wp\/v2\/pages\/8523\/revisions"}],"predecessor-version":[{"id":8524,"href":"https:\/\/www.electoralcommission.ie\/ga\/wp-json\/wp\/v2\/pages\/8523\/revisions\/8524"}],"up":[{"embeddable":true,"href":"https:\/\/www.electoralcommission.ie\/ga\/wp-json\/wp\/v2\/pages\/8469"}],"wp:attachment":[{"href":"https:\/\/www.electoralcommission.ie\/ga\/wp-json\/wp\/v2\/media?parent=8523"}],"curies":[{"name":"wp","href":"https:\/\/api.w.org\/{rel}","templated":true}]}}