
{"id":8529,"date":"2023-05-17T11:14:37","date_gmt":"2023-05-17T10:14:37","guid":{"rendered":"https:\/\/www.electoralcommission.ie\/ar-rialachas\/commission-minutes-and-agenda\/"},"modified":"2025-07-25T17:15:53","modified_gmt":"2025-07-25T16:15:53","slug":"miontuairisci-agus-clair-oibre-an-choimisiuin","status":"publish","type":"page","link":"https:\/\/www.electoralcommission.ie\/ga\/ar-rialachas\/miontuairisci-agus-clair-oibre-an-choimisiuin\/","title":{"rendered":"Miontuairisc\u00ed agus Cl\u00e1ir Oibre an Choimisi\u00fain"},"content":{"rendered":"\n<div class=\"wp-block-columns is-layout-flex wp-container-core-columns-is-layout-9d6595d7 wp-block-columns-is-layout-flex\">\n<div class=\"wp-block-column is-layout-flow wp-block-column-is-layout-flow\" style=\"flex-basis:100%\">\n<p>Is f\u00e9idir leat cl\u00e1r oibre agus miontuairisc\u00ed gach cruinnithe den Choimisi\u00fan a fh\u00e1il tr\u00ed na cnaip\u00ed th\u00edos a \u00fas\u00e1id.<\/p>\n<\/div>\n<\/div>\n\n\n\n<div class=\"wp-block-uagb-container uagb-block-f7acbe11 alignfull uagb-is-root-container\"><div class=\"uagb-container-inner-blocks-wrap\">\n<div class=\"wp-block-uagb-container uagb-block-34ad89cb\">\n<div class=\"wp-block-uagb-marketing-button uagb-marketing-btn__align-center uagb-marketing-btn__align-text-center uagb-marketing-btn__icon-after uagb-block-684a22ee wp-block-button\"><a href=\"https:\/\/www.electoralcommission.ie\/ga\/ar-rialachas\/2023-commission-minutes-and-agenda\/\" class=\"uagb-marketing-btn__link wp-block-button__link\" target=\"\" rel=\"noopener noreferrer\"><span class=\"uagb-marketing-btn__title\">2023 <\/span><svg xmlns=\"https:\/\/www.w3.org\/2000\/svg\" viewBox=\"0 0 512 512\"><path d=\"M384 320c-17.67 0-32 14.33-32 32v96H64V160h96c17.67 0 32-14.32 32-32s-14.33-32-32-32L64 96c-35.35 0-64 28.65-64 64V448c0 35.34 28.65 64 64 64h288c35.35 0 64-28.66 64-64v-96C416 334.3 401.7 320 384 320zM488 0H352c-12.94 0-24.62 7.797-29.56 19.75c-4.969 11.97-2.219 25.72 6.938 34.88L370.8 96L169.4 297.4c-12.5 12.5-12.5 32.75 0 45.25C175.6 348.9 183.8 352 192 352s16.38-3.125 22.62-9.375L416 141.3l41.38 41.38c9.156 9.141 22.88 11.84 34.88 6.938C504.2 184.6 512 172.9 512 160V24C512 10.74 501.3 0 488 0z\"><\/path><\/svg><p class=\"uagb-marketing-btn__prefix\"> Cl\u00e1ir Oibre agus Miontuairisc\u00ed <\/p><\/a><\/div>\n<\/div>\n\n\n\n<div class=\"wp-block-uagb-container uagb-block-96c323da\">\n<div class=\"wp-block-uagb-marketing-button uagb-marketing-btn__align-center uagb-marketing-btn__align-text-center uagb-marketing-btn__icon-after uagb-block-e6d98182 wp-block-button\"><a href=\"https:\/\/www.electoralcommission.ie\/ga\/ar-rialachas\/2024-commission-minutes-and-agenda\/\" class=\"uagb-marketing-btn__link wp-block-button__link\" target=\"\" rel=\"noopener noreferrer\"><span class=\"uagb-marketing-btn__title\">2024<\/span><svg xmlns=\"https:\/\/www.w3.org\/2000\/svg\" viewBox=\"0 0 512 512\"><path d=\"M384 320c-17.67 0-32 14.33-32 32v96H64V160h96c17.67 0 32-14.32 32-32s-14.33-32-32-32L64 96c-35.35 0-64 28.65-64 64V448c0 35.34 28.65 64 64 64h288c35.35 0 64-28.66 64-64v-96C416 334.3 401.7 320 384 320zM488 0H352c-12.94 0-24.62 7.797-29.56 19.75c-4.969 11.97-2.219 25.72 6.938 34.88L370.8 96L169.4 297.4c-12.5 12.5-12.5 32.75 0 45.25C175.6 348.9 183.8 352 192 352s16.38-3.125 22.62-9.375L416 141.3l41.38 41.38c9.156 9.141 22.88 11.84 34.88 6.938C504.2 184.6 512 172.9 512 160V24C512 10.74 501.3 0 488 0z\"><\/path><\/svg><p class=\"uagb-marketing-btn__prefix\"> Cl\u00e1ir Oibre agus Miontuairisc\u00ed <\/p><\/a><\/div>\n<\/div>\n\n\n\n<div class=\"wp-block-uagb-container uagb-block-8e27dea5\">\n<div class=\"wp-block-uagb-marketing-button uagb-marketing-btn__align-center uagb-marketing-btn__align-text-center uagb-marketing-btn__icon-after uagb-block-1a684857 wp-block-button\"><a href=\"https:\/\/www.electoralcommission.ie\/ga\/?page_id=12641\" class=\"uagb-marketing-btn__link wp-block-button__link\" target=\"\" rel=\"noopener noreferrer\"><span class=\"uagb-marketing-btn__title\">2025<\/span><svg xmlns=\"https:\/\/www.w3.org\/2000\/svg\" viewBox=\"0 0 512 512\"><path d=\"M384 320c-17.67 0-32 14.33-32 32v96H64V160h96c17.67 0 32-14.32 32-32s-14.33-32-32-32L64 96c-35.35 0-64 28.65-64 64V448c0 35.34 28.65 64 64 64h288c35.35 0 64-28.66 64-64v-96C416 334.3 401.7 320 384 320zM488 0H352c-12.94 0-24.62 7.797-29.56 19.75c-4.969 11.97-2.219 25.72 6.938 34.88L370.8 96L169.4 297.4c-12.5 12.5-12.5 32.75 0 45.25C175.6 348.9 183.8 352 192 352s16.38-3.125 22.62-9.375L416 141.3l41.38 41.38c9.156 9.141 22.88 11.84 34.88 6.938C504.2 184.6 512 172.9 512 160V24C512 10.74 501.3 0 488 0z\"><\/path><\/svg><p class=\"uagb-marketing-btn__prefix\"> Cl\u00e1ir Oibre agus Miontuairisc\u00ed <\/p><\/a><\/div>\n<\/div>\n<\/div><\/div>\n","protected":false},"excerpt":{"rendered":"<p>Tagann \u00e1r gCoimisi\u00fan le ch\u00e9ile go rialta chun obair an Choimisi\u00fain Toghch\u00e1in a sti\u00faradh. T\u00e1 miontuairisc\u00ed agus cl\u00e1ir oibre \u00e1r gcruinnithe Coimisi\u00fain ar f\u00e1il anseo. Foils\u00edtear gach cl\u00e1r oibre agus na miontuairisc\u00ed a ghabhann leis i ndiaidh iad a fhaomhadh ag an gc\u00e9ad chruinni\u00fa eile den Choimisi\u00fan Toghch\u00e1in.<\/p>\n","protected":false},"author":1,"featured_media":0,"parent":8469,"menu_order":0,"comment_status":"closed","ping_status":"closed","template":"","meta":{"_acf_changed":false,"_relevanssi_hide_post":"","_relevanssi_hide_content":"","_relevanssi_pin_for_all":"","_relevanssi_pin_keywords":"","_relevanssi_unpin_keywords":"","_relevanssi_related_keywords":"","_relevanssi_related_include_ids":"","_relevanssi_related_exclude_ids":"","_relevanssi_related_no_append":"","_relevanssi_related_not_related":"","_relevanssi_related_posts":"9475,5671,10109,10298,12555,10848","_relevanssi_noindex_reason":"","_uag_custom_page_level_css":"","footnotes":""},"class_list":["post-8529","page","type-page","status-publish","hentry"],"acf":[],"yoast_head":"<!-- This site is optimized with the Yoast SEO plugin v27.5 - https:\/\/yoast.com\/product\/yoast-seo-wordpress\/ -->\n<title>Miontuairisc\u00ed agus Cl\u00e1ir Oibre an Choimisi\u00fain - Coimisi\u00fan Toghch\u00e1in<\/title>\n<meta name=\"robots\" content=\"index, follow, max-snippet:-1, max-image-preview:large, max-video-preview:-1\" \/>\n<link rel=\"canonical\" href=\"https:\/\/www.electoralcommission.ie\/ga\/ar-rialachas\/miontuairisci-agus-clair-oibre-an-choimisiuin\/\" \/>\n<meta property=\"og:locale\" content=\"ga_IE\" \/>\n<meta property=\"og:type\" content=\"article\" \/>\n<meta property=\"og:title\" content=\"Miontuairisc\u00ed agus Cl\u00e1ir Oibre an Choimisi\u00fain - Coimisi\u00fan Toghch\u00e1in\" \/>\n<meta property=\"og:description\" content=\"Tagann \u00e1r gCoimisi\u00fan le ch\u00e9ile go rialta chun obair an Choimisi\u00fain Toghch\u00e1in a sti\u00faradh. T\u00e1 miontuairisc\u00ed agus cl\u00e1ir oibre \u00e1r gcruinnithe Coimisi\u00fain ar f\u00e1il anseo. Foils\u00edtear gach cl\u00e1r oibre agus na miontuairisc\u00ed a ghabhann leis i ndiaidh iad a fhaomhadh ag an gc\u00e9ad chruinni\u00fa eile den Choimisi\u00fan Toghch\u00e1in.\" \/>\n<meta property=\"og:url\" content=\"https:\/\/www.electoralcommission.ie\/ga\/ar-rialachas\/miontuairisci-agus-clair-oibre-an-choimisiuin\/\" \/>\n<meta property=\"og:site_name\" content=\"Coimisi\u00fan Toghch\u00e1in\" \/>\n<meta property=\"article:modified_time\" content=\"2025-07-25T16:15:53+00:00\" \/>\n<meta name=\"twitter:card\" content=\"summary_large_image\" \/>\n<meta name=\"twitter:label1\" content=\"Est. reading time\" \/>\n\t<meta name=\"twitter:data1\" content=\"1 minute\" \/>\n<script type=\"application\/ld+json\" class=\"yoast-schema-graph\">{\"@context\":\"https:\\\/\\\/schema.org\",\"@graph\":[{\"@type\":\"WebPage\",\"@id\":\"https:\\\/\\\/www.electoralcommission.ie\\\/ga\\\/ar-rialachas\\\/miontuairisci-agus-clair-oibre-an-choimisiuin\\\/\",\"url\":\"https:\\\/\\\/www.electoralcommission.ie\\\/ga\\\/ar-rialachas\\\/miontuairisci-agus-clair-oibre-an-choimisiuin\\\/\",\"name\":\"Miontuairisc\u00ed agus Cl\u00e1ir Oibre an Choimisi\u00fain - Coimisi\u00fan Toghch\u00e1in\",\"isPartOf\":{\"@id\":\"https:\\\/\\\/www.electoralcommission.ie\\\/ga\\\/#website\"},\"datePublished\":\"2023-05-17T10:14:37+00:00\",\"dateModified\":\"2025-07-25T16:15:53+00:00\",\"breadcrumb\":{\"@id\":\"https:\\\/\\\/www.electoralcommission.ie\\\/ga\\\/ar-rialachas\\\/miontuairisci-agus-clair-oibre-an-choimisiuin\\\/#breadcrumb\"},\"inLanguage\":\"ga-IE\",\"potentialAction\":[{\"@type\":\"ReadAction\",\"target\":[\"https:\\\/\\\/www.electoralcommission.ie\\\/ga\\\/ar-rialachas\\\/miontuairisci-agus-clair-oibre-an-choimisiuin\\\/\"]}]},{\"@type\":\"BreadcrumbList\",\"@id\":\"https:\\\/\\\/www.electoralcommission.ie\\\/ga\\\/ar-rialachas\\\/miontuairisci-agus-clair-oibre-an-choimisiuin\\\/#breadcrumb\",\"itemListElement\":[{\"@type\":\"ListItem\",\"position\":1,\"name\":\"Baile\",\"item\":\"https:\\\/\\\/www.electoralcommission.ie\\\/ga\\\/\"},{\"@type\":\"ListItem\",\"position\":2,\"name\":\"\u00c1r Rialachas\",\"item\":\"https:\\\/\\\/www.electoralcommission.ie\\\/ga\\\/ar-rialachas\\\/\"},{\"@type\":\"ListItem\",\"position\":3,\"name\":\"Miontuairisc\u00ed agus Cl\u00e1ir Oibre an Choimisi\u00fain\"}]},{\"@type\":\"WebSite\",\"@id\":\"https:\\\/\\\/www.electoralcommission.ie\\\/ga\\\/#website\",\"url\":\"https:\\\/\\\/www.electoralcommission.ie\\\/ga\\\/\",\"name\":\"Coimisi\u00fan Toghch\u00e1in\",\"description\":\"Ireland&#039;s Statutory, Independent Electoral Commission\",\"potentialAction\":[{\"@type\":\"SearchAction\",\"target\":{\"@type\":\"EntryPoint\",\"urlTemplate\":\"https:\\\/\\\/www.electoralcommission.ie\\\/ga\\\/?s={search_term_string}\"},\"query-input\":{\"@type\":\"PropertyValueSpecification\",\"valueRequired\":true,\"valueName\":\"search_term_string\"}}],\"inLanguage\":\"ga-IE\"}]}<\/script>\n<!-- \/ Yoast SEO plugin. -->","yoast_head_json":{"title":"Miontuairisc\u00ed agus Cl\u00e1ir Oibre an Choimisi\u00fain - Coimisi\u00fan Toghch\u00e1in","robots":{"index":"index","follow":"follow","max-snippet":"max-snippet:-1","max-image-preview":"max-image-preview:large","max-video-preview":"max-video-preview:-1"},"canonical":"https:\/\/www.electoralcommission.ie\/ga\/ar-rialachas\/miontuairisci-agus-clair-oibre-an-choimisiuin\/","og_locale":"ga_IE","og_type":"article","og_title":"Miontuairisc\u00ed agus Cl\u00e1ir Oibre an Choimisi\u00fain - Coimisi\u00fan Toghch\u00e1in","og_description":"Tagann \u00e1r gCoimisi\u00fan le ch\u00e9ile go rialta chun obair an Choimisi\u00fain Toghch\u00e1in a sti\u00faradh. T\u00e1 miontuairisc\u00ed agus cl\u00e1ir oibre \u00e1r gcruinnithe Coimisi\u00fain ar f\u00e1il anseo. Foils\u00edtear gach cl\u00e1r oibre agus na miontuairisc\u00ed a ghabhann leis i ndiaidh iad a fhaomhadh ag an gc\u00e9ad chruinni\u00fa eile den Choimisi\u00fan Toghch\u00e1in.","og_url":"https:\/\/www.electoralcommission.ie\/ga\/ar-rialachas\/miontuairisci-agus-clair-oibre-an-choimisiuin\/","og_site_name":"Coimisi\u00fan Toghch\u00e1in","article_modified_time":"2025-07-25T16:15:53+00:00","twitter_card":"summary_large_image","twitter_misc":{"Est. reading time":"1 minute"},"schema":{"@context":"https:\/\/schema.org","@graph":[{"@type":"WebPage","@id":"https:\/\/www.electoralcommission.ie\/ga\/ar-rialachas\/miontuairisci-agus-clair-oibre-an-choimisiuin\/","url":"https:\/\/www.electoralcommission.ie\/ga\/ar-rialachas\/miontuairisci-agus-clair-oibre-an-choimisiuin\/","name":"Miontuairisc\u00ed agus Cl\u00e1ir Oibre an Choimisi\u00fain - Coimisi\u00fan Toghch\u00e1in","isPartOf":{"@id":"https:\/\/www.electoralcommission.ie\/ga\/#website"},"datePublished":"2023-05-17T10:14:37+00:00","dateModified":"2025-07-25T16:15:53+00:00","breadcrumb":{"@id":"https:\/\/www.electoralcommission.ie\/ga\/ar-rialachas\/miontuairisci-agus-clair-oibre-an-choimisiuin\/#breadcrumb"},"inLanguage":"ga-IE","potentialAction":[{"@type":"ReadAction","target":["https:\/\/www.electoralcommission.ie\/ga\/ar-rialachas\/miontuairisci-agus-clair-oibre-an-choimisiuin\/"]}]},{"@type":"BreadcrumbList","@id":"https:\/\/www.electoralcommission.ie\/ga\/ar-rialachas\/miontuairisci-agus-clair-oibre-an-choimisiuin\/#breadcrumb","itemListElement":[{"@type":"ListItem","position":1,"name":"Baile","item":"https:\/\/www.electoralcommission.ie\/ga\/"},{"@type":"ListItem","position":2,"name":"\u00c1r Rialachas","item":"https:\/\/www.electoralcommission.ie\/ga\/ar-rialachas\/"},{"@type":"ListItem","position":3,"name":"Miontuairisc\u00ed agus Cl\u00e1ir Oibre an Choimisi\u00fain"}]},{"@type":"WebSite","@id":"https:\/\/www.electoralcommission.ie\/ga\/#website","url":"https:\/\/www.electoralcommission.ie\/ga\/","name":"Coimisi\u00fan Toghch\u00e1in","description":"Ireland&#039;s Statutory, Independent Electoral Commission","potentialAction":[{"@type":"SearchAction","target":{"@type":"EntryPoint","urlTemplate":"https:\/\/www.electoralcommission.ie\/ga\/?s={search_term_string}"},"query-input":{"@type":"PropertyValueSpecification","valueRequired":true,"valueName":"search_term_string"}}],"inLanguage":"ga-IE"}]}},"uagb_featured_image_src":{"full":false,"thumbnail":false,"medium":false,"medium_large":false,"large":false,"1536x1536":false,"2048x2048":false,"gform-image-choice-sm":false,"gform-image-choice-md":false,"gform-image-choice-lg":false},"uagb_author_info":{"display_name":"Jose","author_link":"https:\/\/www.electoralcommission.ie\/ga\/author\/jose\/"},"uagb_comment_info":0,"uagb_excerpt":"Tagann \u00e1r gCoimisi\u00fan le ch\u00e9ile go rialta chun obair an Choimisi\u00fain Toghch\u00e1in a sti\u00faradh. T\u00e1 miontuairisc\u00ed agus cl\u00e1ir oibre \u00e1r gcruinnithe Coimisi\u00fain ar f\u00e1il anseo. Foils\u00edtear gach cl\u00e1r oibre agus na miontuairisc\u00ed a ghabhann leis i ndiaidh iad a fhaomhadh ag an gc\u00e9ad chruinni\u00fa eile den Choimisi\u00fan Toghch\u00e1in.","_links":{"self":[{"href":"https:\/\/www.electoralcommission.ie\/ga\/wp-json\/wp\/v2\/pages\/8529","targetHints":{"allow":["GET"]}}],"collection":[{"href":"https:\/\/www.electoralcommission.ie\/ga\/wp-json\/wp\/v2\/pages"}],"about":[{"href":"https:\/\/www.electoralcommission.ie\/ga\/wp-json\/wp\/v2\/types\/page"}],"author":[{"embeddable":true,"href":"https:\/\/www.electoralcommission.ie\/ga\/wp-json\/wp\/v2\/users\/1"}],"replies":[{"embeddable":true,"href":"https:\/\/www.electoralcommission.ie\/ga\/wp-json\/wp\/v2\/comments?post=8529"}],"version-history":[{"count":9,"href":"https:\/\/www.electoralcommission.ie\/ga\/wp-json\/wp\/v2\/pages\/8529\/revisions"}],"predecessor-version":[{"id":14045,"href":"https:\/\/www.electoralcommission.ie\/ga\/wp-json\/wp\/v2\/pages\/8529\/revisions\/14045"}],"up":[{"embeddable":true,"href":"https:\/\/www.electoralcommission.ie\/ga\/wp-json\/wp\/v2\/pages\/8469"}],"wp:attachment":[{"href":"https:\/\/www.electoralcommission.ie\/ga\/wp-json\/wp\/v2\/media?parent=8529"}],"curies":[{"name":"wp","href":"https:\/\/api.w.org\/{rel}","templated":true}]}}