
{"id":8569,"date":"2024-03-14T14:46:29","date_gmt":"2024-03-14T14:46:29","guid":{"rendered":"https:\/\/www.electoralcommission.ie\/?page_id=8569"},"modified":"2024-03-14T15:16:21","modified_gmt":"2024-03-14T15:16:21","slug":"an-staidear-naisiunta-ar-chursai-toghchain-agus-daonlathais","status":"publish","type":"page","link":"https:\/\/www.electoralcommission.ie\/ga\/cad-a-dheanaimid\/an-staidear-naisiunta-ar-chursai-toghchain-agus-daonlathais\/","title":{"rendered":"An Staid\u00e9ar N\u00e1isi\u00fanta ar Ch\u00farsa\u00ed Toghch\u00e1in agus Daonlathais"},"content":{"rendered":"\n<p>Tugtar sainord\u00fa suntasach taighde don Choimisi\u00fan san Acht um Athch\u00f3iri\u00fa Toghch\u00e1in, 2022 chun cl\u00e1ir taighde a ullmh\u00fa agus taighde a dh\u00e9anamh ar bheartas agus n\u00f3s imeachta toghch\u00e1in, ceisteanna a bhaineann le comhl\u00edonadh a dhualgas ina measc. Mar an ch\u00e9ad ch\u00e9im de sin, d\u2019fhoilsigh an Coimisi\u00fan <a href=\"https:\/\/www.electoralcommission.ie\/app\/uploads\/2023\/11\/Draft-Annual-Research-Programme-Irish-Web-1.pdf\">Dr\u00e9achtchl\u00e1r Taighde<\/a> le haghaidh comhairli\u00fach\u00e1n poibl\u00ed i m\u00ed na Samhna 2023 Bh\u00ed tiomantas sa Dr\u00e9achtchl\u00e1r sin do Staid\u00e9ar N\u00e1isi\u00fanta ar Ch\u00farsa\u00ed Toghch\u00e1in agus Daonlathais a fhorbairt le haghaidh na h\u00c9ireann.<\/p>\n\n\n\n<p>I gcompar\u00e1id le t\u00edortha eile, t\u00e1 \u00c9ire ag titim chun deiridh le fada an l\u00e1 i leith teacht ar shonra\u00ed iontaofa agus cuimsitheacha faoina toghch\u00e1in agus iompra\u00edocht pholaiti\u00fail. T\u00e1 staid\u00e9ir d\u00e1 leith\u00e9id ar bun in go leor t\u00edortha eile le breis agus 50 bliain, agus i bhfad n\u00edos faide i gc\u00e1sanna \u00e1irithe. T\u00e1 s\u00e9 d\u2019aidhm ag an gCoimisi\u00fan an t-easnamh sin a chur ina cheart agus bunachar sonra\u00ed daonlathach a fhorbairt tr\u00edna dtomhaisfear le himeacht ama dearctha\u00ed, meonta agus taith\u00ed mhuintir na h\u00c9ireann ar imeachta\u00ed toghch\u00e1in agus an daonlathas, agus na c\u00fains\u00ed a th\u00e9ann i bhfeidhm orthu sin. Beidh b\u00e9im faoi leith ar ch\u00fains\u00ed a mh\u00e9ada\u00edonn l\u00edon na ndaoine a chaitheann v\u00f3ta agus an rannph\u00e1irt\u00edocht pholaiti\u00fail, ag f\u00e9achaint le bonn eolais a chur faoi thionscnaimh an Choimisi\u00fain sna r\u00e9ims\u00ed sin.<\/p>\n\n\n\n<p>Cuirfidh na sonra\u00ed sin bonn eolais freisin faoi na hathbhreithnithe ar leith i ndiaidh imeachta\u00ed toghch\u00e1in a chuirtear faoi ndeara ar an gCoimisi\u00fan a ullmh\u00fa agus a fhoilsi\u00fa i ndiaidh gach imeachta toghch\u00e1in agus ceanglas faoi leith breathn\u00fa ar inrochtaineacht an phr\u00f3isis v\u00f3t\u00e1la do dhaoine at\u00e1 faoi mh\u00edchumas, do dhaoine a bhfuil tinneas orthu n\u00f3 do dhaoine a bhfuil d\u00fashl\u00e1in litearthachta le s\u00e1r\u00fa acu.<\/p>\n\n\n\n<p>Beidh ceisteanna sa Staid\u00e9ar freisin a mb\u00edonn eolaithe polaiti\u00fala i Staid\u00e9ar Toghch\u00e1in ag d\u00edri\u00fa go m\u00f3r orthu; is \u00e9 sin ar \u00fas\u00e1id daoine a v\u00f3ta, c\u00e9n chaoi ar \u00fas\u00e1id siad \u00e9, agus c\u00e9ard a spreag a roghanna v\u00f3t\u00e1la. D\u00e9anfar na sonra\u00ed a bhaileofar tr\u00edd an Staid\u00e9ar a anaithnidi\u00fa agus cuirfear ar f\u00e1il mar shonra\u00ed foinse oscailte iad le go mbeidh eolas ar ardchaighde\u00e1n faoi staid \u00e1r ndaonlathais ar f\u00e1il ag p\u00e1irtithe leasmhara, an pobal, na me\u00e1in agus an c\u00f3ras polaiti\u00fail.<\/p>\n\n\n\n<div style=\"height:21px\" aria-hidden=\"true\" class=\"wp-block-spacer\"><\/div>\n\n\n\n<div class=\"wp-block-uagb-advanced-heading uagb-block-2582f65c\"><h2 class=\"uagb-heading-text\"><strong>Staid\u00e9ar Trialach Reifreann<\/strong><\/h2><div class=\"uagb-separator\"><\/div><\/div>\n\n\n\n<p>Mar an ch\u00e9ad ch\u00e9im i bhforbairt an Staid\u00e9ir N\u00e1isi\u00fanta ar Ch\u00farsa\u00ed Toghch\u00e1in agus Daonlathais, coimisi\u00fana\u00edodh staid\u00e9ar trialach le haghaidh reifrinn an <sup>8<\/sup> M\u00e1rta. Le comhairle \u00f3n bhfoireann acad\u00fail (f\u00e9ach th\u00edos), a raibh cuid mh\u00f3r d\u00edobh p\u00e1irteach i staid\u00e9ir reifrinn d\u00e1 leith\u00e9id roimhe seo, coimisi\u00fana\u00edodh tr\u00ed shuirbh\u00e9. Thug dh\u00e1 chomhlacht pobalbhreitheanna neamhsple\u00e1cha faoi na suirbh\u00e9anna sin \u2013 suirbh\u00e9 ar l\u00edne agus ar an nguth\u00e1n roimh na reifrinn, agus suirbh\u00e9 ar an lucht v\u00f3t\u00e1la bunaithe ar shampla ionada\u00edoch de 3,000 v\u00f3t\u00e1la\u00ed ag 180 st\u00e1isi\u00fan v\u00f3t\u00e1la ar an 8 M\u00e1rta. Foilseofar na sonra\u00ed i ndiaidh iad a thioms\u00fa agus a fh\u00e1il.<\/p>\n\n\n\n<div style=\"height:18px\" aria-hidden=\"true\" class=\"wp-block-spacer\"><\/div>\n\n\n\n<div class=\"wp-block-uagb-advanced-heading uagb-block-86e07caa\"><h2 class=\"uagb-heading-text\"><strong><strong>Bord Bainist\u00edochta an Staid\u00e9ir N\u00e1isi\u00fanta ar Ch\u00farsa\u00ed Toghch\u00e1in agus Daonlathais<\/strong><\/strong><\/h2><div class=\"uagb-separator\"><\/div><\/div>\n\n\n\n<p>T\u00e1 Bord Bainist\u00edochta i mbun maoirseachta agus bainist\u00edochta ar an Staid\u00e9ar N\u00e1isi\u00fanta ar Ch\u00farsa\u00ed Toghch\u00e1in agus Daonlathais seo.<\/p>\n\n\n\n<p>T\u00e1 foireann de shaineolaithe agus lucht acad\u00fail toghch\u00e1in cl\u00faiteacha ar an mBord a roghna\u00edodh tr\u00ed phr\u00f3iseas iarratais.<\/p>\n\n\n\n<p>Is iad comhalta\u00ed an Bhoird:<\/p>\n\n\n\n<ul class=\"wp-block-list\">\n<li>An Dr Rory Costello, Roinn na Polait\u00edochta agus Riarach\u00e1in Phoibl\u00ed, Ollscoil Luimnigh<\/li>\n\n\n\n<li>Dr. Johan A. Dornschneider-Elkink, School of Politics and International Relations, University College Dublin<\/li>\n\n\n\n<li>An tOllamh Georg Lutz, Sti\u00farth\u00f3ir FORS (L\u00e1rionad Saineolais na hEilv\u00e9ise sna hEola\u00edochta\u00ed S\u00f3isialta), Ollscoil Lausanne<\/li>\n\n\n\n<li>An tOllamh Gail McElroy, Roinn na hEola\u00edochta Polaiti\u00fala, Col\u00e1iste na Tr\u00edon\u00f3ide, Baile \u00c1tha Cliath<\/li>\n\n\n\n<li>An Dr Theresa Reidy, Roinn L\u00e9ann an Rialtais agus na Polait\u00edochta, Col\u00e1iste na hOllscoile, Corcaigh<\/li>\n\n\n\n<li>An tOllamh Jane Suiter, Scoil na Cumars\u00e1ide, Ollscoil Chathair Bhaile \u00c1tha Cliath<\/li>\n<\/ul>\n\n\n\n<p>Is \u00ed an Dr Mary-Clare O\u2019Sullivan, Ceannasa\u00ed Taighde sa Choimisi\u00fan Toghch\u00e1in, cathaoirleach an Bhoird.<br><\/p>\n\n\n\n<div style=\"height:28px\" aria-hidden=\"true\" class=\"wp-block-spacer\"><\/div>\n","protected":false},"excerpt":{"rendered":"<p>Tugtar sainord\u00fa suntasach taighde don Choimisi\u00fan san Acht um Athch\u00f3iri\u00fa Toghch\u00e1in, 2022 chun cl\u00e1ir taighde a ullmh\u00fa agus taighde a dh\u00e9anamh ar bheartas agus n\u00f3s imeachta toghch\u00e1in, ceisteanna a bhaineann le comhl\u00edonadh a dhualgas ina measc. Mar an ch\u00e9ad ch\u00e9im de sin, d\u2019fhoilsigh an Coimisi\u00fan Dr\u00e9achtchl\u00e1r Taighde le haghaidh comhairli\u00fach\u00e1n poibl\u00ed i m\u00ed na Samhna &hellip; <a href=\"https:\/\/www.electoralcommission.ie\/ga\/cad-a-dheanaimid\/an-staidear-naisiunta-ar-chursai-toghchain-agus-daonlathais\/\">Continued<\/a><\/p>\n","protected":false},"author":20,"featured_media":6757,"parent":214,"menu_order":0,"comment_status":"closed","ping_status":"closed","template":"","meta":{"_acf_changed":false,"_relevanssi_hide_post":"","_relevanssi_hide_content":"","_relevanssi_pin_for_all":"","_relevanssi_pin_keywords":"","_relevanssi_unpin_keywords":"","_relevanssi_related_keywords":"","_relevanssi_related_include_ids":"","_relevanssi_related_exclude_ids":"","_relevanssi_related_no_append":"","_relevanssi_related_not_related":"","_relevanssi_related_posts":"","_relevanssi_noindex_reason":"","_uag_custom_page_level_css":"","footnotes":""},"class_list":["post-8569","page","type-page","status-publish","has-post-thumbnail","hentry"],"acf":[],"yoast_head":"<!-- This site is optimized with the Yoast SEO plugin v27.4 - https:\/\/yoast.com\/product\/yoast-seo-wordpress\/ -->\n<title>An Staid\u00e9ar N\u00e1isi\u00fanta ar Ch\u00farsa\u00ed Toghch\u00e1in agus Daonlathais - Coimisi\u00fan Toghch\u00e1in<\/title>\n<meta name=\"robots\" content=\"index, follow, max-snippet:-1, max-image-preview:large, max-video-preview:-1\" \/>\n<link rel=\"canonical\" href=\"https:\/\/www.electoralcommission.ie\/ga\/cad-a-dheanaimid\/an-staidear-naisiunta-ar-chursai-toghchain-agus-daonlathais\/\" \/>\n<meta property=\"og:locale\" content=\"ga_IE\" \/>\n<meta property=\"og:type\" content=\"article\" \/>\n<meta property=\"og:title\" content=\"An Staid\u00e9ar N\u00e1isi\u00fanta ar Ch\u00farsa\u00ed Toghch\u00e1in agus Daonlathais - Coimisi\u00fan Toghch\u00e1in\" \/>\n<meta property=\"og:description\" content=\"Tugtar sainord\u00fa suntasach taighde don Choimisi\u00fan san Acht um Athch\u00f3iri\u00fa Toghch\u00e1in, 2022 chun cl\u00e1ir taighde a ullmh\u00fa agus taighde a dh\u00e9anamh ar bheartas agus n\u00f3s imeachta toghch\u00e1in, ceisteanna a bhaineann le comhl\u00edonadh a dhualgas ina measc. Mar an ch\u00e9ad ch\u00e9im de sin, d\u2019fhoilsigh an Coimisi\u00fan Dr\u00e9achtchl\u00e1r Taighde le haghaidh comhairli\u00fach\u00e1n poibl\u00ed i m\u00ed na Samhna &hellip; Continued\" \/>\n<meta property=\"og:url\" content=\"https:\/\/www.electoralcommission.ie\/ga\/cad-a-dheanaimid\/an-staidear-naisiunta-ar-chursai-toghchain-agus-daonlathais\/\" \/>\n<meta property=\"og:site_name\" content=\"Coimisi\u00fan Toghch\u00e1in\" \/>\n<meta property=\"article:modified_time\" content=\"2024-03-14T15:16:21+00:00\" \/>\n<meta property=\"og:image\" content=\"https:\/\/cdn.electoralcommission.ie\/app\/uploads\/2024\/01\/19161638\/GC31YT-scaled-1.jpg\" \/>\n\t<meta property=\"og:image:width\" content=\"2560\" \/>\n\t<meta property=\"og:image:height\" content=\"1677\" \/>\n\t<meta property=\"og:image:type\" content=\"image\/jpeg\" \/>\n<meta name=\"twitter:card\" content=\"summary_large_image\" \/>\n<meta name=\"twitter:label1\" content=\"Est. reading time\" \/>\n\t<meta name=\"twitter:data1\" content=\"3 minutes\" \/>\n<script type=\"application\/ld+json\" class=\"yoast-schema-graph\">{\"@context\":\"https:\\\/\\\/schema.org\",\"@graph\":[{\"@type\":\"WebPage\",\"@id\":\"https:\\\/\\\/www.electoralcommission.ie\\\/ga\\\/cad-a-dheanaimid\\\/an-staidear-naisiunta-ar-chursai-toghchain-agus-daonlathais\\\/\",\"url\":\"https:\\\/\\\/www.electoralcommission.ie\\\/ga\\\/cad-a-dheanaimid\\\/an-staidear-naisiunta-ar-chursai-toghchain-agus-daonlathais\\\/\",\"name\":\"An Staid\u00e9ar N\u00e1isi\u00fanta ar Ch\u00farsa\u00ed Toghch\u00e1in agus Daonlathais - Coimisi\u00fan Toghch\u00e1in\",\"isPartOf\":{\"@id\":\"https:\\\/\\\/www.electoralcommission.ie\\\/ga\\\/#website\"},\"primaryImageOfPage\":{\"@id\":\"https:\\\/\\\/www.electoralcommission.ie\\\/ga\\\/cad-a-dheanaimid\\\/an-staidear-naisiunta-ar-chursai-toghchain-agus-daonlathais\\\/#primaryimage\"},\"image\":{\"@id\":\"https:\\\/\\\/www.electoralcommission.ie\\\/ga\\\/cad-a-dheanaimid\\\/an-staidear-naisiunta-ar-chursai-toghchain-agus-daonlathais\\\/#primaryimage\"},\"thumbnailUrl\":\"https:\\\/\\\/www.electoralcommission.ie\\\/app\\\/uploads\\\/2024\\\/01\\\/GC31YT-scaled-1.jpg\",\"datePublished\":\"2024-03-14T14:46:29+00:00\",\"dateModified\":\"2024-03-14T15:16:21+00:00\",\"breadcrumb\":{\"@id\":\"https:\\\/\\\/www.electoralcommission.ie\\\/ga\\\/cad-a-dheanaimid\\\/an-staidear-naisiunta-ar-chursai-toghchain-agus-daonlathais\\\/#breadcrumb\"},\"inLanguage\":\"ga-IE\",\"potentialAction\":[{\"@type\":\"ReadAction\",\"target\":[\"https:\\\/\\\/www.electoralcommission.ie\\\/ga\\\/cad-a-dheanaimid\\\/an-staidear-naisiunta-ar-chursai-toghchain-agus-daonlathais\\\/\"]}]},{\"@type\":\"ImageObject\",\"inLanguage\":\"ga-IE\",\"@id\":\"https:\\\/\\\/www.electoralcommission.ie\\\/ga\\\/cad-a-dheanaimid\\\/an-staidear-naisiunta-ar-chursai-toghchain-agus-daonlathais\\\/#primaryimage\",\"url\":\"https:\\\/\\\/www.electoralcommission.ie\\\/app\\\/uploads\\\/2024\\\/01\\\/GC31YT-scaled-1.jpg\",\"contentUrl\":\"https:\\\/\\\/www.electoralcommission.ie\\\/app\\\/uploads\\\/2024\\\/01\\\/GC31YT-scaled-1.jpg\",\"width\":2560,\"height\":1677,\"caption\":\"GC31YT Voters cast their ballots in the Lisbon Treaty referendum at Mucklagh National School in Co Offaly.\"},{\"@type\":\"BreadcrumbList\",\"@id\":\"https:\\\/\\\/www.electoralcommission.ie\\\/ga\\\/cad-a-dheanaimid\\\/an-staidear-naisiunta-ar-chursai-toghchain-agus-daonlathais\\\/#breadcrumb\",\"itemListElement\":[{\"@type\":\"ListItem\",\"position\":1,\"name\":\"Baile\",\"item\":\"https:\\\/\\\/www.electoralcommission.ie\\\/ga\\\/baile\\\/\"},{\"@type\":\"ListItem\",\"position\":2,\"name\":\"Cad a dh\u00e9anaimid\",\"item\":\"https:\\\/\\\/www.electoralcommission.ie\\\/ga\\\/cad-a-dheanaimid\\\/\"},{\"@type\":\"ListItem\",\"position\":3,\"name\":\"An Staid\u00e9ar N\u00e1isi\u00fanta ar Ch\u00farsa\u00ed Toghch\u00e1in agus Daonlathais\"}]},{\"@type\":\"WebSite\",\"@id\":\"https:\\\/\\\/www.electoralcommission.ie\\\/ga\\\/#website\",\"url\":\"https:\\\/\\\/www.electoralcommission.ie\\\/ga\\\/\",\"name\":\"Coimisi\u00fan Toghch\u00e1in\",\"description\":\"Ireland&#039;s Statutory, Independent Electoral Commission\",\"potentialAction\":[{\"@type\":\"SearchAction\",\"target\":{\"@type\":\"EntryPoint\",\"urlTemplate\":\"https:\\\/\\\/www.electoralcommission.ie\\\/ga\\\/?s={search_term_string}\"},\"query-input\":{\"@type\":\"PropertyValueSpecification\",\"valueRequired\":true,\"valueName\":\"search_term_string\"}}],\"inLanguage\":\"ga-IE\"}]}<\/script>\n<!-- \/ Yoast SEO plugin. -->","yoast_head_json":{"title":"An Staid\u00e9ar N\u00e1isi\u00fanta ar Ch\u00farsa\u00ed Toghch\u00e1in agus Daonlathais - Coimisi\u00fan Toghch\u00e1in","robots":{"index":"index","follow":"follow","max-snippet":"max-snippet:-1","max-image-preview":"max-image-preview:large","max-video-preview":"max-video-preview:-1"},"canonical":"https:\/\/www.electoralcommission.ie\/ga\/cad-a-dheanaimid\/an-staidear-naisiunta-ar-chursai-toghchain-agus-daonlathais\/","og_locale":"ga_IE","og_type":"article","og_title":"An Staid\u00e9ar N\u00e1isi\u00fanta ar Ch\u00farsa\u00ed Toghch\u00e1in agus Daonlathais - Coimisi\u00fan Toghch\u00e1in","og_description":"Tugtar sainord\u00fa suntasach taighde don Choimisi\u00fan san Acht um Athch\u00f3iri\u00fa Toghch\u00e1in, 2022 chun cl\u00e1ir taighde a ullmh\u00fa agus taighde a dh\u00e9anamh ar bheartas agus n\u00f3s imeachta toghch\u00e1in, ceisteanna a bhaineann le comhl\u00edonadh a dhualgas ina measc. Mar an ch\u00e9ad ch\u00e9im de sin, d\u2019fhoilsigh an Coimisi\u00fan Dr\u00e9achtchl\u00e1r Taighde le haghaidh comhairli\u00fach\u00e1n poibl\u00ed i m\u00ed na Samhna &hellip; Continued","og_url":"https:\/\/www.electoralcommission.ie\/ga\/cad-a-dheanaimid\/an-staidear-naisiunta-ar-chursai-toghchain-agus-daonlathais\/","og_site_name":"Coimisi\u00fan Toghch\u00e1in","article_modified_time":"2024-03-14T15:16:21+00:00","og_image":[{"width":2560,"height":1677,"url":"https:\/\/cdn.electoralcommission.ie\/app\/uploads\/2024\/01\/19161638\/GC31YT-scaled-1.jpg","type":"image\/jpeg"}],"twitter_card":"summary_large_image","twitter_misc":{"Est. reading time":"3 minutes"},"schema":{"@context":"https:\/\/schema.org","@graph":[{"@type":"WebPage","@id":"https:\/\/www.electoralcommission.ie\/ga\/cad-a-dheanaimid\/an-staidear-naisiunta-ar-chursai-toghchain-agus-daonlathais\/","url":"https:\/\/www.electoralcommission.ie\/ga\/cad-a-dheanaimid\/an-staidear-naisiunta-ar-chursai-toghchain-agus-daonlathais\/","name":"An Staid\u00e9ar N\u00e1isi\u00fanta ar Ch\u00farsa\u00ed Toghch\u00e1in agus Daonlathais - Coimisi\u00fan Toghch\u00e1in","isPartOf":{"@id":"https:\/\/www.electoralcommission.ie\/ga\/#website"},"primaryImageOfPage":{"@id":"https:\/\/www.electoralcommission.ie\/ga\/cad-a-dheanaimid\/an-staidear-naisiunta-ar-chursai-toghchain-agus-daonlathais\/#primaryimage"},"image":{"@id":"https:\/\/www.electoralcommission.ie\/ga\/cad-a-dheanaimid\/an-staidear-naisiunta-ar-chursai-toghchain-agus-daonlathais\/#primaryimage"},"thumbnailUrl":"https:\/\/www.electoralcommission.ie\/app\/uploads\/2024\/01\/GC31YT-scaled-1.jpg","datePublished":"2024-03-14T14:46:29+00:00","dateModified":"2024-03-14T15:16:21+00:00","breadcrumb":{"@id":"https:\/\/www.electoralcommission.ie\/ga\/cad-a-dheanaimid\/an-staidear-naisiunta-ar-chursai-toghchain-agus-daonlathais\/#breadcrumb"},"inLanguage":"ga-IE","potentialAction":[{"@type":"ReadAction","target":["https:\/\/www.electoralcommission.ie\/ga\/cad-a-dheanaimid\/an-staidear-naisiunta-ar-chursai-toghchain-agus-daonlathais\/"]}]},{"@type":"ImageObject","inLanguage":"ga-IE","@id":"https:\/\/www.electoralcommission.ie\/ga\/cad-a-dheanaimid\/an-staidear-naisiunta-ar-chursai-toghchain-agus-daonlathais\/#primaryimage","url":"https:\/\/www.electoralcommission.ie\/app\/uploads\/2024\/01\/GC31YT-scaled-1.jpg","contentUrl":"https:\/\/www.electoralcommission.ie\/app\/uploads\/2024\/01\/GC31YT-scaled-1.jpg","width":2560,"height":1677,"caption":"GC31YT Voters cast their ballots in the Lisbon Treaty referendum at Mucklagh National School in Co Offaly."},{"@type":"BreadcrumbList","@id":"https:\/\/www.electoralcommission.ie\/ga\/cad-a-dheanaimid\/an-staidear-naisiunta-ar-chursai-toghchain-agus-daonlathais\/#breadcrumb","itemListElement":[{"@type":"ListItem","position":1,"name":"Baile","item":"https:\/\/www.electoralcommission.ie\/ga\/baile\/"},{"@type":"ListItem","position":2,"name":"Cad a dh\u00e9anaimid","item":"https:\/\/www.electoralcommission.ie\/ga\/cad-a-dheanaimid\/"},{"@type":"ListItem","position":3,"name":"An Staid\u00e9ar N\u00e1isi\u00fanta ar Ch\u00farsa\u00ed Toghch\u00e1in agus Daonlathais"}]},{"@type":"WebSite","@id":"https:\/\/www.electoralcommission.ie\/ga\/#website","url":"https:\/\/www.electoralcommission.ie\/ga\/","name":"Coimisi\u00fan Toghch\u00e1in","description":"Ireland&#039;s Statutory, Independent Electoral Commission","potentialAction":[{"@type":"SearchAction","target":{"@type":"EntryPoint","urlTemplate":"https:\/\/www.electoralcommission.ie\/ga\/?s={search_term_string}"},"query-input":{"@type":"PropertyValueSpecification","valueRequired":true,"valueName":"search_term_string"}}],"inLanguage":"ga-IE"}]}},"uagb_featured_image_src":{"full":["https:\/\/www.electoralcommission.ie\/app\/uploads\/2024\/01\/GC31YT-scaled-1.jpg",2560,1677,false],"thumbnail":["https:\/\/www.electoralcommission.ie\/app\/uploads\/2024\/01\/GC31YT-scaled-1-355x210.jpg",355,210,true],"medium":["https:\/\/www.electoralcommission.ie\/app\/uploads\/2024\/01\/GC31YT-scaled-1-300x197.jpg",300,197,true],"medium_large":["https:\/\/www.electoralcommission.ie\/app\/uploads\/2024\/01\/GC31YT-scaled-1-768x503.jpg",768,503,true],"large":["https:\/\/www.electoralcommission.ie\/app\/uploads\/2024\/01\/GC31YT-scaled-1-1024x671.jpg",1024,671,true],"1536x1536":["https:\/\/www.electoralcommission.ie\/app\/uploads\/2024\/01\/GC31YT-scaled-1-1536x1006.jpg",1536,1006,true],"2048x2048":["https:\/\/www.electoralcommission.ie\/app\/uploads\/2024\/01\/GC31YT-scaled-1-2048x1342.jpg",2048,1342,true],"gform-image-choice-sm":["https:\/\/www.electoralcommission.ie\/app\/uploads\/2024\/01\/GC31YT-scaled-1.jpg",300,197,false],"gform-image-choice-md":["https:\/\/www.electoralcommission.ie\/app\/uploads\/2024\/01\/GC31YT-scaled-1.jpg",400,262,false],"gform-image-choice-lg":["https:\/\/www.electoralcommission.ie\/app\/uploads\/2024\/01\/GC31YT-scaled-1.jpg",600,393,false]},"uagb_author_info":{"display_name":"Annmarie Power","author_link":"https:\/\/www.electoralcommission.ie\/ga\/author\/annmarie-power\/"},"uagb_comment_info":0,"uagb_excerpt":"Tugtar sainord\u00fa suntasach taighde don Choimisi\u00fan san Acht um Athch\u00f3iri\u00fa Toghch\u00e1in, 2022 chun cl\u00e1ir taighde a ullmh\u00fa agus taighde a dh\u00e9anamh ar bheartas agus n\u00f3s imeachta toghch\u00e1in, ceisteanna a bhaineann le comhl\u00edonadh a dhualgas ina measc. Mar an ch\u00e9ad ch\u00e9im de sin, d\u2019fhoilsigh an Coimisi\u00fan Dr\u00e9achtchl\u00e1r Taighde le haghaidh comhairli\u00fach\u00e1n poibl\u00ed i m\u00ed na Samhna&hellip;","_links":{"self":[{"href":"https:\/\/www.electoralcommission.ie\/ga\/wp-json\/wp\/v2\/pages\/8569","targetHints":{"allow":["GET"]}}],"collection":[{"href":"https:\/\/www.electoralcommission.ie\/ga\/wp-json\/wp\/v2\/pages"}],"about":[{"href":"https:\/\/www.electoralcommission.ie\/ga\/wp-json\/wp\/v2\/types\/page"}],"author":[{"embeddable":true,"href":"https:\/\/www.electoralcommission.ie\/ga\/wp-json\/wp\/v2\/users\/20"}],"replies":[{"embeddable":true,"href":"https:\/\/www.electoralcommission.ie\/ga\/wp-json\/wp\/v2\/comments?post=8569"}],"version-history":[{"count":6,"href":"https:\/\/www.electoralcommission.ie\/ga\/wp-json\/wp\/v2\/pages\/8569\/revisions"}],"predecessor-version":[{"id":8585,"href":"https:\/\/www.electoralcommission.ie\/ga\/wp-json\/wp\/v2\/pages\/8569\/revisions\/8585"}],"up":[{"embeddable":true,"href":"https:\/\/www.electoralcommission.ie\/ga\/wp-json\/wp\/v2\/pages\/214"}],"wp:featuredmedia":[{"embeddable":true,"href":"https:\/\/www.electoralcommission.ie\/ga\/wp-json\/wp\/v2\/media\/6757"}],"wp:attachment":[{"href":"https:\/\/www.electoralcommission.ie\/ga\/wp-json\/wp\/v2\/media?parent=8569"}],"curies":[{"name":"wp","href":"https:\/\/api.w.org\/{rel}","templated":true}]}}