
{"id":9341,"date":"2024-04-05T12:27:05","date_gmt":"2024-04-05T11:27:05","guid":{"rendered":"https:\/\/www.electoralcommission.ie\/toghchan-mheara-luimnigh\/"},"modified":"2024-07-02T09:48:04","modified_gmt":"2024-07-02T08:48:04","slug":"toghchan-mheara-luimnigh","status":"publish","type":"page","link":"https:\/\/www.electoralcommission.ie\/ga\/toghchan-mheara-luimnigh\/","title":{"rendered":"Toghch\u00e1n m\u00e9arachta Luimnigh"},"content":{"rendered":"\n<p>Chaith muintir Luimnigh v\u00f3ta don ch\u00e9ad Mh\u00e9ara d\u00edrthofa riamh in \u00c9irinn ar an 7 Meitheamh 2024. \u00a0<\/p>\n\n\n\n<p>Tharla an toghch\u00e1n sin mar gheall ar thoradh pobalbhreithe in 2019 inar v\u00f3t\u00e1il muintir chathair agus chontae Luimnigh ar son togra le haghaidh M\u00e9ara d\u00edrthofa.<\/p>\n\n\n\n<p>T\u00e1 M\u00e9ara d\u00edrthofa Luimnigh ina r\u00f3l faoi leith in \u00c9irinn, mar gurb \u00e9 seo an ch\u00e9ad uair at\u00e1 cumhachta\u00ed feidhmi\u00fach\u00e1in a leagtar amach i reachta\u00edocht ag M\u00e9ara in \u00c9irinn.<\/p>\n\n\n\n<p>Beidh an M\u00e9ara in oifig ar feadh c\u00faig bliana, an timthriall toghch\u00e1nach c\u00e9anna leis na comhairleoir\u00ed \u00e1iti\u00fala.<\/p>\n\n\n\n<p>F\u00e9adfaidh an M\u00e9ara dh\u00e1 th\u00e9arma oifige ar a mh\u00e9ad a dh\u00e9anamh. F\u00e9adfaidh an d\u00e1 th\u00e9arma sin a bheith i ndiaidh a ch\u00e9ile n\u00f3 gan a bheith.<\/p>\n\n\n\n<p><a href=\"https:\/\/www.limerick.ie\/council\/services\/your-council\/your-mayor\/directly-elected-mayor-of-limerick\">T\u00e1 tuilleadh eolais faoin M\u00e9ara d\u00edrthofa, agus faoi chumhachta\u00ed agus feidhmeanna an Mh\u00e9ara ar f\u00e1il ar Limerick.ie.<\/a><\/p>\n\n\n\n<div style=\"height:28px\" aria-hidden=\"true\" class=\"wp-block-spacer\"><\/div>\n\n\n\n<div class=\"wp-block-uagb-advanced-heading uagb-block-1f4560fe\"><h2 class=\"uagb-heading-text\">Ullmh\u00fa chun v\u00f3ta a chaitheamh i dtoghch\u00e1n Mh\u00e9ara Luimnigh<\/h2><div class=\"uagb-separator\"><\/div><\/div>\n\n\n\n<p>Beidh ort seice\u00e1il ar dt\u00fas an bhfuil t\u00fa i <a href=\"https:\/\/www.electoralcommission.ie\/ga\/cailitheacht-votalai\/\"> dteideal v\u00f3ta a chaitheamh<\/a> sa toghch\u00e1n do Mh\u00e9ara Luimnigh.<\/p>\n\n\n\n<p>Nuair a chomhl\u00edonann t\u00fa na crit\u00e9ir inch\u00e1ilitheachta, is f\u00e9idir leat cl\u00e1r\u00fa le haghaidh v\u00f3t\u00e1la n\u00f3 do shonra\u00ed a thabhairt cothrom le d\u00e1ta ar <a href=\"http:\/\/www.checktheregister.ie\">www.checktheregister.ie<\/a>.<\/p>\n\n\n\n<p>Is \u00e9 an spriocdh\u00e1ta le haghaidh socruithe postv\u00f3t\u00e1la agus v\u00f3t\u00e1la speisialta an 11 Bealtaine 2024.<\/p>\n\n\n\n<p>Is \u00e9 an spriocdh\u00e1ta chun cl\u00e1r\u00fa n\u00f3 chun do shonra\u00ed a thabhairt cothrom le d\u00e1ta don ghn\u00e1thv\u00f3t\u00e1il D\u00e9 Luain, 20 Bealtaine 2024.<\/p>\n\n\n\n<p>D\u00e9an cinnte go gcl\u00e1ra\u00edonn t\u00fa chun v\u00f3ta a chaitheamh in am tr\u00e1tha.<\/p>\n\n\n\n<p>Seolfar c\u00e1rta faisn\u00e9ise v\u00f3ta\u00edochta chuig do sheoladh ar a mbeidh sonra\u00ed do st\u00e1isi\u00fain \u00e1iti\u00fail v\u00f3t\u00e1la. N\u00ed g\u00e1 duit do ch\u00e1rta faisn\u00e9ise v\u00f3ta\u00edochta a thabhairt leat nuair a th\u00e9ann t\u00fa chuig an st\u00e1isi\u00fan v\u00f3t\u00e1la chun v\u00f3ta a chaitheamh. Ba ch\u00f3ir duit, \u00e1fach, cine\u00e1l bail\u00ed aitheantais phearsanta a thabhairt leat, amhail pas, cead\u00fanas tiom\u00e1na, c\u00e1rta seirbh\u00eds\u00ed poibl\u00ed, n\u00f3 c\u00e1rta aitheantais fosta\u00ed n\u00f3 mic l\u00e9inn ar a bhfuil grianghraf. Glactar le cine\u00e1lacha eile aitheantais freisin, amhail c\u00e1rta creidmheasa n\u00f3 teastas breithe, fad is at\u00e1 doicim\u00e9ad eile agat ar a dhearbha\u00edtear do sheoladh sa d\u00e1ilcheantar. B\u2019fh\u00e9idir nach n-iarrfar cruth\u00fanas aitheantais ort, ach m\u00e1 iarrfar ort \u00e9, n\u00ed m\u00f3r duit \u00e9 a thaispe\u00e1int.<\/p>\n\n\n\n<div style=\"height:28px\" aria-hidden=\"true\" class=\"wp-block-spacer\"><\/div>\n\n\n\n<div class=\"wp-block-uagb-advanced-heading uagb-block-1c0f4337\"><h2 class=\"uagb-heading-text\"><strong>V\u00f3ta a chaitheamh i dtoghch\u00e1n Mh\u00e9ara Luimnigh<\/strong><\/h2><div class=\"uagb-separator\"><\/div><\/div>\n\n\n\n<p>Nuair a shroichfidh t\u00fa do st\u00e1isi\u00fan v\u00f3t\u00e1la ar l\u00e1 na v\u00f3t\u00e1la, iarrfar d\u2019ainm agus do sheoladh ort. Ba cheart duit do chruth\u00fanas aitheantais a bhreith leat chun \u00e9 a thaispe\u00e1int m\u00e1s g\u00e1.<\/p>\n\n\n\n<p>M\u00e1 t\u00e1 foireann an st\u00e1isi\u00fain v\u00f3t\u00e1la s\u00e1sta le d\u2019aitheantas, agus m\u00e1 t\u00e1 d\u2019ainm ar Chl\u00e1r na dToghth\u00f3ir\u00ed, cuirfidh an cl\u00e9ireach v\u00f3t\u00e1la stampa ar ph\u00e1ip\u00e9ar ball\u00f3ide agus tabharfaidh siad duit \u00e9.<\/p>\n\n\n\n<p>Tabhair do ph\u00e1ip\u00e9ar ball\u00f3ide anonn chuig an mboth\u00e1n v\u00f3t\u00e1la pr\u00edobh\u00e1ideach.<\/p>\n\n\n\n<p>F\u00e9adfaidh t\u00fa na hiarrth\u00f3ir\u00ed ar mhaith leat v\u00f3t\u00e1il ar a son a mharc\u00e1il in ord tosa\u00edochta (1, 2, 3 agus mar sin de) ar do ph\u00e1ip\u00e9ar ball\u00f3ide. Toisc go mbeidh v\u00f3ta le caitheamh i dtoghch\u00e1in \u00e9ags\u00fala ar an l\u00e1 c\u00e9anna, n\u00e1 d\u00e9an dearmad caitheamh le gach p\u00e1ip\u00e9ar ball\u00f3ide as f\u00e9in. D\u00e1 bhr\u00ed sin, beidh ort tos\u00fa ag \u20181\u2019 ar gach p\u00e1ip\u00e9ar ball\u00f3ide le haghaidh an iarrth\u00f3ra is fearr leat, agus lean\u00faint ort in ord do roghanna.<\/p>\n\n\n\n<div style=\"height:28px\" aria-hidden=\"true\" class=\"wp-block-spacer\"><\/div>\n\n\n\n<div style=\"height:28px\" aria-hidden=\"true\" class=\"wp-block-spacer\"><\/div>\n\n\n\n<div class=\"wp-block-uagb-advanced-heading uagb-block-95584e00\"><h2 class=\"uagb-heading-text\"><strong>C\u00e9 at\u00e1 in ann v\u00f3ta a chaitheamh i dtoghch\u00e1n Mh\u00e9ara Luimnigh?<\/strong><\/h2><div class=\"uagb-separator\"><\/div><\/div>\n\n\n\n<p>Chun v\u00f3ta a chaitheamh sa toghch\u00e1n le haghaidh Mh\u00e9ara Luimnigh, caithfidh t\u00fa:<\/p>\n\n\n\n<ul class=\"wp-block-list\">\n<li>A bheith 18 mbliana d\u2019aois n\u00f3 n\u00edos sine ar l\u00e1 na v\u00f3t\u00e1la<\/li>\n\n\n\n<li>Gn\u00e1th-ch\u00f3na\u00ed a bheith ort sa St\u00e1t; agus<\/li>\n\n\n\n<li>A bheith cl\u00e1raithe le v\u00f3ta a chaitheamh i dToghlimist\u00e9ir Chathair agus Chontae Luimnigh<\/li>\n<\/ul>\n\n\n\n<p>B\u00ed cinnte go bhfuil t\u00fa cl\u00e1raithe le v\u00f3ta a chaitheamh agus seice\u00e1il d\u2019inch\u00e1ilitheacht roimh an spriocdh\u00e1ta, an 20 Bealtaine 2024, tr\u00ed dhul go www.checktheregister.ie n\u00f3 tr\u00ed dhul i dteagmh\u00e1il le Comhairle Cathrach n\u00f3 Contae Luimnigh.<\/p>\n\n\n\n<div style=\"height:28px\" aria-hidden=\"true\" class=\"wp-block-spacer\"><\/div>\n\n\n\n<div class=\"wp-block-uagb-advanced-heading uagb-block-52efd95e\"><h2 class=\"uagb-heading-text\"><strong><strong>Eolas ilteangach faoi v\u00f3t\u00e1il<\/strong><\/strong><\/h2><div class=\"uagb-separator\"><\/div><\/div>\n\n\n\n<p>F\u00e9ach ar <strong><u><a href=\"https:\/\/www.electoralcommission.ie\/multilingual-voting-information\/\">eolas ilteangach<\/a><\/u><\/strong> faoi v\u00f3ta a chaitheamh i dtoghch\u00e1in in \u00c9irinn.<\/p>\n\n\n\n<div style=\"height:38px\" aria-hidden=\"true\" class=\"wp-block-spacer\"><\/div>\n\n\n\n<div class=\"wp-block-uagb-advanced-heading uagb-block-c9bcef38\"><h2 class=\"uagb-heading-text\"><strong>Liosta de na hiarrth\u00f3ir\u00ed at\u00e1 ag seasamh i dtoghch\u00e1n Mh\u00e9ara Luimnigh<\/strong><\/h2><div class=\"uagb-separator\"><\/div><\/div>\n\n\n\n<figure class=\"wp-block-table\"><table><tbody><tr><td colspan=\"2\"><strong>M\u00e9ara Luimnigh<\/strong><\/td><\/tr><tr><td colspan=\"2\">Su\u00edoch\u00e1in: 1<\/td><\/tr><tr><td colspan=\"2\">Iarrth\u00f3ir\u00ed: 15<\/td><\/tr><tr><td><strong>Ainm<\/strong><\/td><td><strong>P\u00e1irt\u00ed (m\u00e1s ann d\u00f3)<\/strong><\/td><\/tr><tr><td>Sarah Beasley&nbsp;<\/td><td>Aont\u00fa<\/td><\/tr><tr><td>Daniel Butler&nbsp;<\/td><td>Fine Gael&nbsp;<\/td><\/tr><tr><td>Frankie Daly&nbsp;<\/td><td>Non-Party<\/td><\/tr><tr><td>Ruair\u00ed&nbsp;Fahy&nbsp;<\/td><td>People Before Profit \u2013 Solidarity<\/td><\/tr><tr><td>Laura Keyes&nbsp;<\/td><td>&nbsp;<\/td><\/tr><tr><td>Brian Leddin&nbsp;<\/td><td>Green Party \/ Comhaontas Glas<\/td><\/tr><tr><td>John Moran&nbsp;<\/td><td>Non-Party&nbsp;<\/td><\/tr><tr><td>Caitr\u00edona N\u00ed Chath\u00e1in&nbsp;<\/td><td>&nbsp;<\/td><\/tr><tr><td>Helen O\u2019Donnell&nbsp;<\/td><td>Non-Party&nbsp;<\/td><\/tr><tr><td>Elisa O\u2019Donovan&nbsp;<\/td><td>Social Democrats&nbsp;<\/td><\/tr><tr><td>Colm \u00d3\u2019M\u00f3r\u00e1in&nbsp;<\/td><td>&nbsp;<\/td><\/tr><tr><td>Maurice Quinlivan&nbsp;<\/td><td>Sinn F\u00e9in&nbsp;<\/td><\/tr><tr><td>Dee Ryan&nbsp;<\/td><td>Fianna F\u00e1il&nbsp;<\/td><\/tr><tr><td>Conor Sheehan&nbsp;<\/td><td>The Labour Party<\/td><\/tr><tr><td>Gerben Uunk&nbsp;<\/td><td>Party for&nbsp;Animal Wel<\/td><\/tr><\/tbody><\/table><\/figure>\n","protected":false},"excerpt":{"rendered":"<p>Chaith muintir Luimnigh v\u00f3ta don ch\u00e9ad Mh\u00e9ara d\u00edrthofa riamh in \u00c9irinn ar an 7 Meitheamh 2024. \u00a0 Tharla an toghch\u00e1n sin mar gheall ar thoradh pobalbhreithe in 2019 inar v\u00f3t\u00e1il muintir chathair agus chontae Luimnigh ar son togra le haghaidh M\u00e9ara d\u00edrthofa. T\u00e1 M\u00e9ara d\u00edrthofa Luimnigh ina r\u00f3l faoi leith in \u00c9irinn, mar gurb \u00e9 &hellip; <a href=\"https:\/\/www.electoralcommission.ie\/ga\/toghchan-mheara-luimnigh\/\">Continued<\/a><\/p>\n","protected":false},"author":17,"featured_media":9146,"parent":0,"menu_order":0,"comment_status":"closed","ping_status":"closed","template":"","meta":{"_acf_changed":false,"_relevanssi_hide_post":"","_relevanssi_hide_content":"","_relevanssi_pin_for_all":"","_relevanssi_pin_keywords":"","_relevanssi_unpin_keywords":"","_relevanssi_related_keywords":"","_relevanssi_related_include_ids":"","_relevanssi_related_exclude_ids":"","_relevanssi_related_no_append":"","_relevanssi_related_not_related":"","_relevanssi_related_posts":"","_relevanssi_noindex_reason":"","_uag_custom_page_level_css":"","footnotes":""},"class_list":["post-9341","page","type-page","status-publish","has-post-thumbnail","hentry"],"acf":[],"yoast_head":"<!-- This site is optimized with the Yoast SEO plugin v27.4 - https:\/\/yoast.com\/product\/yoast-seo-wordpress\/ -->\n<title>Toghch\u00e1n m\u00e9arachta Luimnigh - Coimisi\u00fan Toghch\u00e1in<\/title>\n<meta name=\"robots\" content=\"index, follow, max-snippet:-1, max-image-preview:large, max-video-preview:-1\" \/>\n<link rel=\"canonical\" href=\"https:\/\/www.electoralcommission.ie\/ga\/toghchan-mheara-luimnigh\/\" \/>\n<meta property=\"og:locale\" content=\"ga_IE\" \/>\n<meta property=\"og:type\" content=\"article\" \/>\n<meta property=\"og:title\" content=\"Toghch\u00e1n m\u00e9arachta Luimnigh - Coimisi\u00fan Toghch\u00e1in\" \/>\n<meta property=\"og:description\" content=\"Chaith muintir Luimnigh v\u00f3ta don ch\u00e9ad Mh\u00e9ara d\u00edrthofa riamh in \u00c9irinn ar an 7 Meitheamh 2024. \u00a0 Tharla an toghch\u00e1n sin mar gheall ar thoradh pobalbhreithe in 2019 inar v\u00f3t\u00e1il muintir chathair agus chontae Luimnigh ar son togra le haghaidh M\u00e9ara d\u00edrthofa. T\u00e1 M\u00e9ara d\u00edrthofa Luimnigh ina r\u00f3l faoi leith in \u00c9irinn, mar gurb \u00e9 &hellip; Continued\" \/>\n<meta property=\"og:url\" content=\"https:\/\/www.electoralcommission.ie\/ga\/toghchan-mheara-luimnigh\/\" \/>\n<meta property=\"og:site_name\" content=\"Coimisi\u00fan Toghch\u00e1in\" \/>\n<meta property=\"article:modified_time\" content=\"2024-07-02T08:48:04+00:00\" \/>\n<meta property=\"og:image\" content=\"https:\/\/cdn.electoralcommission.ie\/app\/uploads\/2024\/04\/29153238\/An-Coimisiu%CC%81n-Toghcha%CC%81in-328-scaled.jpg\" \/>\n\t<meta property=\"og:image:width\" content=\"2560\" \/>\n\t<meta property=\"og:image:height\" content=\"1707\" \/>\n\t<meta property=\"og:image:type\" content=\"image\/jpeg\" \/>\n<meta name=\"twitter:card\" content=\"summary_large_image\" \/>\n<meta name=\"twitter:label1\" content=\"Est. reading time\" \/>\n\t<meta name=\"twitter:data1\" content=\"4 minutes\" \/>\n<script type=\"application\/ld+json\" class=\"yoast-schema-graph\">{\"@context\":\"https:\\\/\\\/schema.org\",\"@graph\":[{\"@type\":\"WebPage\",\"@id\":\"https:\\\/\\\/www.electoralcommission.ie\\\/ga\\\/toghchan-mheara-luimnigh\\\/\",\"url\":\"https:\\\/\\\/www.electoralcommission.ie\\\/ga\\\/toghchan-mheara-luimnigh\\\/\",\"name\":\"Toghch\u00e1n m\u00e9arachta Luimnigh - Coimisi\u00fan Toghch\u00e1in\",\"isPartOf\":{\"@id\":\"https:\\\/\\\/www.electoralcommission.ie\\\/ga\\\/#website\"},\"primaryImageOfPage\":{\"@id\":\"https:\\\/\\\/www.electoralcommission.ie\\\/ga\\\/toghchan-mheara-luimnigh\\\/#primaryimage\"},\"image\":{\"@id\":\"https:\\\/\\\/www.electoralcommission.ie\\\/ga\\\/toghchan-mheara-luimnigh\\\/#primaryimage\"},\"thumbnailUrl\":\"https:\\\/\\\/www.electoralcommission.ie\\\/app\\\/uploads\\\/2024\\\/04\\\/An-Coimisiu\u0301n-Toghcha\u0301in-328-scaled-e1714565247585.jpg\",\"datePublished\":\"2024-04-05T11:27:05+00:00\",\"dateModified\":\"2024-07-02T08:48:04+00:00\",\"breadcrumb\":{\"@id\":\"https:\\\/\\\/www.electoralcommission.ie\\\/ga\\\/toghchan-mheara-luimnigh\\\/#breadcrumb\"},\"inLanguage\":\"ga-IE\",\"potentialAction\":[{\"@type\":\"ReadAction\",\"target\":[\"https:\\\/\\\/www.electoralcommission.ie\\\/ga\\\/toghchan-mheara-luimnigh\\\/\"]}]},{\"@type\":\"ImageObject\",\"inLanguage\":\"ga-IE\",\"@id\":\"https:\\\/\\\/www.electoralcommission.ie\\\/ga\\\/toghchan-mheara-luimnigh\\\/#primaryimage\",\"url\":\"https:\\\/\\\/www.electoralcommission.ie\\\/app\\\/uploads\\\/2024\\\/04\\\/An-Coimisiu\u0301n-Toghcha\u0301in-328-scaled-e1714565247585.jpg\",\"contentUrl\":\"https:\\\/\\\/www.electoralcommission.ie\\\/app\\\/uploads\\\/2024\\\/04\\\/An-Coimisiu\u0301n-Toghcha\u0301in-328-scaled-e1714565247585.jpg\",\"width\":2560,\"height\":1707},{\"@type\":\"BreadcrumbList\",\"@id\":\"https:\\\/\\\/www.electoralcommission.ie\\\/ga\\\/toghchan-mheara-luimnigh\\\/#breadcrumb\",\"itemListElement\":[{\"@type\":\"ListItem\",\"position\":1,\"name\":\"Baile\",\"item\":\"https:\\\/\\\/www.electoralcommission.ie\\\/ga\\\/baile\\\/\"},{\"@type\":\"ListItem\",\"position\":2,\"name\":\"Toghch\u00e1n m\u00e9arachta Luimnigh\"}]},{\"@type\":\"WebSite\",\"@id\":\"https:\\\/\\\/www.electoralcommission.ie\\\/ga\\\/#website\",\"url\":\"https:\\\/\\\/www.electoralcommission.ie\\\/ga\\\/\",\"name\":\"Coimisi\u00fan Toghch\u00e1in\",\"description\":\"Ireland&#039;s Statutory, Independent Electoral Commission\",\"potentialAction\":[{\"@type\":\"SearchAction\",\"target\":{\"@type\":\"EntryPoint\",\"urlTemplate\":\"https:\\\/\\\/www.electoralcommission.ie\\\/ga\\\/?s={search_term_string}\"},\"query-input\":{\"@type\":\"PropertyValueSpecification\",\"valueRequired\":true,\"valueName\":\"search_term_string\"}}],\"inLanguage\":\"ga-IE\"}]}<\/script>\n<!-- \/ Yoast SEO plugin. -->","yoast_head_json":{"title":"Toghch\u00e1n m\u00e9arachta Luimnigh - Coimisi\u00fan Toghch\u00e1in","robots":{"index":"index","follow":"follow","max-snippet":"max-snippet:-1","max-image-preview":"max-image-preview:large","max-video-preview":"max-video-preview:-1"},"canonical":"https:\/\/www.electoralcommission.ie\/ga\/toghchan-mheara-luimnigh\/","og_locale":"ga_IE","og_type":"article","og_title":"Toghch\u00e1n m\u00e9arachta Luimnigh - Coimisi\u00fan Toghch\u00e1in","og_description":"Chaith muintir Luimnigh v\u00f3ta don ch\u00e9ad Mh\u00e9ara d\u00edrthofa riamh in \u00c9irinn ar an 7 Meitheamh 2024. \u00a0 Tharla an toghch\u00e1n sin mar gheall ar thoradh pobalbhreithe in 2019 inar v\u00f3t\u00e1il muintir chathair agus chontae Luimnigh ar son togra le haghaidh M\u00e9ara d\u00edrthofa. T\u00e1 M\u00e9ara d\u00edrthofa Luimnigh ina r\u00f3l faoi leith in \u00c9irinn, mar gurb \u00e9 &hellip; Continued","og_url":"https:\/\/www.electoralcommission.ie\/ga\/toghchan-mheara-luimnigh\/","og_site_name":"Coimisi\u00fan Toghch\u00e1in","article_modified_time":"2024-07-02T08:48:04+00:00","og_image":[{"width":2560,"height":1707,"url":"https:\/\/cdn.electoralcommission.ie\/app\/uploads\/2024\/04\/29153238\/An-Coimisiu%CC%81n-Toghcha%CC%81in-328-scaled.jpg","type":"image\/jpeg"}],"twitter_card":"summary_large_image","twitter_misc":{"Est. reading time":"4 minutes"},"schema":{"@context":"https:\/\/schema.org","@graph":[{"@type":"WebPage","@id":"https:\/\/www.electoralcommission.ie\/ga\/toghchan-mheara-luimnigh\/","url":"https:\/\/www.electoralcommission.ie\/ga\/toghchan-mheara-luimnigh\/","name":"Toghch\u00e1n m\u00e9arachta Luimnigh - Coimisi\u00fan Toghch\u00e1in","isPartOf":{"@id":"https:\/\/www.electoralcommission.ie\/ga\/#website"},"primaryImageOfPage":{"@id":"https:\/\/www.electoralcommission.ie\/ga\/toghchan-mheara-luimnigh\/#primaryimage"},"image":{"@id":"https:\/\/www.electoralcommission.ie\/ga\/toghchan-mheara-luimnigh\/#primaryimage"},"thumbnailUrl":"https:\/\/www.electoralcommission.ie\/app\/uploads\/2024\/04\/An-Coimisiu\u0301n-Toghcha\u0301in-328-scaled-e1714565247585.jpg","datePublished":"2024-04-05T11:27:05+00:00","dateModified":"2024-07-02T08:48:04+00:00","breadcrumb":{"@id":"https:\/\/www.electoralcommission.ie\/ga\/toghchan-mheara-luimnigh\/#breadcrumb"},"inLanguage":"ga-IE","potentialAction":[{"@type":"ReadAction","target":["https:\/\/www.electoralcommission.ie\/ga\/toghchan-mheara-luimnigh\/"]}]},{"@type":"ImageObject","inLanguage":"ga-IE","@id":"https:\/\/www.electoralcommission.ie\/ga\/toghchan-mheara-luimnigh\/#primaryimage","url":"https:\/\/www.electoralcommission.ie\/app\/uploads\/2024\/04\/An-Coimisiu\u0301n-Toghcha\u0301in-328-scaled-e1714565247585.jpg","contentUrl":"https:\/\/www.electoralcommission.ie\/app\/uploads\/2024\/04\/An-Coimisiu\u0301n-Toghcha\u0301in-328-scaled-e1714565247585.jpg","width":2560,"height":1707},{"@type":"BreadcrumbList","@id":"https:\/\/www.electoralcommission.ie\/ga\/toghchan-mheara-luimnigh\/#breadcrumb","itemListElement":[{"@type":"ListItem","position":1,"name":"Baile","item":"https:\/\/www.electoralcommission.ie\/ga\/baile\/"},{"@type":"ListItem","position":2,"name":"Toghch\u00e1n m\u00e9arachta Luimnigh"}]},{"@type":"WebSite","@id":"https:\/\/www.electoralcommission.ie\/ga\/#website","url":"https:\/\/www.electoralcommission.ie\/ga\/","name":"Coimisi\u00fan Toghch\u00e1in","description":"Ireland&#039;s Statutory, Independent Electoral Commission","potentialAction":[{"@type":"SearchAction","target":{"@type":"EntryPoint","urlTemplate":"https:\/\/www.electoralcommission.ie\/ga\/?s={search_term_string}"},"query-input":{"@type":"PropertyValueSpecification","valueRequired":true,"valueName":"search_term_string"}}],"inLanguage":"ga-IE"}]}},"uagb_featured_image_src":{"full":["https:\/\/www.electoralcommission.ie\/app\/uploads\/2024\/04\/An-Coimisiu\u0301n-Toghcha\u0301in-328-scaled-e1714565247585.jpg",2560,1707,false],"thumbnail":["https:\/\/www.electoralcommission.ie\/app\/uploads\/2024\/04\/An-Coimisiu\u0301n-Toghcha\u0301in-328-355x210.jpg",355,210,true],"medium":["https:\/\/www.electoralcommission.ie\/app\/uploads\/2024\/04\/An-Coimisiu\u0301n-Toghcha\u0301in-328-300x200.jpg",300,200,true],"medium_large":["https:\/\/www.electoralcommission.ie\/app\/uploads\/2024\/04\/An-Coimisiu\u0301n-Toghcha\u0301in-328-768x512.jpg",768,512,true],"large":["https:\/\/www.electoralcommission.ie\/app\/uploads\/2024\/04\/An-Coimisiu\u0301n-Toghcha\u0301in-328-1024x683.jpg",1024,683,true],"1536x1536":["https:\/\/www.electoralcommission.ie\/app\/uploads\/2024\/04\/An-Coimisiu\u0301n-Toghcha\u0301in-328-1536x1024.jpg",1536,1024,true],"2048x2048":["https:\/\/www.electoralcommission.ie\/app\/uploads\/2024\/04\/An-Coimisiu\u0301n-Toghcha\u0301in-328-2048x1365.jpg",2048,1365,true],"gform-image-choice-sm":["https:\/\/www.electoralcommission.ie\/app\/uploads\/2024\/04\/An-Coimisiu\u0301n-Toghcha\u0301in-328-scaled-e1714565247585.jpg",300,200,false],"gform-image-choice-md":["https:\/\/www.electoralcommission.ie\/app\/uploads\/2024\/04\/An-Coimisiu\u0301n-Toghcha\u0301in-328-scaled-e1714565247585.jpg",400,267,false],"gform-image-choice-lg":["https:\/\/www.electoralcommission.ie\/app\/uploads\/2024\/04\/An-Coimisiu\u0301n-Toghcha\u0301in-328-scaled-e1714565247585.jpg",600,400,false]},"uagb_author_info":{"display_name":"Felippe","author_link":"https:\/\/www.electoralcommission.ie\/ga\/author\/felippe\/"},"uagb_comment_info":0,"uagb_excerpt":"Chaith muintir Luimnigh v\u00f3ta don ch\u00e9ad Mh\u00e9ara d\u00edrthofa riamh in \u00c9irinn ar an 7 Meitheamh 2024. \u00a0 Tharla an toghch\u00e1n sin mar gheall ar thoradh pobalbhreithe in 2019 inar v\u00f3t\u00e1il muintir chathair agus chontae Luimnigh ar son togra le haghaidh M\u00e9ara d\u00edrthofa. T\u00e1 M\u00e9ara d\u00edrthofa Luimnigh ina r\u00f3l faoi leith in \u00c9irinn, mar gurb \u00e9&hellip;","_links":{"self":[{"href":"https:\/\/www.electoralcommission.ie\/ga\/wp-json\/wp\/v2\/pages\/9341","targetHints":{"allow":["GET"]}}],"collection":[{"href":"https:\/\/www.electoralcommission.ie\/ga\/wp-json\/wp\/v2\/pages"}],"about":[{"href":"https:\/\/www.electoralcommission.ie\/ga\/wp-json\/wp\/v2\/types\/page"}],"author":[{"embeddable":true,"href":"https:\/\/www.electoralcommission.ie\/ga\/wp-json\/wp\/v2\/users\/17"}],"replies":[{"embeddable":true,"href":"https:\/\/www.electoralcommission.ie\/ga\/wp-json\/wp\/v2\/comments?post=9341"}],"version-history":[{"count":11,"href":"https:\/\/www.electoralcommission.ie\/ga\/wp-json\/wp\/v2\/pages\/9341\/revisions"}],"predecessor-version":[{"id":10471,"href":"https:\/\/www.electoralcommission.ie\/ga\/wp-json\/wp\/v2\/pages\/9341\/revisions\/10471"}],"wp:featuredmedia":[{"embeddable":true,"href":"https:\/\/www.electoralcommission.ie\/ga\/wp-json\/wp\/v2\/media\/9146"}],"wp:attachment":[{"href":"https:\/\/www.electoralcommission.ie\/ga\/wp-json\/wp\/v2\/media?parent=9341"}],"curies":[{"name":"wp","href":"https:\/\/api.w.org\/{rel}","templated":true}]}}